{"id":6649,"date":"2015-03-05T16:15:37","date_gmt":"2015-03-05T15:15:37","guid":{"rendered":"https:\/\/www.strukturholding.de\/fr\/impressum\/"},"modified":"2024-03-20T15:32:47","modified_gmt":"2024-03-20T14:32:47","slug":"mentions-legales","status":"publish","type":"page","link":"https:\/\/www.strukturholding.de\/fr\/mentions-legales\/","title":{"rendered":"Mentions l\u00e9gales"},"content":{"rendered":"<h1>Mentions l\u00e9gales<\/h1>\n<h2>Fournisseur de services responsable selon \u00a7 5 TMG<\/h2>\n<p>SHS Strukturholding Saar GmbH<br \/>\nRue Balthasar Goldstein 31<br \/>\n66131 Sarrebruck<\/p>\n<p>T\u00e9l. : +49 6893 \/ 9899 600<\/p>\n<p>Courrier \u00e9lectronique : <a href=\"mailto:info@strukturholding.de\">info@strukturholding.de<\/a><\/p>\n<p>Internet : <a href=\"http:\/\/www.strukturholding.de\">www.strukturholding.de<\/a><\/p>\n<h2>G\u00e9rants autoris\u00e9s \u00e0 repr\u00e9senter la soci\u00e9t\u00e9 :<\/h2>\n<p>Rita Gindorf-Wagner<br \/>\nThomas Schuck<br \/>\nValentin Holzer<\/p>\n<h2>Registre du commerce :<\/h2>\n<p>Tribunal d&rsquo;enregistrement : Tribunal d&rsquo;instance de Sarrebruck<br \/>\nNum\u00e9ro d&rsquo;enregistrement : HRB 11194<\/p>\n<h2>Num\u00e9ro d&rsquo;identification de la taxe sur le chiffre d&rsquo;affaires conform\u00e9ment au \u00a7 27a de la loi sur la TVA :<\/h2>\n<p>DE 191937540<\/p>\n<h2>Responsable du contenu au sens du \u00a7 18 alin\u00e9a 2 MStV :<\/h2>\n<p>Dr. Jochen Wagner<br \/>\nBalthasar-Goldstein-Strasse 31<br \/>\n66131 Sarrebruck<\/p>\n<h2>Informations sur une assurance responsabilit\u00e9 civile professionnelle conform\u00e9ment au \u00a7 2 alin\u00e9a 1 n\u00b0 11 du DL-InfoV :<\/h2>\n<p>SAARLAND Versicherungen<br \/>\nMainzer Stra\u00dfe 32 &#8211; 34<br \/>\n66111 Sarrebruck<\/p>\n<p>T\u00e9l\u00e9phone : 0681 \/ 601333<br \/>\nT\u00e9l\u00e9copieur : 06 81 \/ 601450<\/p>\n<p>Courrier \u00e9lectronique : service@saarland-versicherungen.de<br \/>\nInternet : www.saarland-versicherungen.de<\/p>\n<p>Champ d&rsquo;application g\u00e9ographique :<\/p>\n<p>dans le monde entier<\/p>\n<p>&nbsp;<\/p>\n<p>Ces mentions l\u00e9gales ont \u00e9t\u00e9 r\u00e9dig\u00e9es individuellement pour ce site web par Frame for Business GmbH en coop\u00e9ration avec le cabinet d&rsquo;avocats Dr. Schulthei\u00df.<\/p>\n<hr \/>\n<p>&nbsp;<\/p>\n","protected":false},"excerpt":{"rendered":"<p>Mentions l\u00e9gales Fournisseur de services responsable selon \u00a7 5 TMG SHS Strukturholding Saar GmbH Rue<\/p>\n","protected":false},"author":2,"featured_media":0,"parent":0,"menu_order":0,"comment_status":"open","ping_status":"open","template":"","meta":{"_acf_changed":false,"footnotes":""},"class_list":["post-6649","page","type-page","status-publish","hentry"],"acf":[],"yoast_head":"<!-- This site is optimized with the Yoast SEO plugin v27.3 - https:\/\/yoast.com\/product\/yoast-seo-wordpress\/ -->\n<title>Mentions l\u00e9gales - SHS | Strukturholding Saar<\/title>\n<meta name=\"robots\" content=\"index, follow, max-snippet:-1, max-image-preview:large, max-video-preview:-1\" \/>\n<link rel=\"canonical\" href=\"https:\/\/www.strukturholding.de\/fr\/mentions-legales\/\" \/>\n<meta property=\"og:locale\" content=\"fr_FR\" \/>\n<meta property=\"og:type\" content=\"article\" \/>\n<meta property=\"og:title\" content=\"Mentions l\u00e9gales - SHS | Strukturholding Saar\" \/>\n<meta property=\"og:description\" content=\"Mentions l\u00e9gales Fournisseur de services responsable selon \u00a7 5 TMG SHS Strukturholding Saar GmbH Rue\" \/>\n<meta property=\"og:url\" content=\"https:\/\/www.strukturholding.de\/fr\/mentions-legales\/\" \/>\n<meta property=\"og:site_name\" content=\"SHS | Strukturholding Saar\" \/>\n<meta property=\"article:modified_time\" content=\"2024-03-20T14:32:47+00:00\" \/>\n<meta property=\"og:image\" content=\"https:\/\/www.strukturholding.de\/wp-content\/uploads\/2016\/10\/og_image_strukturholding.jpg\" \/>\n\t<meta property=\"og:image:width\" content=\"1200\" \/>\n\t<meta property=\"og:image:height\" content=\"630\" \/>\n\t<meta property=\"og:image:type\" content=\"image\/jpeg\" \/>\n<meta name=\"twitter:label1\" content=\"Dur\u00e9e de lecture estim\u00e9e\" \/>\n\t<meta name=\"twitter:data1\" content=\"1 minute\" \/>\n<script type=\"application\/ld+json\" class=\"yoast-schema-graph\">{\"@context\":\"https:\\\/\\\/schema.org\",\"@graph\":[{\"@type\":\"WebPage\",\"@id\":\"https:\\\/\\\/www.strukturholding.de\\\/fr\\\/mentions-legales\\\/\",\"url\":\"https:\\\/\\\/www.strukturholding.de\\\/fr\\\/mentions-legales\\\/\",\"name\":\"Mentions l\u00e9gales - SHS | Strukturholding Saar\",\"isPartOf\":{\"@id\":\"https:\\\/\\\/www.strukturholding.de\\\/#website\"},\"datePublished\":\"2015-03-05T15:15:37+00:00\",\"dateModified\":\"2024-03-20T14:32:47+00:00\",\"breadcrumb\":{\"@id\":\"https:\\\/\\\/www.strukturholding.de\\\/fr\\\/mentions-legales\\\/#breadcrumb\"},\"inLanguage\":\"fr-FR\",\"potentialAction\":[{\"@type\":\"ReadAction\",\"target\":[\"https:\\\/\\\/www.strukturholding.de\\\/fr\\\/mentions-legales\\\/\"]}]},{\"@type\":\"BreadcrumbList\",\"@id\":\"https:\\\/\\\/www.strukturholding.de\\\/fr\\\/mentions-legales\\\/#breadcrumb\",\"itemListElement\":[{\"@type\":\"ListItem\",\"position\":1,\"name\":\"Startseite\",\"item\":\"https:\\\/\\\/www.strukturholding.de\\\/fr\\\/\"},{\"@type\":\"ListItem\",\"position\":2,\"name\":\"Mentions l\u00e9gales\"}]},{\"@type\":\"WebSite\",\"@id\":\"https:\\\/\\\/www.strukturholding.de\\\/#website\",\"url\":\"https:\\\/\\\/www.strukturholding.de\\\/\",\"name\":\"SHS | Strukturholding Saar\",\"description\":\"\",\"potentialAction\":[{\"@type\":\"SearchAction\",\"target\":{\"@type\":\"EntryPoint\",\"urlTemplate\":\"https:\\\/\\\/www.strukturholding.de\\\/?s={search_term_string}\"},\"query-input\":{\"@type\":\"PropertyValueSpecification\",\"valueRequired\":true,\"valueName\":\"search_term_string\"}}],\"inLanguage\":\"fr-FR\"}]}<\/script>\n<!-- \/ Yoast SEO plugin. -->","yoast_head_json":{"title":"Mentions l\u00e9gales - SHS | Strukturholding Saar","robots":{"index":"index","follow":"follow","max-snippet":"max-snippet:-1","max-image-preview":"max-image-preview:large","max-video-preview":"max-video-preview:-1"},"canonical":"https:\/\/www.strukturholding.de\/fr\/mentions-legales\/","og_locale":"fr_FR","og_type":"article","og_title":"Mentions l\u00e9gales - SHS | Strukturholding Saar","og_description":"Mentions l\u00e9gales Fournisseur de services responsable selon \u00a7 5 TMG SHS Strukturholding Saar GmbH Rue","og_url":"https:\/\/www.strukturholding.de\/fr\/mentions-legales\/","og_site_name":"SHS | Strukturholding Saar","article_modified_time":"2024-03-20T14:32:47+00:00","og_image":[{"width":1200,"height":630,"url":"https:\/\/www.strukturholding.de\/wp-content\/uploads\/2016\/10\/og_image_strukturholding.jpg","type":"image\/jpeg"}],"twitter_misc":{"Dur\u00e9e de lecture estim\u00e9e":"1 minute"},"schema":{"@context":"https:\/\/schema.org","@graph":[{"@type":"WebPage","@id":"https:\/\/www.strukturholding.de\/fr\/mentions-legales\/","url":"https:\/\/www.strukturholding.de\/fr\/mentions-legales\/","name":"Mentions l\u00e9gales - SHS | Strukturholding Saar","isPartOf":{"@id":"https:\/\/www.strukturholding.de\/#website"},"datePublished":"2015-03-05T15:15:37+00:00","dateModified":"2024-03-20T14:32:47+00:00","breadcrumb":{"@id":"https:\/\/www.strukturholding.de\/fr\/mentions-legales\/#breadcrumb"},"inLanguage":"fr-FR","potentialAction":[{"@type":"ReadAction","target":["https:\/\/www.strukturholding.de\/fr\/mentions-legales\/"]}]},{"@type":"BreadcrumbList","@id":"https:\/\/www.strukturholding.de\/fr\/mentions-legales\/#breadcrumb","itemListElement":[{"@type":"ListItem","position":1,"name":"Startseite","item":"https:\/\/www.strukturholding.de\/fr\/"},{"@type":"ListItem","position":2,"name":"Mentions l\u00e9gales"}]},{"@type":"WebSite","@id":"https:\/\/www.strukturholding.de\/#website","url":"https:\/\/www.strukturholding.de\/","name":"SHS | Strukturholding Saar","description":"","potentialAction":[{"@type":"SearchAction","target":{"@type":"EntryPoint","urlTemplate":"https:\/\/www.strukturholding.de\/?s={search_term_string}"},"query-input":{"@type":"PropertyValueSpecification","valueRequired":true,"valueName":"search_term_string"}}],"inLanguage":"fr-FR"}]}},"_links":{"self":[{"href":"https:\/\/www.strukturholding.de\/fr\/wp-json\/wp\/v2\/pages\/6649","targetHints":{"allow":["GET"]}}],"collection":[{"href":"https:\/\/www.strukturholding.de\/fr\/wp-json\/wp\/v2\/pages"}],"about":[{"href":"https:\/\/www.strukturholding.de\/fr\/wp-json\/wp\/v2\/types\/page"}],"author":[{"embeddable":true,"href":"https:\/\/www.strukturholding.de\/fr\/wp-json\/wp\/v2\/users\/2"}],"replies":[{"embeddable":true,"href":"https:\/\/www.strukturholding.de\/fr\/wp-json\/wp\/v2\/comments?post=6649"}],"version-history":[{"count":2,"href":"https:\/\/www.strukturholding.de\/fr\/wp-json\/wp\/v2\/pages\/6649\/revisions"}],"predecessor-version":[{"id":23839,"href":"https:\/\/www.strukturholding.de\/fr\/wp-json\/wp\/v2\/pages\/6649\/revisions\/23839"}],"wp:attachment":[{"href":"https:\/\/www.strukturholding.de\/fr\/wp-json\/wp\/v2\/media?parent=6649"}],"curies":[{"name":"wp","href":"https:\/\/api.w.org\/{rel}","templated":true}]}}