{"id":6632,"date":"2015-07-08T09:41:25","date_gmt":"2015-07-08T07:41:25","guid":{"rendered":"https:\/\/www.strukturholding.de\/fr\/science-park-saar\/"},"modified":"2016-10-11T16:59:29","modified_gmt":"2016-10-11T14:59:29","slug":"science-park-saar","status":"publish","type":"page","link":"https:\/\/www.strukturholding.de\/fr\/reference\/science-park-saar\/","title":{"rendered":"Science Park Saar"},"content":{"rendered":"<h1>Le trait d&rsquo;union entre l&rsquo;\u00e9conomie et la science<\/h1>\n<p>Le Science Park Saar est un lieu o\u00f9 l&rsquo;on vit la coop\u00e9ration la plus \u00e9troite entre l&rsquo;\u00e9conomie et la science.\u00a0Il r\u00e9pond \u00e0 une grande demande des entreprises ax\u00e9es sur les technologies qui recherchent des surfaces et des infrastructures adapt\u00e9es. En tant que p\u00e9pini\u00e8re et centre d&rsquo;entreprises moderne, le Science Park Saar repr\u00e9sente une composante importante pour la promotion des cr\u00e9ations d&rsquo;entreprise et le transfert de technologie en Sarre.<\/p>\n<p>Implant\u00e9 \u00e0 proximit\u00e9 directe de l&rsquo;Universit\u00e9 de la Sarre, il se tient \u00e0 la disposition de jeunes entreprises \u00e9troitement li\u00e9es \u00e0 la recherche. Gr\u00e2ce \u00e0 une offre de locaux attractifs et de services complets de conseil, le Science Park est le cadre id\u00e9al pour la croissance des cr\u00e9ateurs d&rsquo;entreprise et des entreprises ax\u00e9es sur les technologies.\u00a0Et gr\u00e2ce \u00e0 son offre au sein du Coworking Saar Space au sein du b\u00e2timent\u00a01, il permet l&rsquo;entr\u00e9e sur le march\u00e9 du travail \u00e0 prix avantageux.<\/p>\n<p>L&rsquo;informatique, le multim\u00e9dia et les services informatiques et de t\u00e9l\u00e9communications d&rsquo;une part et la biotechnologie d&rsquo;autre part caract\u00e9risent le paysage des entreprises au sein du parc. Ce rassemblement de forces sous un seul toit ouvre aux locataires des opportunit\u00e9s de march\u00e9 suppl\u00e9mentaires gr\u00e2ce \u00e0 l&rsquo;\u00e9laboration d&rsquo;offres et de services orient\u00e9s clients.<\/p>\n<p>Le Science Park Saar fait partie de la strat\u00e9gie politique r\u00e9gionale du gouvernement sarrois. De nouveaux emplois dans des secteurs d&rsquo;avenir soutiennent le changement structurel. Et les conditions avantageuses au sein du parc encouragent l&rsquo;entrepreneuriat.<\/p>\n","protected":false},"excerpt":{"rendered":"<p>Le trait d&rsquo;union entre l&rsquo;\u00e9conomie et la science Le Science Park Saar est un lieu<\/p>\n","protected":false},"author":2,"featured_media":0,"parent":6659,"menu_order":5,"comment_status":"closed","ping_status":"closed","template":"","meta":{"_acf_changed":false,"footnotes":""},"class_list":["post-6632","page","type-page","status-publish","hentry"],"acf":[],"yoast_head":"<!-- This site is optimized with the Yoast SEO plugin v27.5 - https:\/\/yoast.com\/product\/yoast-seo-wordpress\/ -->\n<title>Science Park Saar - SHS | Strukturholding Saar<\/title>\n<meta name=\"robots\" content=\"index, follow, max-snippet:-1, max-image-preview:large, max-video-preview:-1\" \/>\n<link rel=\"canonical\" href=\"https:\/\/www.strukturholding.de\/fr\/reference\/science-park-saar\/\" \/>\n<meta property=\"og:locale\" content=\"fr_FR\" \/>\n<meta property=\"og:type\" content=\"article\" \/>\n<meta property=\"og:title\" content=\"Science Park Saar - SHS | Strukturholding Saar\" \/>\n<meta property=\"og:description\" content=\"Le trait d&rsquo;union entre l&rsquo;\u00e9conomie et la science Le Science Park Saar est un lieu\" \/>\n<meta property=\"og:url\" content=\"https:\/\/www.strukturholding.de\/fr\/reference\/science-park-saar\/\" \/>\n<meta property=\"og:site_name\" content=\"SHS | Strukturholding Saar\" \/>\n<meta property=\"article:modified_time\" content=\"2016-10-11T14:59:29+00:00\" \/>\n<meta property=\"og:image\" content=\"https:\/\/www.strukturholding.de\/wp-content\/uploads\/2016\/10\/og_image_strukturholding.jpg\" \/>\n\t<meta property=\"og:image:width\" content=\"1200\" \/>\n\t<meta property=\"og:image:height\" content=\"630\" \/>\n\t<meta property=\"og:image:type\" content=\"image\/jpeg\" \/>\n<meta name=\"twitter:label1\" content=\"Dur\u00e9e de lecture estim\u00e9e\" \/>\n\t<meta name=\"twitter:data1\" content=\"1 minute\" \/>\n<script type=\"application\/ld+json\" class=\"yoast-schema-graph\">{\"@context\":\"https:\\\/\\\/schema.org\",\"@graph\":[{\"@type\":\"WebPage\",\"@id\":\"https:\\\/\\\/www.strukturholding.de\\\/fr\\\/reference\\\/science-park-saar\\\/\",\"url\":\"https:\\\/\\\/www.strukturholding.de\\\/fr\\\/reference\\\/science-park-saar\\\/\",\"name\":\"Science Park Saar - SHS | Strukturholding Saar\",\"isPartOf\":{\"@id\":\"https:\\\/\\\/www.strukturholding.de\\\/#website\"},\"datePublished\":\"2015-07-08T07:41:25+00:00\",\"dateModified\":\"2016-10-11T14:59:29+00:00\",\"breadcrumb\":{\"@id\":\"https:\\\/\\\/www.strukturholding.de\\\/fr\\\/reference\\\/science-park-saar\\\/#breadcrumb\"},\"inLanguage\":\"fr-FR\",\"potentialAction\":[{\"@type\":\"ReadAction\",\"target\":[\"https:\\\/\\\/www.strukturholding.de\\\/fr\\\/reference\\\/science-park-saar\\\/\"]}]},{\"@type\":\"BreadcrumbList\",\"@id\":\"https:\\\/\\\/www.strukturholding.de\\\/fr\\\/reference\\\/science-park-saar\\\/#breadcrumb\",\"itemListElement\":[{\"@type\":\"ListItem\",\"position\":1,\"name\":\"Startseite\",\"item\":\"https:\\\/\\\/www.strukturholding.de\\\/fr\\\/\"},{\"@type\":\"ListItem\",\"position\":2,\"name\":\"R\u00e9f\u00e9rence\",\"item\":\"https:\\\/\\\/www.strukturholding.de\\\/fr\\\/reference\\\/\"},{\"@type\":\"ListItem\",\"position\":3,\"name\":\"Science Park Saar\"}]},{\"@type\":\"WebSite\",\"@id\":\"https:\\\/\\\/www.strukturholding.de\\\/#website\",\"url\":\"https:\\\/\\\/www.strukturholding.de\\\/\",\"name\":\"SHS | Strukturholding Saar\",\"description\":\"\",\"potentialAction\":[{\"@type\":\"SearchAction\",\"target\":{\"@type\":\"EntryPoint\",\"urlTemplate\":\"https:\\\/\\\/www.strukturholding.de\\\/?s={search_term_string}\"},\"query-input\":{\"@type\":\"PropertyValueSpecification\",\"valueRequired\":true,\"valueName\":\"search_term_string\"}}],\"inLanguage\":\"fr-FR\"}]}<\/script>\n<!-- \/ Yoast SEO plugin. -->","yoast_head_json":{"title":"Science Park Saar - SHS | Strukturholding Saar","robots":{"index":"index","follow":"follow","max-snippet":"max-snippet:-1","max-image-preview":"max-image-preview:large","max-video-preview":"max-video-preview:-1"},"canonical":"https:\/\/www.strukturholding.de\/fr\/reference\/science-park-saar\/","og_locale":"fr_FR","og_type":"article","og_title":"Science Park Saar - SHS | Strukturholding Saar","og_description":"Le trait d&rsquo;union entre l&rsquo;\u00e9conomie et la science Le Science Park Saar est un lieu","og_url":"https:\/\/www.strukturholding.de\/fr\/reference\/science-park-saar\/","og_site_name":"SHS | Strukturholding Saar","article_modified_time":"2016-10-11T14:59:29+00:00","og_image":[{"width":1200,"height":630,"url":"https:\/\/www.strukturholding.de\/wp-content\/uploads\/2016\/10\/og_image_strukturholding.jpg","type":"image\/jpeg"}],"twitter_misc":{"Dur\u00e9e de lecture estim\u00e9e":"1 minute"},"schema":{"@context":"https:\/\/schema.org","@graph":[{"@type":"WebPage","@id":"https:\/\/www.strukturholding.de\/fr\/reference\/science-park-saar\/","url":"https:\/\/www.strukturholding.de\/fr\/reference\/science-park-saar\/","name":"Science Park Saar - SHS | Strukturholding Saar","isPartOf":{"@id":"https:\/\/www.strukturholding.de\/#website"},"datePublished":"2015-07-08T07:41:25+00:00","dateModified":"2016-10-11T14:59:29+00:00","breadcrumb":{"@id":"https:\/\/www.strukturholding.de\/fr\/reference\/science-park-saar\/#breadcrumb"},"inLanguage":"fr-FR","potentialAction":[{"@type":"ReadAction","target":["https:\/\/www.strukturholding.de\/fr\/reference\/science-park-saar\/"]}]},{"@type":"BreadcrumbList","@id":"https:\/\/www.strukturholding.de\/fr\/reference\/science-park-saar\/#breadcrumb","itemListElement":[{"@type":"ListItem","position":1,"name":"Startseite","item":"https:\/\/www.strukturholding.de\/fr\/"},{"@type":"ListItem","position":2,"name":"R\u00e9f\u00e9rence","item":"https:\/\/www.strukturholding.de\/fr\/reference\/"},{"@type":"ListItem","position":3,"name":"Science Park Saar"}]},{"@type":"WebSite","@id":"https:\/\/www.strukturholding.de\/#website","url":"https:\/\/www.strukturholding.de\/","name":"SHS | Strukturholding Saar","description":"","potentialAction":[{"@type":"SearchAction","target":{"@type":"EntryPoint","urlTemplate":"https:\/\/www.strukturholding.de\/?s={search_term_string}"},"query-input":{"@type":"PropertyValueSpecification","valueRequired":true,"valueName":"search_term_string"}}],"inLanguage":"fr-FR"}]}},"_links":{"self":[{"href":"https:\/\/www.strukturholding.de\/fr\/wp-json\/wp\/v2\/pages\/6632","targetHints":{"allow":["GET"]}}],"collection":[{"href":"https:\/\/www.strukturholding.de\/fr\/wp-json\/wp\/v2\/pages"}],"about":[{"href":"https:\/\/www.strukturholding.de\/fr\/wp-json\/wp\/v2\/types\/page"}],"author":[{"embeddable":true,"href":"https:\/\/www.strukturholding.de\/fr\/wp-json\/wp\/v2\/users\/2"}],"replies":[{"embeddable":true,"href":"https:\/\/www.strukturholding.de\/fr\/wp-json\/wp\/v2\/comments?post=6632"}],"version-history":[{"count":0,"href":"https:\/\/www.strukturholding.de\/fr\/wp-json\/wp\/v2\/pages\/6632\/revisions"}],"up":[{"embeddable":true,"href":"https:\/\/www.strukturholding.de\/fr\/wp-json\/wp\/v2\/pages\/6659"}],"wp:attachment":[{"href":"https:\/\/www.strukturholding.de\/fr\/wp-json\/wp\/v2\/media?parent=6632"}],"curies":[{"name":"wp","href":"https:\/\/api.w.org\/{rel}","templated":true}]}}