{"id":6626,"date":"2015-07-07T16:13:34","date_gmt":"2015-07-07T14:13:34","guid":{"rendered":"https:\/\/www.strukturholding.de\/fr\/ford-industrial-supplier-park\/"},"modified":"2016-08-24T16:18:12","modified_gmt":"2016-08-24T14:18:12","slug":"ford-industrial-supplier-park","status":"publish","type":"page","link":"https:\/\/www.strukturholding.de\/fr\/reference\/ford-industrial-supplier-park\/","title":{"rendered":"Ford Industrial Supplier Park"},"content":{"rendered":"<h1>Ford Industrial Supplier Park<\/h1>\n<p>Le Ford Industrial Supplier Park \u00e0 Saarlouis est le premier projet industriel de son temps enti\u00e8rement construit par une entreprise immobili\u00e8re et lou\u00e9 aux sous-traitants qui y sont implant\u00e9s. Un exemple d&rsquo;exception de promotion \u00e9conomique innovante en Sarre. La construction du parc de sous-traitants \u00e0 proximit\u00e9 directe de l&rsquo;usine Ford de Saarlouis, le plus grand employeur en Sarre, r\u00e9pond \u00e0 la pr\u00e9occupation principale du constructeur automobile qui souhaitait r\u00e9duire les co\u00fbts de production par la logistique optimale du secteur de la sous-traitance.<\/p>\n<p>La conception, la construction et l&rsquo;exploitation du parc de sous-traitants ont \u00e9t\u00e9 r\u00e9alis\u00e9es par la SBB Saarland Bau und Boden Projektgesellschaft en concertation avec les responsables Ford. Un investissement de 100\u00a0millions d&rsquo;euros a \u00e9t\u00e9 r\u00e9alis\u00e9 en trois phases de construction.<\/p>\n<p>Sous-traitants, entreprises de logistiques et prestataires de services se sont install\u00e9s sur une surface d&rsquo;environ 100\u00a0000\u00a0m\u00b2 afin de livrer leurs produits \u00ab\u00a0just in time \u2013 just in sequence\u00a0\u00bb au sein du processus de production de Ford.<\/p>\n<p>Le c\u0153ur du parc industriel\u00a0: le syst\u00e8me de transport sous la forme d&rsquo;un convoyeur \u00e9lectrique suspendu (bande de convoyage). Il transporte enti\u00e8rement automatiquement les composants fabriqu\u00e9s par les sous-traitants vers les lignes de production de l&rsquo;usine Ford.<\/p>\n<p>En tout, 11\u00a0entreprises sont implant\u00e9es au sein du parc de sous-traitants et emploient environ 1\u00a0800 personnes. En outre, d&rsquo;autres sous-traitants automobiles se sont install\u00e9s dans le parc voisin industriel voisin \u00e0 Saarwellingen.<\/p>\n","protected":false},"excerpt":{"rendered":"<p>Ford Industrial Supplier Park Le Ford Industrial Supplier Park \u00e0 Saarlouis est le premier projet<\/p>\n","protected":false},"author":2,"featured_media":0,"parent":6659,"menu_order":4,"comment_status":"closed","ping_status":"open","template":"","meta":{"_acf_changed":false,"footnotes":""},"class_list":["post-6626","page","type-page","status-publish","hentry"],"acf":[],"yoast_head":"<!-- This site is optimized with the Yoast SEO plugin v27.5 - https:\/\/yoast.com\/product\/yoast-seo-wordpress\/ -->\n<title>Ford Industrial Supplier Park - SHS | Strukturholding Saar<\/title>\n<meta name=\"robots\" content=\"index, follow, max-snippet:-1, max-image-preview:large, max-video-preview:-1\" \/>\n<link rel=\"canonical\" href=\"https:\/\/www.strukturholding.de\/fr\/reference\/ford-industrial-supplier-park\/\" \/>\n<meta property=\"og:locale\" content=\"fr_FR\" \/>\n<meta property=\"og:type\" content=\"article\" \/>\n<meta property=\"og:title\" content=\"Ford Industrial Supplier Park - SHS | Strukturholding Saar\" \/>\n<meta property=\"og:description\" content=\"Ford Industrial Supplier Park Le Ford Industrial Supplier Park \u00e0 Saarlouis est le premier projet\" \/>\n<meta property=\"og:url\" content=\"https:\/\/www.strukturholding.de\/fr\/reference\/ford-industrial-supplier-park\/\" \/>\n<meta property=\"og:site_name\" content=\"SHS | Strukturholding Saar\" \/>\n<meta property=\"article:modified_time\" content=\"2016-08-24T14:18:12+00:00\" \/>\n<meta property=\"og:image\" content=\"https:\/\/www.strukturholding.de\/wp-content\/uploads\/2016\/10\/og_image_strukturholding.jpg\" \/>\n\t<meta property=\"og:image:width\" content=\"1200\" \/>\n\t<meta property=\"og:image:height\" content=\"630\" \/>\n\t<meta property=\"og:image:type\" content=\"image\/jpeg\" \/>\n<meta name=\"twitter:label1\" content=\"Dur\u00e9e de lecture estim\u00e9e\" \/>\n\t<meta name=\"twitter:data1\" content=\"1 minute\" \/>\n<script type=\"application\/ld+json\" class=\"yoast-schema-graph\">{\"@context\":\"https:\\\/\\\/schema.org\",\"@graph\":[{\"@type\":\"WebPage\",\"@id\":\"https:\\\/\\\/www.strukturholding.de\\\/fr\\\/reference\\\/ford-industrial-supplier-park\\\/\",\"url\":\"https:\\\/\\\/www.strukturholding.de\\\/fr\\\/reference\\\/ford-industrial-supplier-park\\\/\",\"name\":\"Ford Industrial Supplier Park - SHS | Strukturholding Saar\",\"isPartOf\":{\"@id\":\"https:\\\/\\\/www.strukturholding.de\\\/#website\"},\"datePublished\":\"2015-07-07T14:13:34+00:00\",\"dateModified\":\"2016-08-24T14:18:12+00:00\",\"breadcrumb\":{\"@id\":\"https:\\\/\\\/www.strukturholding.de\\\/fr\\\/reference\\\/ford-industrial-supplier-park\\\/#breadcrumb\"},\"inLanguage\":\"fr-FR\",\"potentialAction\":[{\"@type\":\"ReadAction\",\"target\":[\"https:\\\/\\\/www.strukturholding.de\\\/fr\\\/reference\\\/ford-industrial-supplier-park\\\/\"]}]},{\"@type\":\"BreadcrumbList\",\"@id\":\"https:\\\/\\\/www.strukturholding.de\\\/fr\\\/reference\\\/ford-industrial-supplier-park\\\/#breadcrumb\",\"itemListElement\":[{\"@type\":\"ListItem\",\"position\":1,\"name\":\"Startseite\",\"item\":\"https:\\\/\\\/www.strukturholding.de\\\/fr\\\/\"},{\"@type\":\"ListItem\",\"position\":2,\"name\":\"R\u00e9f\u00e9rence\",\"item\":\"https:\\\/\\\/www.strukturholding.de\\\/fr\\\/reference\\\/\"},{\"@type\":\"ListItem\",\"position\":3,\"name\":\"Ford Industrial Supplier Park\"}]},{\"@type\":\"WebSite\",\"@id\":\"https:\\\/\\\/www.strukturholding.de\\\/#website\",\"url\":\"https:\\\/\\\/www.strukturholding.de\\\/\",\"name\":\"SHS | Strukturholding Saar\",\"description\":\"\",\"potentialAction\":[{\"@type\":\"SearchAction\",\"target\":{\"@type\":\"EntryPoint\",\"urlTemplate\":\"https:\\\/\\\/www.strukturholding.de\\\/?s={search_term_string}\"},\"query-input\":{\"@type\":\"PropertyValueSpecification\",\"valueRequired\":true,\"valueName\":\"search_term_string\"}}],\"inLanguage\":\"fr-FR\"}]}<\/script>\n<!-- \/ Yoast SEO plugin. -->","yoast_head_json":{"title":"Ford Industrial Supplier Park - SHS | Strukturholding Saar","robots":{"index":"index","follow":"follow","max-snippet":"max-snippet:-1","max-image-preview":"max-image-preview:large","max-video-preview":"max-video-preview:-1"},"canonical":"https:\/\/www.strukturholding.de\/fr\/reference\/ford-industrial-supplier-park\/","og_locale":"fr_FR","og_type":"article","og_title":"Ford Industrial Supplier Park - SHS | Strukturholding Saar","og_description":"Ford Industrial Supplier Park Le Ford Industrial Supplier Park \u00e0 Saarlouis est le premier projet","og_url":"https:\/\/www.strukturholding.de\/fr\/reference\/ford-industrial-supplier-park\/","og_site_name":"SHS | Strukturholding Saar","article_modified_time":"2016-08-24T14:18:12+00:00","og_image":[{"width":1200,"height":630,"url":"https:\/\/www.strukturholding.de\/wp-content\/uploads\/2016\/10\/og_image_strukturholding.jpg","type":"image\/jpeg"}],"twitter_misc":{"Dur\u00e9e de lecture estim\u00e9e":"1 minute"},"schema":{"@context":"https:\/\/schema.org","@graph":[{"@type":"WebPage","@id":"https:\/\/www.strukturholding.de\/fr\/reference\/ford-industrial-supplier-park\/","url":"https:\/\/www.strukturholding.de\/fr\/reference\/ford-industrial-supplier-park\/","name":"Ford Industrial Supplier Park - SHS | Strukturholding Saar","isPartOf":{"@id":"https:\/\/www.strukturholding.de\/#website"},"datePublished":"2015-07-07T14:13:34+00:00","dateModified":"2016-08-24T14:18:12+00:00","breadcrumb":{"@id":"https:\/\/www.strukturholding.de\/fr\/reference\/ford-industrial-supplier-park\/#breadcrumb"},"inLanguage":"fr-FR","potentialAction":[{"@type":"ReadAction","target":["https:\/\/www.strukturholding.de\/fr\/reference\/ford-industrial-supplier-park\/"]}]},{"@type":"BreadcrumbList","@id":"https:\/\/www.strukturholding.de\/fr\/reference\/ford-industrial-supplier-park\/#breadcrumb","itemListElement":[{"@type":"ListItem","position":1,"name":"Startseite","item":"https:\/\/www.strukturholding.de\/fr\/"},{"@type":"ListItem","position":2,"name":"R\u00e9f\u00e9rence","item":"https:\/\/www.strukturholding.de\/fr\/reference\/"},{"@type":"ListItem","position":3,"name":"Ford Industrial Supplier Park"}]},{"@type":"WebSite","@id":"https:\/\/www.strukturholding.de\/#website","url":"https:\/\/www.strukturholding.de\/","name":"SHS | Strukturholding Saar","description":"","potentialAction":[{"@type":"SearchAction","target":{"@type":"EntryPoint","urlTemplate":"https:\/\/www.strukturholding.de\/?s={search_term_string}"},"query-input":{"@type":"PropertyValueSpecification","valueRequired":true,"valueName":"search_term_string"}}],"inLanguage":"fr-FR"}]}},"_links":{"self":[{"href":"https:\/\/www.strukturholding.de\/fr\/wp-json\/wp\/v2\/pages\/6626","targetHints":{"allow":["GET"]}}],"collection":[{"href":"https:\/\/www.strukturholding.de\/fr\/wp-json\/wp\/v2\/pages"}],"about":[{"href":"https:\/\/www.strukturholding.de\/fr\/wp-json\/wp\/v2\/types\/page"}],"author":[{"embeddable":true,"href":"https:\/\/www.strukturholding.de\/fr\/wp-json\/wp\/v2\/users\/2"}],"replies":[{"embeddable":true,"href":"https:\/\/www.strukturholding.de\/fr\/wp-json\/wp\/v2\/comments?post=6626"}],"version-history":[{"count":0,"href":"https:\/\/www.strukturholding.de\/fr\/wp-json\/wp\/v2\/pages\/6626\/revisions"}],"up":[{"embeddable":true,"href":"https:\/\/www.strukturholding.de\/fr\/wp-json\/wp\/v2\/pages\/6659"}],"wp:attachment":[{"href":"https:\/\/www.strukturholding.de\/fr\/wp-json\/wp\/v2\/media?parent=6626"}],"curies":[{"name":"wp","href":"https:\/\/api.w.org\/{rel}","templated":true}]}}