{"id":6623,"date":"2015-03-06T15:32:54","date_gmt":"2015-03-06T14:32:54","guid":{"rendered":"https:\/\/www.strukturholding.de\/fr\/ferienpark-bostalsee\/"},"modified":"2018-11-22T15:08:57","modified_gmt":"2018-11-22T14:08:57","slug":"parc-de-vacances-bostalsee","status":"publish","type":"page","link":"https:\/\/www.strukturholding.de\/fr\/parc-de-vacances-bostalsee\/","title":{"rendered":"Parc de vacances Bostalsee"},"content":{"rendered":"<h1>Parc de vacances Bostalsee<\/h1>\n<p>C&rsquo;est au c\u0153ur de la Grande R\u00e9gion SaarLorLux et donc au c\u0153ur de l&rsquo;Europe que se trouve le parc de vacances Bostalsee. Trois ma\u00eetres d&rsquo;ouvrage ont r\u00e9alis\u00e9 ce grand projet\u00a0: la SHS Strukturholding Saar GmbH, la soci\u00e9t\u00e9 de projet Bostalsee mbH &amp; Co. KG (3 soci\u00e9taires\u00a0: la commune de Nohfelden \u00e0 hauteur de 50\u00a0%, l&rsquo;arrondissement de St. Wendel \u00e0 hauteur de 30\u00a0% et la filiale de la SHS, la LEG Saar, \u00e0 hauteur de 20\u00a0%) et la EFB Entwicklungsgesellschaft Ferienhauspark Bostalsee mbH (communaut\u00e9 d&rsquo;int\u00e9r\u00eats d&rsquo;investisseurs priv\u00e9s). Au total, 130\u00a0millions d&rsquo;euros ont \u00e9t\u00e9 investis en seulement 2\u00a0ans.<\/p>\n<p>La SHS, en tant que chef de projet, ma\u00eetre d&rsquo;ouvrage et propri\u00e9taire, a \u00e9rig\u00e9 l&rsquo;unit\u00e9 principale sur une surface de 15\u00a0000\u00a0m\u00b2 avec piscine subtropicale, \u00e9quipements de loisirs, restaurants et boutiques. Elle est accessible aux personnes ne s\u00e9journant pas au parc. Le \u00ab\u00a0Market-Dome\u00a0\u00bb et son caf\u00e9, son restaurant et un petit supermarch\u00e9, a \u00e9t\u00e9 con\u00e7u sp\u00e9cialement pour les familles et les enfants. Dans la zone principale, des jeux et des loisirs vari\u00e9s sont propos\u00e9s. Le parc aquatique \u00ab\u00a0Aqua Mundo\u00a0\u00bb et son paradis subtropical attire les visiteurs toute l&rsquo;ann\u00e9e et par tout temps. Con\u00e7u pour toute la famille, il est assez vaste pour r\u00e9jouir jusqu&rsquo;\u00e0 un millier de visiteurs.<\/p>\n<p>La soci\u00e9t\u00e9 de projet Bostalsee \u00e9tait responsable des terrains et de leur viabilisation ainsi que de l&rsquo;am\u00e9nagement paysager. Ce dernier comprenait \u00e9galement les infrastructures telles que la plage, les places de stationnement et l&rsquo;environnement des maisons. Quant \u00e0 la EFB, elle a construit et commercialis\u00e9 500 maisonnettes de vacances. Leur vente record prouve une chose\u00a0: <strong>la Sarre attire. On aime venir ici en vacances.<\/strong><\/p>\n<p>Pour le tourisme, le site du parc de vacances est exceptionnel\u00a0: il touche 43\u00a0millions de personnes dans un rayon de 3\u00a0heures de route. Le parc dispose ainsi de la plus importante zone d&rsquo;attraction de tous les Center Parks. Celui-ci enregistre 900\u00a0000\u00a0nuit\u00e9es par an, soit au total pr\u00e8s de 1,4\u00a0million depuis 2013. Le Center Parc Bostalsee fait d\u00e9sormais partie de la r\u00e9gion et les vacanciers profitent des offres de loisirs de la r\u00e9gion, ce qui profite ainsi \u00e0 l&rsquo;\u00e9conomie locale. Les infrastructures des villages autour du lac se renforcent\u00a0: boutiques, caf\u00e9s, supermarch\u00e9s et stations essence voient le jour. Le parc de vacances est devenu un v\u00e9ritable un moteur pour l&#8217;emploi dans la r\u00e9gion. Plus de 300\u00a0emplois ont \u00e9t\u00e9 cr\u00e9\u00e9s\u00a0: le parc de parc de vacances est devenu un v\u00e9ritable un moteur pour l&#8217;emploi dans la r\u00e9gion. Gr\u00e2ce \u00e0 ce projet phare pour toute la r\u00e9gion, la Sarre devenue une destination encore plus touristique.<\/p>\n<p>Avec 120\u00a0ha, le Bostalsee est la plus grande \u00e9tendue d&rsquo;eau de loisirs du sud-ouest de l&rsquo;Allemagne. Il se trouve dans l&rsquo;arrondissement de St. Wendel, au nord de la Sarre, sur la commune de Nohfelden dans le parc naturel Saar-Hunsr\u00fcck.<\/p>\n<p>&nbsp;<\/p>\n<hr \/>\n<h2>Faits concernant la construction du parc de vacances<\/h2>\n<ul>\n<li>Au total 500\u00a0maisons de vacances dans 6\u00a0villages<\/li>\n<li>D\u00e9but de la construction : mai 2011<\/li>\n<li>Ach\u00e8vement\u00a0: juin 2013<\/li>\n<li>Investissement de 130\u00a0millions au total<\/li>\n<li>115\u00a0entreprises sur le chantier dont 50 de Sarre<\/li>\n<\/ul>\n<p><strong>Unit\u00e9 principale\u00a0:<\/strong><\/p>\n<ul>\n<li>Surface du Market Dome\u00a0: 11\u00a0600 m\u00b2<\/li>\n<li>Surface de l&rsquo;Aqua Mundo\u00a0: 3\u00a0850 m\u00b2<\/li>\n<\/ul>\n<p><strong>Sur environ 95\u00a0ha\u00a0:<\/strong><\/p>\n<ul>\n<li>env. 5,8 km de routes<\/li>\n<li>3 parcs de stationnement sur env. 46\u00a0000 m\u00b2, avec 1\u00a0300 places<\/li>\n<li>env. 2,1 km de sentiers p\u00e9destres et de pistes cyclables<\/li>\n<li>7,5 km de conduites d&rsquo;eau<\/li>\n<li>3 transformateurs<\/li>\n<li>env. 40 km de c\u00e2bles pos\u00e9s<\/li>\n<li>env. 5,2 km de canalisations pour les eaux us\u00e9es<\/li>\n<li>env. 7,3 km de canalisations pour les eaux pluviales<\/li>\n<li>3 bassins de clarification des eaux pluviales<\/li>\n<li>plus de 200\u00a0000\u00a0m\u00b3 de terre d\u00e9plac\u00e9e pour le terrassement<\/li>\n<li>100\u00a0000\u00a0m\u00b3 de terre d\u00e9blay\u00e9e pour l&rsquo;unit\u00e9 principale<\/li>\n<li>10\u00a0000 arbres et 60\u00a0000 buissons plant\u00e9s<\/li>\n<\/ul>\n<p>&nbsp;<\/p>\n","protected":false},"excerpt":{"rendered":"<p>Parc de vacances Bostalsee C&rsquo;est au c\u0153ur de la Grande R\u00e9gion SaarLorLux et donc au<\/p>\n","protected":false},"author":2,"featured_media":0,"parent":0,"menu_order":3,"comment_status":"open","ping_status":"open","template":"","meta":{"_acf_changed":false,"footnotes":""},"class_list":["post-6623","page","type-page","status-publish","hentry"],"acf":[],"yoast_head":"<!-- This site is optimized with the Yoast SEO plugin v27.5 - https:\/\/yoast.com\/product\/yoast-seo-wordpress\/ -->\n<title>Parc de vacances Bostalsee - SHS | Strukturholding Saar<\/title>\n<meta name=\"robots\" content=\"index, follow, max-snippet:-1, max-image-preview:large, max-video-preview:-1\" \/>\n<link rel=\"canonical\" href=\"https:\/\/www.strukturholding.de\/fr\/reference\/parc-de-vacances-bostalsee\/\" \/>\n<meta property=\"og:locale\" content=\"fr_FR\" \/>\n<meta property=\"og:type\" content=\"article\" \/>\n<meta property=\"og:title\" content=\"Parc de vacances Bostalsee - SHS | Strukturholding Saar\" \/>\n<meta property=\"og:description\" content=\"Parc de vacances Bostalsee C&rsquo;est au c\u0153ur de la Grande R\u00e9gion SaarLorLux et donc au\" \/>\n<meta property=\"og:url\" content=\"https:\/\/www.strukturholding.de\/fr\/reference\/parc-de-vacances-bostalsee\/\" \/>\n<meta property=\"og:site_name\" content=\"SHS | Strukturholding Saar\" \/>\n<meta property=\"article:modified_time\" content=\"2018-11-22T14:08:57+00:00\" \/>\n<meta property=\"og:image\" content=\"https:\/\/www.strukturholding.de\/wp-content\/uploads\/2016\/10\/og_image_strukturholding.jpg\" \/>\n\t<meta property=\"og:image:width\" content=\"1200\" \/>\n\t<meta property=\"og:image:height\" content=\"630\" \/>\n\t<meta property=\"og:image:type\" content=\"image\/jpeg\" \/>\n<meta name=\"twitter:label1\" content=\"Dur\u00e9e de lecture estim\u00e9e\" \/>\n\t<meta name=\"twitter:data1\" content=\"3 minutes\" \/>\n<script type=\"application\/ld+json\" class=\"yoast-schema-graph\">{\"@context\":\"https:\\\/\\\/schema.org\",\"@graph\":[{\"@type\":\"WebPage\",\"@id\":\"https:\\\/\\\/www.strukturholding.de\\\/fr\\\/reference\\\/parc-de-vacances-bostalsee\\\/\",\"url\":\"https:\\\/\\\/www.strukturholding.de\\\/fr\\\/reference\\\/parc-de-vacances-bostalsee\\\/\",\"name\":\"Parc de vacances Bostalsee - SHS | Strukturholding Saar\",\"isPartOf\":{\"@id\":\"https:\\\/\\\/www.strukturholding.de\\\/#website\"},\"datePublished\":\"2015-03-06T14:32:54+00:00\",\"dateModified\":\"2018-11-22T14:08:57+00:00\",\"breadcrumb\":{\"@id\":\"https:\\\/\\\/www.strukturholding.de\\\/fr\\\/reference\\\/parc-de-vacances-bostalsee\\\/#breadcrumb\"},\"inLanguage\":\"fr-FR\",\"potentialAction\":[{\"@type\":\"ReadAction\",\"target\":[\"https:\\\/\\\/www.strukturholding.de\\\/fr\\\/reference\\\/parc-de-vacances-bostalsee\\\/\"]}]},{\"@type\":\"BreadcrumbList\",\"@id\":\"https:\\\/\\\/www.strukturholding.de\\\/fr\\\/reference\\\/parc-de-vacances-bostalsee\\\/#breadcrumb\",\"itemListElement\":[{\"@type\":\"ListItem\",\"position\":1,\"name\":\"Startseite\",\"item\":\"https:\\\/\\\/www.strukturholding.de\\\/fr\\\/\"},{\"@type\":\"ListItem\",\"position\":2,\"name\":\"R\u00e9f\u00e9rence\",\"item\":\"https:\\\/\\\/www.strukturholding.de\\\/fr\\\/reference\\\/\"},{\"@type\":\"ListItem\",\"position\":3,\"name\":\"Parc de vacances Bostalsee\"}]},{\"@type\":\"WebSite\",\"@id\":\"https:\\\/\\\/www.strukturholding.de\\\/#website\",\"url\":\"https:\\\/\\\/www.strukturholding.de\\\/\",\"name\":\"SHS | Strukturholding Saar\",\"description\":\"\",\"potentialAction\":[{\"@type\":\"SearchAction\",\"target\":{\"@type\":\"EntryPoint\",\"urlTemplate\":\"https:\\\/\\\/www.strukturholding.de\\\/?s={search_term_string}\"},\"query-input\":{\"@type\":\"PropertyValueSpecification\",\"valueRequired\":true,\"valueName\":\"search_term_string\"}}],\"inLanguage\":\"fr-FR\"}]}<\/script>\n<!-- \/ Yoast SEO plugin. -->","yoast_head_json":{"title":"Parc de vacances Bostalsee - SHS | Strukturholding Saar","robots":{"index":"index","follow":"follow","max-snippet":"max-snippet:-1","max-image-preview":"max-image-preview:large","max-video-preview":"max-video-preview:-1"},"canonical":"https:\/\/www.strukturholding.de\/fr\/reference\/parc-de-vacances-bostalsee\/","og_locale":"fr_FR","og_type":"article","og_title":"Parc de vacances Bostalsee - SHS | Strukturholding Saar","og_description":"Parc de vacances Bostalsee C&rsquo;est au c\u0153ur de la Grande R\u00e9gion SaarLorLux et donc au","og_url":"https:\/\/www.strukturholding.de\/fr\/reference\/parc-de-vacances-bostalsee\/","og_site_name":"SHS | Strukturholding Saar","article_modified_time":"2018-11-22T14:08:57+00:00","og_image":[{"width":1200,"height":630,"url":"https:\/\/www.strukturholding.de\/wp-content\/uploads\/2016\/10\/og_image_strukturholding.jpg","type":"image\/jpeg"}],"twitter_misc":{"Dur\u00e9e de lecture estim\u00e9e":"3 minutes"},"schema":{"@context":"https:\/\/schema.org","@graph":[{"@type":"WebPage","@id":"https:\/\/www.strukturholding.de\/fr\/reference\/parc-de-vacances-bostalsee\/","url":"https:\/\/www.strukturholding.de\/fr\/reference\/parc-de-vacances-bostalsee\/","name":"Parc de vacances Bostalsee - SHS | Strukturholding Saar","isPartOf":{"@id":"https:\/\/www.strukturholding.de\/#website"},"datePublished":"2015-03-06T14:32:54+00:00","dateModified":"2018-11-22T14:08:57+00:00","breadcrumb":{"@id":"https:\/\/www.strukturholding.de\/fr\/reference\/parc-de-vacances-bostalsee\/#breadcrumb"},"inLanguage":"fr-FR","potentialAction":[{"@type":"ReadAction","target":["https:\/\/www.strukturholding.de\/fr\/reference\/parc-de-vacances-bostalsee\/"]}]},{"@type":"BreadcrumbList","@id":"https:\/\/www.strukturholding.de\/fr\/reference\/parc-de-vacances-bostalsee\/#breadcrumb","itemListElement":[{"@type":"ListItem","position":1,"name":"Startseite","item":"https:\/\/www.strukturholding.de\/fr\/"},{"@type":"ListItem","position":2,"name":"R\u00e9f\u00e9rence","item":"https:\/\/www.strukturholding.de\/fr\/reference\/"},{"@type":"ListItem","position":3,"name":"Parc de vacances Bostalsee"}]},{"@type":"WebSite","@id":"https:\/\/www.strukturholding.de\/#website","url":"https:\/\/www.strukturholding.de\/","name":"SHS | Strukturholding Saar","description":"","potentialAction":[{"@type":"SearchAction","target":{"@type":"EntryPoint","urlTemplate":"https:\/\/www.strukturholding.de\/?s={search_term_string}"},"query-input":{"@type":"PropertyValueSpecification","valueRequired":true,"valueName":"search_term_string"}}],"inLanguage":"fr-FR"}]}},"_links":{"self":[{"href":"https:\/\/www.strukturholding.de\/fr\/wp-json\/wp\/v2\/pages\/6623","targetHints":{"allow":["GET"]}}],"collection":[{"href":"https:\/\/www.strukturholding.de\/fr\/wp-json\/wp\/v2\/pages"}],"about":[{"href":"https:\/\/www.strukturholding.de\/fr\/wp-json\/wp\/v2\/types\/page"}],"author":[{"embeddable":true,"href":"https:\/\/www.strukturholding.de\/fr\/wp-json\/wp\/v2\/users\/2"}],"replies":[{"embeddable":true,"href":"https:\/\/www.strukturholding.de\/fr\/wp-json\/wp\/v2\/comments?post=6623"}],"version-history":[{"count":0,"href":"https:\/\/www.strukturholding.de\/fr\/wp-json\/wp\/v2\/pages\/6623\/revisions"}],"wp:attachment":[{"href":"https:\/\/www.strukturholding.de\/fr\/wp-json\/wp\/v2\/media?parent=6623"}],"curies":[{"name":"wp","href":"https:\/\/api.w.org\/{rel}","templated":true}]}}