{"id":6620,"date":"2015-03-06T15:32:43","date_gmt":"2015-03-06T14:32:43","guid":{"rendered":"https:\/\/www.strukturholding.de\/fr\/masterplan-saarland\/"},"modified":"2020-05-26T10:26:53","modified_gmt":"2020-05-26T08:26:53","slug":"masterplan-saarland","status":"publish","type":"page","link":"https:\/\/www.strukturholding.de\/fr\/reference\/masterplan-saarland\/","title":{"rendered":"Masterplan Saarland"},"content":{"rendered":"<h1>Surfaces industrielles de premier choix sur un site industriel de premier choix<\/h1>\n<ul>\n<li>ZI Lisdorfer Berg, Saarlouis I Surfaces de 6\u00a0000\u00a0m\u00b2 \u00e0 28\u00a0ha<\/li>\n<li>ZI Am Schaumberg, Tholey\/Theley I Surfaces de 5\u00a0000\u00a0m\u00b2 \u00e0 12 ha<\/li>\n<li>ZI Am Zunderbaum, Homburg\/Kirkel I Surfaces de 2\u00a0000 m\u00b2 \u00e0 8 ha<\/li>\n<li>ZI Holz, Niederlosheim I, surfaces de 2\u00a0000 m\u00b2 \u00e0 6 ha<\/li>\n<\/ul>\n<hr \/>\n<h2>Qu&rsquo;est-ce que le Plan directeur des surfaces industrielles en Sarre\u00a0?<\/h2>\n<p>La r\u00e9ussite d&rsquo;une entreprise est d\u00e9termin\u00e9e par le choix du bon site. A cette fin, le Plan directeur des surfaces industrielles en Sarre, subventionn\u00e9 par l&rsquo;UE, garantit une offre exceptionnelle\u00a0: au total, quatre zones industrielles de taille \u00e9gale \u00e0 257 terrains de football, sont viabilis\u00e9es et commercialis\u00e9es par la gwSaar, la soci\u00e9t\u00e9 sarroise de promotion \u00e9conomique, pour le compte du gouvernement sarrois. A cet \u00e9gard, les crit\u00e8res de choix des zones \u00e0 viabiliser d\u00e9finis par la soci\u00e9t\u00e9 \u00e9taient entre autres la position, la bonne connexion en termes de transports, la compatibilit\u00e9 \u00e9cologique et la possibilit\u00e9 de r\u00e9aliser de vastes terrains. Une grande partie de la surface est d\u00e9j\u00e0 viabilis\u00e9e et int\u00e9ressante aussi bien pour les entreprises industrielles que logistiques.<\/p>\n<p>Des surfaces aussi vastes sont rares en Sarre, ce qui pousse d&rsquo;autant plus \u00e0 g\u00e9rer ces ressources de fa\u00e7on optimale afin de permettre \u00e0 la Sarre d&rsquo;en tirer le meilleur parti. Notamment\u00a0: de nouveaux emplois s\u00fbrs.<\/p>\n<h2>Des zones industrielles modernes<\/h2>\n<p>Les aires du Plan directeur, situ\u00e9es directement \u00e0 la fronti\u00e8re avec nos voisins europ\u00e9ens, la France et le Luxembourg, se trouvent \u00e0 proximit\u00e9 des sites de production ax\u00e9s sur les ressources et les services les plus modernes qui fabriquent des produits innovants au moyen des techniques d&rsquo;\u00e9quipement et des proc\u00e9d\u00e9s les plus r\u00e9cents.<\/p>\n<p>C&rsquo;est l\u00e0 le r\u00e9sultat de changements consid\u00e9rables dus au profond bouleversement qu&rsquo;a subi l&rsquo;utilisation de nouvelles surfaces industrielles en Sarre au cours de ces derni\u00e8res ann\u00e9es. Ces changements vont de pair avec de nombreuses questions et probl\u00e8mes et nous discutons volontiers intens\u00e9ment au cas par cas avec tous les habitants int\u00e9ress\u00e9s \u00e0 ce propos. Car ce n&rsquo;est qu&rsquo;en abordant tout pr\u00e9alablement que nous pouvons trouver les meilleures solutions.<\/p>\n","protected":false},"excerpt":{"rendered":"<p>Surfaces industrielles de premier choix sur un site industriel de premier choix ZI Lisdorfer Berg,<\/p>\n","protected":false},"author":2,"featured_media":0,"parent":6659,"menu_order":2,"comment_status":"open","ping_status":"open","template":"","meta":{"_acf_changed":false,"footnotes":""},"class_list":["post-6620","page","type-page","status-publish","hentry"],"acf":[],"yoast_head":"<!-- This site is optimized with the Yoast SEO plugin v27.4 - https:\/\/yoast.com\/product\/yoast-seo-wordpress\/ -->\n<title>Masterplan Saarland - SHS | Strukturholding Saar<\/title>\n<meta name=\"robots\" content=\"index, follow, max-snippet:-1, max-image-preview:large, max-video-preview:-1\" \/>\n<link rel=\"canonical\" href=\"https:\/\/www.strukturholding.de\/fr\/reference\/masterplan-saarland\/\" \/>\n<meta property=\"og:locale\" content=\"fr_FR\" \/>\n<meta property=\"og:type\" content=\"article\" \/>\n<meta property=\"og:title\" content=\"Masterplan Saarland - SHS | Strukturholding Saar\" \/>\n<meta property=\"og:description\" content=\"Surfaces industrielles de premier choix sur un site industriel de premier choix ZI Lisdorfer Berg,\" \/>\n<meta property=\"og:url\" content=\"https:\/\/www.strukturholding.de\/fr\/reference\/masterplan-saarland\/\" \/>\n<meta property=\"og:site_name\" content=\"SHS | Strukturholding Saar\" \/>\n<meta property=\"article:modified_time\" content=\"2020-05-26T08:26:53+00:00\" \/>\n<meta property=\"og:image\" content=\"https:\/\/www.strukturholding.de\/wp-content\/uploads\/2016\/10\/og_image_strukturholding.jpg\" \/>\n\t<meta property=\"og:image:width\" content=\"1200\" \/>\n\t<meta property=\"og:image:height\" content=\"630\" \/>\n\t<meta property=\"og:image:type\" content=\"image\/jpeg\" \/>\n<meta name=\"twitter:label1\" content=\"Dur\u00e9e de lecture estim\u00e9e\" \/>\n\t<meta name=\"twitter:data1\" content=\"2 minutes\" \/>\n<script type=\"application\/ld+json\" class=\"yoast-schema-graph\">{\"@context\":\"https:\\\/\\\/schema.org\",\"@graph\":[{\"@type\":\"WebPage\",\"@id\":\"https:\\\/\\\/www.strukturholding.de\\\/fr\\\/reference\\\/masterplan-saarland\\\/\",\"url\":\"https:\\\/\\\/www.strukturholding.de\\\/fr\\\/reference\\\/masterplan-saarland\\\/\",\"name\":\"Masterplan Saarland - SHS | Strukturholding Saar\",\"isPartOf\":{\"@id\":\"https:\\\/\\\/www.strukturholding.de\\\/#website\"},\"datePublished\":\"2015-03-06T14:32:43+00:00\",\"dateModified\":\"2020-05-26T08:26:53+00:00\",\"breadcrumb\":{\"@id\":\"https:\\\/\\\/www.strukturholding.de\\\/fr\\\/reference\\\/masterplan-saarland\\\/#breadcrumb\"},\"inLanguage\":\"fr-FR\",\"potentialAction\":[{\"@type\":\"ReadAction\",\"target\":[\"https:\\\/\\\/www.strukturholding.de\\\/fr\\\/reference\\\/masterplan-saarland\\\/\"]}]},{\"@type\":\"BreadcrumbList\",\"@id\":\"https:\\\/\\\/www.strukturholding.de\\\/fr\\\/reference\\\/masterplan-saarland\\\/#breadcrumb\",\"itemListElement\":[{\"@type\":\"ListItem\",\"position\":1,\"name\":\"Startseite\",\"item\":\"https:\\\/\\\/www.strukturholding.de\\\/fr\\\/\"},{\"@type\":\"ListItem\",\"position\":2,\"name\":\"R\u00e9f\u00e9rence\",\"item\":\"https:\\\/\\\/www.strukturholding.de\\\/fr\\\/reference\\\/\"},{\"@type\":\"ListItem\",\"position\":3,\"name\":\"Masterplan Saarland\"}]},{\"@type\":\"WebSite\",\"@id\":\"https:\\\/\\\/www.strukturholding.de\\\/#website\",\"url\":\"https:\\\/\\\/www.strukturholding.de\\\/\",\"name\":\"SHS | Strukturholding Saar\",\"description\":\"\",\"potentialAction\":[{\"@type\":\"SearchAction\",\"target\":{\"@type\":\"EntryPoint\",\"urlTemplate\":\"https:\\\/\\\/www.strukturholding.de\\\/?s={search_term_string}\"},\"query-input\":{\"@type\":\"PropertyValueSpecification\",\"valueRequired\":true,\"valueName\":\"search_term_string\"}}],\"inLanguage\":\"fr-FR\"}]}<\/script>\n<!-- \/ Yoast SEO plugin. -->","yoast_head_json":{"title":"Masterplan Saarland - SHS | Strukturholding Saar","robots":{"index":"index","follow":"follow","max-snippet":"max-snippet:-1","max-image-preview":"max-image-preview:large","max-video-preview":"max-video-preview:-1"},"canonical":"https:\/\/www.strukturholding.de\/fr\/reference\/masterplan-saarland\/","og_locale":"fr_FR","og_type":"article","og_title":"Masterplan Saarland - SHS | Strukturholding Saar","og_description":"Surfaces industrielles de premier choix sur un site industriel de premier choix ZI Lisdorfer Berg,","og_url":"https:\/\/www.strukturholding.de\/fr\/reference\/masterplan-saarland\/","og_site_name":"SHS | Strukturholding Saar","article_modified_time":"2020-05-26T08:26:53+00:00","og_image":[{"width":1200,"height":630,"url":"https:\/\/www.strukturholding.de\/wp-content\/uploads\/2016\/10\/og_image_strukturholding.jpg","type":"image\/jpeg"}],"twitter_misc":{"Dur\u00e9e de lecture estim\u00e9e":"2 minutes"},"schema":{"@context":"https:\/\/schema.org","@graph":[{"@type":"WebPage","@id":"https:\/\/www.strukturholding.de\/fr\/reference\/masterplan-saarland\/","url":"https:\/\/www.strukturholding.de\/fr\/reference\/masterplan-saarland\/","name":"Masterplan Saarland - SHS | Strukturholding Saar","isPartOf":{"@id":"https:\/\/www.strukturholding.de\/#website"},"datePublished":"2015-03-06T14:32:43+00:00","dateModified":"2020-05-26T08:26:53+00:00","breadcrumb":{"@id":"https:\/\/www.strukturholding.de\/fr\/reference\/masterplan-saarland\/#breadcrumb"},"inLanguage":"fr-FR","potentialAction":[{"@type":"ReadAction","target":["https:\/\/www.strukturholding.de\/fr\/reference\/masterplan-saarland\/"]}]},{"@type":"BreadcrumbList","@id":"https:\/\/www.strukturholding.de\/fr\/reference\/masterplan-saarland\/#breadcrumb","itemListElement":[{"@type":"ListItem","position":1,"name":"Startseite","item":"https:\/\/www.strukturholding.de\/fr\/"},{"@type":"ListItem","position":2,"name":"R\u00e9f\u00e9rence","item":"https:\/\/www.strukturholding.de\/fr\/reference\/"},{"@type":"ListItem","position":3,"name":"Masterplan Saarland"}]},{"@type":"WebSite","@id":"https:\/\/www.strukturholding.de\/#website","url":"https:\/\/www.strukturholding.de\/","name":"SHS | Strukturholding Saar","description":"","potentialAction":[{"@type":"SearchAction","target":{"@type":"EntryPoint","urlTemplate":"https:\/\/www.strukturholding.de\/?s={search_term_string}"},"query-input":{"@type":"PropertyValueSpecification","valueRequired":true,"valueName":"search_term_string"}}],"inLanguage":"fr-FR"}]}},"_links":{"self":[{"href":"https:\/\/www.strukturholding.de\/fr\/wp-json\/wp\/v2\/pages\/6620","targetHints":{"allow":["GET"]}}],"collection":[{"href":"https:\/\/www.strukturholding.de\/fr\/wp-json\/wp\/v2\/pages"}],"about":[{"href":"https:\/\/www.strukturholding.de\/fr\/wp-json\/wp\/v2\/types\/page"}],"author":[{"embeddable":true,"href":"https:\/\/www.strukturholding.de\/fr\/wp-json\/wp\/v2\/users\/2"}],"replies":[{"embeddable":true,"href":"https:\/\/www.strukturholding.de\/fr\/wp-json\/wp\/v2\/comments?post=6620"}],"version-history":[{"count":0,"href":"https:\/\/www.strukturholding.de\/fr\/wp-json\/wp\/v2\/pages\/6620\/revisions"}],"up":[{"embeddable":true,"href":"https:\/\/www.strukturholding.de\/fr\/wp-json\/wp\/v2\/pages\/6659"}],"wp:attachment":[{"href":"https:\/\/www.strukturholding.de\/fr\/wp-json\/wp\/v2\/media?parent=6620"}],"curies":[{"name":"wp","href":"https:\/\/api.w.org\/{rel}","templated":true}]}}