{"id":6616,"date":"2015-03-06T15:31:20","date_gmt":"2015-03-06T14:31:20","guid":{"rendered":"https:\/\/www.strukturholding.de\/fr\/verkehr\/"},"modified":"2021-09-20T10:29:40","modified_gmt":"2021-09-20T08:29:40","slug":"transports","status":"publish","type":"page","link":"https:\/\/www.strukturholding.de\/fr\/sujets\/transports\/","title":{"rendered":"Transports"},"content":{"rendered":"<h1>Transports<\/h1>\n<p>La Flug-Hafen-Saarland GmbH (fhSaar) g\u00e8re sous la marque SaarPort le port sarrois Saarhafen Saarlouis\/Dillingen et sous la marque SCN Airport Saarbr\u00fccken, l&rsquo;a\u00e9roport international de Sarrebruck.<\/p>\n<p>L&rsquo;a\u00e9roport de Sarrebruck est l&rsquo;a\u00e9roport civil international de la capitale du Land. Il dessert une zone d&rsquo;environ 6,5\u00a0millions de personnes comprenant, outre la Sarre, le d\u00e9partement fran\u00e7ais de la Lorraine et le Luxembourg. L&rsquo;a\u00e9roport de Sarrebruck dispose d&rsquo;une vaste offre de vols de ligne et charters r\u00e9guliers vers des destinations en Allemagne et en Europe.<\/p>\n<p><a href=\"http:\/\/www.flughafen-saarbruecken.de\/\" target=\"_blank\" rel=\"noopener noreferrer\"><img loading=\"lazy\" decoding=\"async\" class=\"add-hover alignnone wp-image-2135 size-full\" src=\"https:\/\/www.strukturholding.de\/wp-content\/uploads\/2015\/03\/content_logo_airport_saarbruecken1.gif\" alt=\"\" width=\"194\" height=\"107\" \/><\/a><br \/>\n<a href=\"http:\/\/www.flughafen-saarbruecken.de\/\" target=\"_blank\" rel=\"noopener noreferrer\">\u00bb A\u00e9roport de Sarrebruck<\/a><\/p>\n<p>&nbsp;<\/p>\n<p><span lang=\"FR\">Pour le port sarrois de Saarlouis\/Dillingen, la fhSaar met \u00e0 disposition l&rsquo;int\u00e9gralit\u00e9 des infrastructures pour le transbordement de marchandises, des bassins portuaires et des quais aux surfaces industrielles en passant par les dispositifs d&rsquo;avitaillement. Elle garantit une liaison aux modes de transport par eau, rails et route et permet la desserte des principaux sites \u00e9conomiques le long de la Sarre.<\/span><\/p>\n<p><a href=\"http:\/\/www.saarhafen.de\" target=\"_blank\" rel=\"noopener noreferrer\"><img loading=\"lazy\" decoding=\"async\" class=\"add-hover alignnone wp-image-2142 size-full\" src=\"https:\/\/www.strukturholding.de\/wp-content\/uploads\/2015\/03\/content_logo_saarport_saarbruecken1.gif\" alt=\"\" width=\"194\" height=\"108\" \/><\/a><br \/>\n<a href=\"http:\/\/www.saarhafen.de\" target=\"_blank\" rel=\"noopener noreferrer\">\u00bb Ports en Sarre<\/a><\/p>\n","protected":false},"excerpt":{"rendered":"<p>Transports La Flug-Hafen-Saarland GmbH (fhSaar) g\u00e8re sous la marque SaarPort le port sarrois Saarhafen Saarlouis\/Dillingen<\/p>\n","protected":false},"author":2,"featured_media":0,"parent":6656,"menu_order":0,"comment_status":"open","ping_status":"open","template":"","meta":{"_acf_changed":false,"footnotes":""},"class_list":["post-6616","page","type-page","status-publish","hentry"],"acf":[],"yoast_head":"<!-- This site is optimized with the Yoast SEO plugin v27.3 - https:\/\/yoast.com\/product\/yoast-seo-wordpress\/ -->\n<title>Transports - SHS | Strukturholding Saar<\/title>\n<meta name=\"robots\" content=\"index, follow, max-snippet:-1, max-image-preview:large, max-video-preview:-1\" \/>\n<link rel=\"canonical\" href=\"https:\/\/www.strukturholding.de\/fr\/sujets\/transports\/\" \/>\n<meta property=\"og:locale\" content=\"fr_FR\" \/>\n<meta property=\"og:type\" content=\"article\" \/>\n<meta property=\"og:title\" content=\"Transports - SHS | Strukturholding Saar\" \/>\n<meta property=\"og:description\" content=\"Transports La Flug-Hafen-Saarland GmbH (fhSaar) g\u00e8re sous la marque SaarPort le port sarrois Saarhafen Saarlouis\/Dillingen\" \/>\n<meta property=\"og:url\" content=\"https:\/\/www.strukturholding.de\/fr\/sujets\/transports\/\" \/>\n<meta property=\"og:site_name\" content=\"SHS | Strukturholding Saar\" \/>\n<meta property=\"article:modified_time\" content=\"2021-09-20T08:29:40+00:00\" \/>\n<meta property=\"og:image\" content=\"https:\/\/www.strukturholding.de\/wp-content\/uploads\/2015\/03\/content_logo_airport_saarbruecken1.gif\" \/>\n<meta name=\"twitter:label1\" content=\"Dur\u00e9e de lecture estim\u00e9e\" \/>\n\t<meta name=\"twitter:data1\" content=\"2 minutes\" \/>\n<script type=\"application\/ld+json\" class=\"yoast-schema-graph\">{\"@context\":\"https:\\\/\\\/schema.org\",\"@graph\":[{\"@type\":\"WebPage\",\"@id\":\"https:\\\/\\\/www.strukturholding.de\\\/fr\\\/sujets\\\/transports\\\/\",\"url\":\"https:\\\/\\\/www.strukturholding.de\\\/fr\\\/sujets\\\/transports\\\/\",\"name\":\"Transports - SHS | Strukturholding Saar\",\"isPartOf\":{\"@id\":\"https:\\\/\\\/www.strukturholding.de\\\/#website\"},\"primaryImageOfPage\":{\"@id\":\"https:\\\/\\\/www.strukturholding.de\\\/fr\\\/sujets\\\/transports\\\/#primaryimage\"},\"image\":{\"@id\":\"https:\\\/\\\/www.strukturholding.de\\\/fr\\\/sujets\\\/transports\\\/#primaryimage\"},\"thumbnailUrl\":\"https:\\\/\\\/www.strukturholding.de\\\/wp-content\\\/uploads\\\/2015\\\/03\\\/content_logo_airport_saarbruecken1.gif\",\"datePublished\":\"2015-03-06T14:31:20+00:00\",\"dateModified\":\"2021-09-20T08:29:40+00:00\",\"breadcrumb\":{\"@id\":\"https:\\\/\\\/www.strukturholding.de\\\/fr\\\/sujets\\\/transports\\\/#breadcrumb\"},\"inLanguage\":\"fr-FR\",\"potentialAction\":[{\"@type\":\"ReadAction\",\"target\":[\"https:\\\/\\\/www.strukturholding.de\\\/fr\\\/sujets\\\/transports\\\/\"]}]},{\"@type\":\"ImageObject\",\"inLanguage\":\"fr-FR\",\"@id\":\"https:\\\/\\\/www.strukturholding.de\\\/fr\\\/sujets\\\/transports\\\/#primaryimage\",\"url\":\"https:\\\/\\\/www.strukturholding.de\\\/wp-content\\\/uploads\\\/2015\\\/03\\\/content_logo_airport_saarbruecken1.gif\",\"contentUrl\":\"https:\\\/\\\/www.strukturholding.de\\\/wp-content\\\/uploads\\\/2015\\\/03\\\/content_logo_airport_saarbruecken1.gif\"},{\"@type\":\"BreadcrumbList\",\"@id\":\"https:\\\/\\\/www.strukturholding.de\\\/fr\\\/sujets\\\/transports\\\/#breadcrumb\",\"itemListElement\":[{\"@type\":\"ListItem\",\"position\":1,\"name\":\"Startseite\",\"item\":\"https:\\\/\\\/www.strukturholding.de\\\/fr\\\/\"},{\"@type\":\"ListItem\",\"position\":2,\"name\":\"Sujets\",\"item\":\"https:\\\/\\\/www.strukturholding.de\\\/fr\\\/sujets\\\/\"},{\"@type\":\"ListItem\",\"position\":3,\"name\":\"Transports\"}]},{\"@type\":\"WebSite\",\"@id\":\"https:\\\/\\\/www.strukturholding.de\\\/#website\",\"url\":\"https:\\\/\\\/www.strukturholding.de\\\/\",\"name\":\"SHS | Strukturholding Saar\",\"description\":\"\",\"potentialAction\":[{\"@type\":\"SearchAction\",\"target\":{\"@type\":\"EntryPoint\",\"urlTemplate\":\"https:\\\/\\\/www.strukturholding.de\\\/?s={search_term_string}\"},\"query-input\":{\"@type\":\"PropertyValueSpecification\",\"valueRequired\":true,\"valueName\":\"search_term_string\"}}],\"inLanguage\":\"fr-FR\"}]}<\/script>\n<!-- \/ Yoast SEO plugin. -->","yoast_head_json":{"title":"Transports - SHS | Strukturholding Saar","robots":{"index":"index","follow":"follow","max-snippet":"max-snippet:-1","max-image-preview":"max-image-preview:large","max-video-preview":"max-video-preview:-1"},"canonical":"https:\/\/www.strukturholding.de\/fr\/sujets\/transports\/","og_locale":"fr_FR","og_type":"article","og_title":"Transports - SHS | Strukturholding Saar","og_description":"Transports La Flug-Hafen-Saarland GmbH (fhSaar) g\u00e8re sous la marque SaarPort le port sarrois Saarhafen Saarlouis\/Dillingen","og_url":"https:\/\/www.strukturholding.de\/fr\/sujets\/transports\/","og_site_name":"SHS | Strukturholding Saar","article_modified_time":"2021-09-20T08:29:40+00:00","og_image":[{"url":"https:\/\/www.strukturholding.de\/wp-content\/uploads\/2015\/03\/content_logo_airport_saarbruecken1.gif","type":"","width":"","height":""}],"twitter_misc":{"Dur\u00e9e de lecture estim\u00e9e":"2 minutes"},"schema":{"@context":"https:\/\/schema.org","@graph":[{"@type":"WebPage","@id":"https:\/\/www.strukturholding.de\/fr\/sujets\/transports\/","url":"https:\/\/www.strukturholding.de\/fr\/sujets\/transports\/","name":"Transports - SHS | Strukturholding Saar","isPartOf":{"@id":"https:\/\/www.strukturholding.de\/#website"},"primaryImageOfPage":{"@id":"https:\/\/www.strukturholding.de\/fr\/sujets\/transports\/#primaryimage"},"image":{"@id":"https:\/\/www.strukturholding.de\/fr\/sujets\/transports\/#primaryimage"},"thumbnailUrl":"https:\/\/www.strukturholding.de\/wp-content\/uploads\/2015\/03\/content_logo_airport_saarbruecken1.gif","datePublished":"2015-03-06T14:31:20+00:00","dateModified":"2021-09-20T08:29:40+00:00","breadcrumb":{"@id":"https:\/\/www.strukturholding.de\/fr\/sujets\/transports\/#breadcrumb"},"inLanguage":"fr-FR","potentialAction":[{"@type":"ReadAction","target":["https:\/\/www.strukturholding.de\/fr\/sujets\/transports\/"]}]},{"@type":"ImageObject","inLanguage":"fr-FR","@id":"https:\/\/www.strukturholding.de\/fr\/sujets\/transports\/#primaryimage","url":"https:\/\/www.strukturholding.de\/wp-content\/uploads\/2015\/03\/content_logo_airport_saarbruecken1.gif","contentUrl":"https:\/\/www.strukturholding.de\/wp-content\/uploads\/2015\/03\/content_logo_airport_saarbruecken1.gif"},{"@type":"BreadcrumbList","@id":"https:\/\/www.strukturholding.de\/fr\/sujets\/transports\/#breadcrumb","itemListElement":[{"@type":"ListItem","position":1,"name":"Startseite","item":"https:\/\/www.strukturholding.de\/fr\/"},{"@type":"ListItem","position":2,"name":"Sujets","item":"https:\/\/www.strukturholding.de\/fr\/sujets\/"},{"@type":"ListItem","position":3,"name":"Transports"}]},{"@type":"WebSite","@id":"https:\/\/www.strukturholding.de\/#website","url":"https:\/\/www.strukturholding.de\/","name":"SHS | Strukturholding Saar","description":"","potentialAction":[{"@type":"SearchAction","target":{"@type":"EntryPoint","urlTemplate":"https:\/\/www.strukturholding.de\/?s={search_term_string}"},"query-input":{"@type":"PropertyValueSpecification","valueRequired":true,"valueName":"search_term_string"}}],"inLanguage":"fr-FR"}]}},"_links":{"self":[{"href":"https:\/\/www.strukturholding.de\/fr\/wp-json\/wp\/v2\/pages\/6616","targetHints":{"allow":["GET"]}}],"collection":[{"href":"https:\/\/www.strukturholding.de\/fr\/wp-json\/wp\/v2\/pages"}],"about":[{"href":"https:\/\/www.strukturholding.de\/fr\/wp-json\/wp\/v2\/types\/page"}],"author":[{"embeddable":true,"href":"https:\/\/www.strukturholding.de\/fr\/wp-json\/wp\/v2\/users\/2"}],"replies":[{"embeddable":true,"href":"https:\/\/www.strukturholding.de\/fr\/wp-json\/wp\/v2\/comments?post=6616"}],"version-history":[{"count":1,"href":"https:\/\/www.strukturholding.de\/fr\/wp-json\/wp\/v2\/pages\/6616\/revisions"}],"predecessor-version":[{"id":18724,"href":"https:\/\/www.strukturholding.de\/fr\/wp-json\/wp\/v2\/pages\/6616\/revisions\/18724"}],"up":[{"embeddable":true,"href":"https:\/\/www.strukturholding.de\/fr\/wp-json\/wp\/v2\/pages\/6656"}],"wp:attachment":[{"href":"https:\/\/www.strukturholding.de\/fr\/wp-json\/wp\/v2\/media?parent=6616"}],"curies":[{"name":"wp","href":"https:\/\/api.w.org\/{rel}","templated":true}]}}