{"id":6614,"date":"2015-03-06T15:30:37","date_gmt":"2015-03-06T14:30:37","guid":{"rendered":"https:\/\/www.strukturholding.de\/fr\/wohnen\/"},"modified":"2016-10-20T08:57:39","modified_gmt":"2016-10-20T06:57:39","slug":"logement","status":"publish","type":"page","link":"https:\/\/www.strukturholding.de\/fr\/sujets\/logement\/","title":{"rendered":"Logement"},"content":{"rendered":"<h1>Logement<\/h1>\n<p>Au sein de la SHS Strukturholding Saar, la WOGE Saar (soci\u00e9t\u00e9 sarroise du logement) s&rsquo;occupe de tout ce qui a trait au logement.<\/p>\n<p>Elle offre un chez soi \u00e0 environ 12 000\u00a0personnes avec pr\u00e8s de 5\u00a0400\u00a0logements en Sarre et en Rh\u00e9nanie-Palatinat. En outre, la soci\u00e9t\u00e9 encadre des projets immobiliers, de la phase de d\u00e9veloppement \u00e0 la commercialisation et location. Un autre domaine d&rsquo;activit\u00e9s de la WOGE Saar est l&rsquo;achat de biens immobiliers notamment dans le cadre de la privatisation des logements.<\/p>\n<p>Vous trouverez toutes les informations sur le th\u00e8me du logement et l&rsquo;offre de logements et de biens immobiliers \u00e0 la vente sur le site de la WOGE Saar.<\/p>\n<p><a href=\"https:\/\/www.freundlich-wohnen.de\/fr\/\" target=\"_blank\">\u00bb\u00a0www.freundlich-wohnen.de<\/a><\/p>\n<p><strong>Nous nous r\u00e9jouissons de votre visite notamment dans nos centres clients \u00e0 Sarrebruck et \u00e0 Tr\u00e8ves\u00a0:<\/strong><\/p>\n<p><a href=\"https:\/\/www.freundlich-wohnen.de\/fr\/service\/nos-centres-clients\/centre-clients-de-sarrebruck\/\" target=\"_blank\">\u00bb\u00a0Centre clients de Sarrebruck<\/a><br \/>\n<a href=\"https:\/\/www.freundlich-wohnen.de\/fr\/service\/nos-centres-clients\/centre-clients-woge-treves\/\" target=\"_blank\">\u00bb\u00a0Centre clients de Tr\u00e8ves<\/a><\/p>\n","protected":false},"excerpt":{"rendered":"<p>Logement Au sein de la SHS Strukturholding Saar, la WOGE Saar (soci\u00e9t\u00e9 sarroise du logement)<\/p>\n","protected":false},"author":2,"featured_media":0,"parent":6656,"menu_order":0,"comment_status":"open","ping_status":"open","template":"","meta":{"_acf_changed":false,"footnotes":""},"class_list":["post-6614","page","type-page","status-publish","hentry"],"acf":[],"yoast_head":"<!-- This site is optimized with the Yoast SEO plugin v27.3 - https:\/\/yoast.com\/product\/yoast-seo-wordpress\/ -->\n<title>Logement - SHS | Strukturholding Saar<\/title>\n<meta name=\"robots\" content=\"index, follow, max-snippet:-1, max-image-preview:large, max-video-preview:-1\" \/>\n<link rel=\"canonical\" href=\"https:\/\/www.strukturholding.de\/fr\/sujets\/logement\/\" \/>\n<meta property=\"og:locale\" content=\"fr_FR\" \/>\n<meta property=\"og:type\" content=\"article\" \/>\n<meta property=\"og:title\" content=\"Logement - SHS | Strukturholding Saar\" \/>\n<meta property=\"og:description\" content=\"Logement Au sein de la SHS Strukturholding Saar, la WOGE Saar (soci\u00e9t\u00e9 sarroise du logement)\" \/>\n<meta property=\"og:url\" content=\"https:\/\/www.strukturholding.de\/fr\/sujets\/logement\/\" \/>\n<meta property=\"og:site_name\" content=\"SHS | Strukturholding Saar\" \/>\n<meta property=\"article:modified_time\" content=\"2016-10-20T06:57:39+00:00\" \/>\n<meta property=\"og:image\" content=\"https:\/\/www.strukturholding.de\/wp-content\/uploads\/2016\/10\/og_image_strukturholding.jpg\" \/>\n\t<meta property=\"og:image:width\" content=\"1200\" \/>\n\t<meta property=\"og:image:height\" content=\"630\" \/>\n\t<meta property=\"og:image:type\" content=\"image\/jpeg\" \/>\n<meta name=\"twitter:label1\" content=\"Dur\u00e9e de lecture estim\u00e9e\" \/>\n\t<meta name=\"twitter:data1\" content=\"1 minute\" \/>\n<script type=\"application\/ld+json\" class=\"yoast-schema-graph\">{\"@context\":\"https:\\\/\\\/schema.org\",\"@graph\":[{\"@type\":\"WebPage\",\"@id\":\"https:\\\/\\\/www.strukturholding.de\\\/fr\\\/sujets\\\/logement\\\/\",\"url\":\"https:\\\/\\\/www.strukturholding.de\\\/fr\\\/sujets\\\/logement\\\/\",\"name\":\"Logement - SHS | Strukturholding Saar\",\"isPartOf\":{\"@id\":\"https:\\\/\\\/www.strukturholding.de\\\/#website\"},\"datePublished\":\"2015-03-06T14:30:37+00:00\",\"dateModified\":\"2016-10-20T06:57:39+00:00\",\"breadcrumb\":{\"@id\":\"https:\\\/\\\/www.strukturholding.de\\\/fr\\\/sujets\\\/logement\\\/#breadcrumb\"},\"inLanguage\":\"fr-FR\",\"potentialAction\":[{\"@type\":\"ReadAction\",\"target\":[\"https:\\\/\\\/www.strukturholding.de\\\/fr\\\/sujets\\\/logement\\\/\"]}]},{\"@type\":\"BreadcrumbList\",\"@id\":\"https:\\\/\\\/www.strukturholding.de\\\/fr\\\/sujets\\\/logement\\\/#breadcrumb\",\"itemListElement\":[{\"@type\":\"ListItem\",\"position\":1,\"name\":\"Startseite\",\"item\":\"https:\\\/\\\/www.strukturholding.de\\\/fr\\\/\"},{\"@type\":\"ListItem\",\"position\":2,\"name\":\"Sujets\",\"item\":\"https:\\\/\\\/www.strukturholding.de\\\/fr\\\/sujets\\\/\"},{\"@type\":\"ListItem\",\"position\":3,\"name\":\"Logement\"}]},{\"@type\":\"WebSite\",\"@id\":\"https:\\\/\\\/www.strukturholding.de\\\/#website\",\"url\":\"https:\\\/\\\/www.strukturholding.de\\\/\",\"name\":\"SHS | Strukturholding Saar\",\"description\":\"\",\"potentialAction\":[{\"@type\":\"SearchAction\",\"target\":{\"@type\":\"EntryPoint\",\"urlTemplate\":\"https:\\\/\\\/www.strukturholding.de\\\/?s={search_term_string}\"},\"query-input\":{\"@type\":\"PropertyValueSpecification\",\"valueRequired\":true,\"valueName\":\"search_term_string\"}}],\"inLanguage\":\"fr-FR\"}]}<\/script>\n<!-- \/ Yoast SEO plugin. -->","yoast_head_json":{"title":"Logement - SHS | Strukturholding Saar","robots":{"index":"index","follow":"follow","max-snippet":"max-snippet:-1","max-image-preview":"max-image-preview:large","max-video-preview":"max-video-preview:-1"},"canonical":"https:\/\/www.strukturholding.de\/fr\/sujets\/logement\/","og_locale":"fr_FR","og_type":"article","og_title":"Logement - SHS | Strukturholding Saar","og_description":"Logement Au sein de la SHS Strukturholding Saar, la WOGE Saar (soci\u00e9t\u00e9 sarroise du logement)","og_url":"https:\/\/www.strukturholding.de\/fr\/sujets\/logement\/","og_site_name":"SHS | Strukturholding Saar","article_modified_time":"2016-10-20T06:57:39+00:00","og_image":[{"width":1200,"height":630,"url":"https:\/\/www.strukturholding.de\/wp-content\/uploads\/2016\/10\/og_image_strukturholding.jpg","type":"image\/jpeg"}],"twitter_misc":{"Dur\u00e9e de lecture estim\u00e9e":"1 minute"},"schema":{"@context":"https:\/\/schema.org","@graph":[{"@type":"WebPage","@id":"https:\/\/www.strukturholding.de\/fr\/sujets\/logement\/","url":"https:\/\/www.strukturholding.de\/fr\/sujets\/logement\/","name":"Logement - SHS | Strukturholding Saar","isPartOf":{"@id":"https:\/\/www.strukturholding.de\/#website"},"datePublished":"2015-03-06T14:30:37+00:00","dateModified":"2016-10-20T06:57:39+00:00","breadcrumb":{"@id":"https:\/\/www.strukturholding.de\/fr\/sujets\/logement\/#breadcrumb"},"inLanguage":"fr-FR","potentialAction":[{"@type":"ReadAction","target":["https:\/\/www.strukturholding.de\/fr\/sujets\/logement\/"]}]},{"@type":"BreadcrumbList","@id":"https:\/\/www.strukturholding.de\/fr\/sujets\/logement\/#breadcrumb","itemListElement":[{"@type":"ListItem","position":1,"name":"Startseite","item":"https:\/\/www.strukturholding.de\/fr\/"},{"@type":"ListItem","position":2,"name":"Sujets","item":"https:\/\/www.strukturholding.de\/fr\/sujets\/"},{"@type":"ListItem","position":3,"name":"Logement"}]},{"@type":"WebSite","@id":"https:\/\/www.strukturholding.de\/#website","url":"https:\/\/www.strukturholding.de\/","name":"SHS | Strukturholding Saar","description":"","potentialAction":[{"@type":"SearchAction","target":{"@type":"EntryPoint","urlTemplate":"https:\/\/www.strukturholding.de\/?s={search_term_string}"},"query-input":{"@type":"PropertyValueSpecification","valueRequired":true,"valueName":"search_term_string"}}],"inLanguage":"fr-FR"}]}},"_links":{"self":[{"href":"https:\/\/www.strukturholding.de\/fr\/wp-json\/wp\/v2\/pages\/6614","targetHints":{"allow":["GET"]}}],"collection":[{"href":"https:\/\/www.strukturholding.de\/fr\/wp-json\/wp\/v2\/pages"}],"about":[{"href":"https:\/\/www.strukturholding.de\/fr\/wp-json\/wp\/v2\/types\/page"}],"author":[{"embeddable":true,"href":"https:\/\/www.strukturholding.de\/fr\/wp-json\/wp\/v2\/users\/2"}],"replies":[{"embeddable":true,"href":"https:\/\/www.strukturholding.de\/fr\/wp-json\/wp\/v2\/comments?post=6614"}],"version-history":[{"count":0,"href":"https:\/\/www.strukturholding.de\/fr\/wp-json\/wp\/v2\/pages\/6614\/revisions"}],"up":[{"embeddable":true,"href":"https:\/\/www.strukturholding.de\/fr\/wp-json\/wp\/v2\/pages\/6656"}],"wp:attachment":[{"href":"https:\/\/www.strukturholding.de\/fr\/wp-json\/wp\/v2\/media?parent=6614"}],"curies":[{"name":"wp","href":"https:\/\/api.w.org\/{rel}","templated":true}]}}