{"id":6610,"date":"2016-06-02T10:24:31","date_gmt":"2016-06-02T08:24:31","guid":{"rendered":"https:\/\/www.strukturholding.de\/fr\/flaechen-immobilien\/projektentwicklung-und-management-unserer-gesellschaften\/science-park-saar\/"},"modified":"2018-03-21T16:38:06","modified_gmt":"2018-03-21T15:38:06","slug":"science-park-saar","status":"publish","type":"page","link":"https:\/\/www.strukturholding.de\/fr\/sujets\/surfaces-et-immobilieres\/developpement-et-gestion-de-projet-par-nos-societes\/science-park-saar\/","title":{"rendered":"Science Park Saar"},"content":{"rendered":"<h1>Science Park Saar<\/h1>\n<table width=\"573\">\n<tbody>\n<tr>\n<td width=\"130\">Projet de construction<\/td>\n<td>Nouvelle construction, b\u00e2timent\u00a02<\/td>\n<\/tr>\n<tr>\n<td>R\u00e9alisation<\/td>\n<td>2005<\/td>\n<\/tr>\n<tr>\n<td>Investissement<\/td>\n<td>19,8 millions d&rsquo;euros<\/td>\n<\/tr>\n<tr>\n<td>Surface<\/td>\n<td>7\u00a0200\u00a0m\u00b2 de bureaux<br \/>\n2\u00a0000\u00a0m\u00b2 de laboratoires<\/td>\n<\/tr>\n<tr>\n<td>Donneur d&rsquo;ordre<\/td>\n<td>Science Park Saar GmbH<\/td>\n<\/tr>\n<tr>\n<td>&nbsp;<\/p>\n<p>Service<\/td>\n<td>&nbsp;<\/p>\n<p>Pilotage projet LEG Saar<\/td>\n<\/tr>\n<\/tbody>\n<\/table>\n<p>&nbsp;<\/p>\n<p>Le Science Park Saar, situ\u00e9 sur le campus universitaire de Sarrebruck, est \u00e0 la disposition des jeunes entreprises qui recherchent un contact direct avec la recherche. En tant que centre et p\u00e9pini\u00e8re d&rsquo;entreprises, il r\u00e9pond \u00e0 une grande demande des entreprises ax\u00e9es sur les technologies qui recherchent des surfaces et des infrastructures adapt\u00e9es.<\/p>\n<p>Pour le Science Park Saar GmbH, la LEG Saar a pris en charge le pilotage du projet de construction d&rsquo;un second b\u00e2timent, le \u00ab\u00a0Science Park 2\u00a0\u00bb, et s&rsquo;occupe aujourd&rsquo;hui de la gestion d&rsquo;affaires et des b\u00e2timents.<\/p>\n","protected":false},"excerpt":{"rendered":"<p>Science Park Saar Projet de construction Nouvelle construction, b\u00e2timent\u00a02 R\u00e9alisation 2005 Investissement 19,8 millions d&rsquo;euros<\/p>\n","protected":false},"author":2,"featured_media":0,"parent":6580,"menu_order":0,"comment_status":"closed","ping_status":"closed","template":"","meta":{"_acf_changed":false,"footnotes":""},"class_list":["post-6610","page","type-page","status-publish","hentry"],"acf":[],"yoast_head":"<!-- This site is optimized with the Yoast SEO plugin v27.3 - https:\/\/yoast.com\/product\/yoast-seo-wordpress\/ -->\n<title>Science Park Saar - SHS | Strukturholding Saar<\/title>\n<meta name=\"robots\" content=\"index, follow, max-snippet:-1, max-image-preview:large, max-video-preview:-1\" \/>\n<link rel=\"canonical\" href=\"https:\/\/www.strukturholding.de\/fr\/sujets\/surfaces-et-immobilieres\/developpement-et-gestion-de-projet-par-nos-societes\/science-park-saar\/\" \/>\n<meta property=\"og:locale\" content=\"fr_FR\" \/>\n<meta property=\"og:type\" content=\"article\" \/>\n<meta property=\"og:title\" content=\"Science Park Saar - SHS | Strukturholding Saar\" \/>\n<meta property=\"og:description\" content=\"Science Park Saar Projet de construction Nouvelle construction, b\u00e2timent\u00a02 R\u00e9alisation 2005 Investissement 19,8 millions d&rsquo;euros\" \/>\n<meta property=\"og:url\" content=\"https:\/\/www.strukturholding.de\/fr\/sujets\/surfaces-et-immobilieres\/developpement-et-gestion-de-projet-par-nos-societes\/science-park-saar\/\" \/>\n<meta property=\"og:site_name\" content=\"SHS | Strukturholding Saar\" \/>\n<meta property=\"article:modified_time\" content=\"2018-03-21T15:38:06+00:00\" \/>\n<meta property=\"og:image\" content=\"https:\/\/www.strukturholding.de\/wp-content\/uploads\/2016\/10\/og_image_strukturholding.jpg\" \/>\n\t<meta property=\"og:image:width\" content=\"1200\" \/>\n\t<meta property=\"og:image:height\" content=\"630\" \/>\n\t<meta property=\"og:image:type\" content=\"image\/jpeg\" \/>\n<meta name=\"twitter:label1\" content=\"Dur\u00e9e de lecture estim\u00e9e\" \/>\n\t<meta name=\"twitter:data1\" content=\"1 minute\" \/>\n<script type=\"application\/ld+json\" class=\"yoast-schema-graph\">{\"@context\":\"https:\\\/\\\/schema.org\",\"@graph\":[{\"@type\":\"WebPage\",\"@id\":\"https:\\\/\\\/www.strukturholding.de\\\/fr\\\/sujets\\\/surfaces-et-immobilieres\\\/developpement-et-gestion-de-projet-par-nos-societes\\\/science-park-saar\\\/\",\"url\":\"https:\\\/\\\/www.strukturholding.de\\\/fr\\\/sujets\\\/surfaces-et-immobilieres\\\/developpement-et-gestion-de-projet-par-nos-societes\\\/science-park-saar\\\/\",\"name\":\"Science Park Saar - SHS | Strukturholding Saar\",\"isPartOf\":{\"@id\":\"https:\\\/\\\/www.strukturholding.de\\\/#website\"},\"datePublished\":\"2016-06-02T08:24:31+00:00\",\"dateModified\":\"2018-03-21T15:38:06+00:00\",\"breadcrumb\":{\"@id\":\"https:\\\/\\\/www.strukturholding.de\\\/fr\\\/sujets\\\/surfaces-et-immobilieres\\\/developpement-et-gestion-de-projet-par-nos-societes\\\/science-park-saar\\\/#breadcrumb\"},\"inLanguage\":\"fr-FR\",\"potentialAction\":[{\"@type\":\"ReadAction\",\"target\":[\"https:\\\/\\\/www.strukturholding.de\\\/fr\\\/sujets\\\/surfaces-et-immobilieres\\\/developpement-et-gestion-de-projet-par-nos-societes\\\/science-park-saar\\\/\"]}]},{\"@type\":\"BreadcrumbList\",\"@id\":\"https:\\\/\\\/www.strukturholding.de\\\/fr\\\/sujets\\\/surfaces-et-immobilieres\\\/developpement-et-gestion-de-projet-par-nos-societes\\\/science-park-saar\\\/#breadcrumb\",\"itemListElement\":[{\"@type\":\"ListItem\",\"position\":1,\"name\":\"Startseite\",\"item\":\"https:\\\/\\\/www.strukturholding.de\\\/fr\\\/\"},{\"@type\":\"ListItem\",\"position\":2,\"name\":\"Sujets\",\"item\":\"https:\\\/\\\/www.strukturholding.de\\\/fr\\\/sujets\\\/\"},{\"@type\":\"ListItem\",\"position\":3,\"name\":\"Surfaces et immobili\u00e8res\",\"item\":\"https:\\\/\\\/www.strukturholding.de\\\/fr\\\/sujets\\\/surfaces-et-immobilieres\\\/\"},{\"@type\":\"ListItem\",\"position\":4,\"name\":\"D\u00e9veloppement et gestion de projet par nos soci\u00e9t\u00e9s\",\"item\":\"https:\\\/\\\/www.strukturholding.de\\\/fr\\\/sujets\\\/surfaces-et-immobilieres\\\/developpement-et-gestion-de-projet-par-nos-societes\\\/\"},{\"@type\":\"ListItem\",\"position\":5,\"name\":\"Science Park Saar\"}]},{\"@type\":\"WebSite\",\"@id\":\"https:\\\/\\\/www.strukturholding.de\\\/#website\",\"url\":\"https:\\\/\\\/www.strukturholding.de\\\/\",\"name\":\"SHS | Strukturholding Saar\",\"description\":\"\",\"potentialAction\":[{\"@type\":\"SearchAction\",\"target\":{\"@type\":\"EntryPoint\",\"urlTemplate\":\"https:\\\/\\\/www.strukturholding.de\\\/?s={search_term_string}\"},\"query-input\":{\"@type\":\"PropertyValueSpecification\",\"valueRequired\":true,\"valueName\":\"search_term_string\"}}],\"inLanguage\":\"fr-FR\"}]}<\/script>\n<!-- \/ Yoast SEO plugin. -->","yoast_head_json":{"title":"Science Park Saar - SHS | Strukturholding Saar","robots":{"index":"index","follow":"follow","max-snippet":"max-snippet:-1","max-image-preview":"max-image-preview:large","max-video-preview":"max-video-preview:-1"},"canonical":"https:\/\/www.strukturholding.de\/fr\/sujets\/surfaces-et-immobilieres\/developpement-et-gestion-de-projet-par-nos-societes\/science-park-saar\/","og_locale":"fr_FR","og_type":"article","og_title":"Science Park Saar - SHS | Strukturholding Saar","og_description":"Science Park Saar Projet de construction Nouvelle construction, b\u00e2timent\u00a02 R\u00e9alisation 2005 Investissement 19,8 millions d&rsquo;euros","og_url":"https:\/\/www.strukturholding.de\/fr\/sujets\/surfaces-et-immobilieres\/developpement-et-gestion-de-projet-par-nos-societes\/science-park-saar\/","og_site_name":"SHS | Strukturholding Saar","article_modified_time":"2018-03-21T15:38:06+00:00","og_image":[{"width":1200,"height":630,"url":"https:\/\/www.strukturholding.de\/wp-content\/uploads\/2016\/10\/og_image_strukturholding.jpg","type":"image\/jpeg"}],"twitter_misc":{"Dur\u00e9e de lecture estim\u00e9e":"1 minute"},"schema":{"@context":"https:\/\/schema.org","@graph":[{"@type":"WebPage","@id":"https:\/\/www.strukturholding.de\/fr\/sujets\/surfaces-et-immobilieres\/developpement-et-gestion-de-projet-par-nos-societes\/science-park-saar\/","url":"https:\/\/www.strukturholding.de\/fr\/sujets\/surfaces-et-immobilieres\/developpement-et-gestion-de-projet-par-nos-societes\/science-park-saar\/","name":"Science Park Saar - SHS | Strukturholding Saar","isPartOf":{"@id":"https:\/\/www.strukturholding.de\/#website"},"datePublished":"2016-06-02T08:24:31+00:00","dateModified":"2018-03-21T15:38:06+00:00","breadcrumb":{"@id":"https:\/\/www.strukturholding.de\/fr\/sujets\/surfaces-et-immobilieres\/developpement-et-gestion-de-projet-par-nos-societes\/science-park-saar\/#breadcrumb"},"inLanguage":"fr-FR","potentialAction":[{"@type":"ReadAction","target":["https:\/\/www.strukturholding.de\/fr\/sujets\/surfaces-et-immobilieres\/developpement-et-gestion-de-projet-par-nos-societes\/science-park-saar\/"]}]},{"@type":"BreadcrumbList","@id":"https:\/\/www.strukturholding.de\/fr\/sujets\/surfaces-et-immobilieres\/developpement-et-gestion-de-projet-par-nos-societes\/science-park-saar\/#breadcrumb","itemListElement":[{"@type":"ListItem","position":1,"name":"Startseite","item":"https:\/\/www.strukturholding.de\/fr\/"},{"@type":"ListItem","position":2,"name":"Sujets","item":"https:\/\/www.strukturholding.de\/fr\/sujets\/"},{"@type":"ListItem","position":3,"name":"Surfaces et immobili\u00e8res","item":"https:\/\/www.strukturholding.de\/fr\/sujets\/surfaces-et-immobilieres\/"},{"@type":"ListItem","position":4,"name":"D\u00e9veloppement et gestion de projet par nos soci\u00e9t\u00e9s","item":"https:\/\/www.strukturholding.de\/fr\/sujets\/surfaces-et-immobilieres\/developpement-et-gestion-de-projet-par-nos-societes\/"},{"@type":"ListItem","position":5,"name":"Science Park Saar"}]},{"@type":"WebSite","@id":"https:\/\/www.strukturholding.de\/#website","url":"https:\/\/www.strukturholding.de\/","name":"SHS | Strukturholding Saar","description":"","potentialAction":[{"@type":"SearchAction","target":{"@type":"EntryPoint","urlTemplate":"https:\/\/www.strukturholding.de\/?s={search_term_string}"},"query-input":{"@type":"PropertyValueSpecification","valueRequired":true,"valueName":"search_term_string"}}],"inLanguage":"fr-FR"}]}},"_links":{"self":[{"href":"https:\/\/www.strukturholding.de\/fr\/wp-json\/wp\/v2\/pages\/6610","targetHints":{"allow":["GET"]}}],"collection":[{"href":"https:\/\/www.strukturholding.de\/fr\/wp-json\/wp\/v2\/pages"}],"about":[{"href":"https:\/\/www.strukturholding.de\/fr\/wp-json\/wp\/v2\/types\/page"}],"author":[{"embeddable":true,"href":"https:\/\/www.strukturholding.de\/fr\/wp-json\/wp\/v2\/users\/2"}],"replies":[{"embeddable":true,"href":"https:\/\/www.strukturholding.de\/fr\/wp-json\/wp\/v2\/comments?post=6610"}],"version-history":[{"count":0,"href":"https:\/\/www.strukturholding.de\/fr\/wp-json\/wp\/v2\/pages\/6610\/revisions"}],"up":[{"embeddable":true,"href":"https:\/\/www.strukturholding.de\/fr\/wp-json\/wp\/v2\/pages\/6580"}],"wp:attachment":[{"href":"https:\/\/www.strukturholding.de\/fr\/wp-json\/wp\/v2\/media?parent=6610"}],"curies":[{"name":"wp","href":"https:\/\/api.w.org\/{rel}","templated":true}]}}