{"id":6602,"date":"2016-03-01T17:46:32","date_gmt":"2016-03-01T16:46:32","guid":{"rendered":"https:\/\/www.strukturholding.de\/fr\/flaechen-immobilien\/projektentwicklung-und-management-unserer-gesellschaften\/lua-landesamtes-fu%cc%88r-umwelt-und-arbeitsschutz\/"},"modified":"2018-03-21T16:18:34","modified_gmt":"2018-03-21T15:18:34","slug":"lua-office-du-land-pour-la-protection-de-l-environnement-et-du-travail","status":"publish","type":"page","link":"https:\/\/www.strukturholding.de\/fr\/sujets\/surfaces-et-immobilieres\/developpement-et-gestion-de-projet-par-nos-societes\/lua-office-du-land-pour-la-protection-de-l-environnement-et-du-travail\/","title":{"rendered":"LUA \u2013 Office du Land pour la protection de l&rsquo;environnement et du travail"},"content":{"rendered":"<h1>LUA \u2013 Office du Land pour la protection de l&rsquo;environnement et du travail<\/h1>\n<table width=\"573\">\n<tbody>\n<tr>\n<td width=\"130\">Projet de construction<\/td>\n<td>Assainissement \u00e9nerg\u00e9tique,<br \/>\nconstruction d&rsquo;une annexe<\/td>\n<\/tr>\n<tr>\n<td>R\u00e9alisation<\/td>\n<td>2010<\/td>\n<\/tr>\n<tr>\n<td>Investissement<\/td>\n<td>11,5 millions d&rsquo;euros<\/td>\n<\/tr>\n<tr>\n<td>Surface<\/td>\n<td>surface nette env. 4\u00a0170 m\u00b2<\/td>\n<\/tr>\n<tr>\n<td>Donneur d&rsquo;ordre<\/td>\n<td>SHS<\/td>\n<\/tr>\n<tr>\n<td>&nbsp;<\/p>\n<p>Service<\/td>\n<td>&nbsp;<\/p>\n<p>Pilotage projet LEG Saar<br \/>\nCoordination s\u00e9curit\u00e9 et sant\u00e9 par LEG Service<\/td>\n<\/tr>\n<\/tbody>\n<\/table>\n<p>&nbsp;<\/p>\n<p>Apr\u00e8s l&rsquo;assainissement \u00e9nerg\u00e9tique et la construction d&rsquo;une annexe, le LUA a pu rassembler une grande partie de ses services d\u00e9localis\u00e9s au sein d&rsquo;un b\u00e2timent moderne \u00e0 Wackenberg, \u00e0 Sarrebruck, apr\u00e8s seulement 32\u00a0semaines de travail. Au total, il accueille environ 60\u00a0employ\u00e9s au sein de bureaux et de laboratoires. La LEG Saar, \u00e0 laquelle \u00e9tait confi\u00e9 le pilotage du projet, a proc\u00e9d\u00e9 \u00e0 l&rsquo;assainissement de l&rsquo;ancienne \u00e9cole pour le compte de la SHS Strukturholding Saar et a construit une annexe pour les laboratoires.<\/p>\n","protected":false},"excerpt":{"rendered":"<p>LUA \u2013 Office du Land pour la protection de l&rsquo;environnement et du travail Projet de<\/p>\n","protected":false},"author":2,"featured_media":0,"parent":6580,"menu_order":0,"comment_status":"closed","ping_status":"closed","template":"","meta":{"_acf_changed":false,"footnotes":""},"class_list":["post-6602","page","type-page","status-publish","hentry"],"acf":[],"yoast_head":"<!-- This site is optimized with the Yoast SEO plugin v27.4 - https:\/\/yoast.com\/product\/yoast-seo-wordpress\/ -->\n<title>LUA \u2013 Office du Land pour la protection de l&#039;environnement et du travail - SHS | Strukturholding Saar<\/title>\n<meta name=\"robots\" content=\"index, follow, max-snippet:-1, max-image-preview:large, max-video-preview:-1\" \/>\n<link rel=\"canonical\" href=\"https:\/\/www.strukturholding.de\/fr\/sujets\/surfaces-et-immobilieres\/developpement-et-gestion-de-projet-par-nos-societes\/lua-office-du-land-pour-la-protection-de-l-environnement-et-du-travail\/\" \/>\n<meta property=\"og:locale\" content=\"fr_FR\" \/>\n<meta property=\"og:type\" content=\"article\" \/>\n<meta property=\"og:title\" content=\"LUA \u2013 Office du Land pour la protection de l&#039;environnement et du travail - SHS | Strukturholding Saar\" \/>\n<meta property=\"og:description\" content=\"LUA \u2013 Office du Land pour la protection de l&rsquo;environnement et du travail Projet de\" \/>\n<meta property=\"og:url\" content=\"https:\/\/www.strukturholding.de\/fr\/sujets\/surfaces-et-immobilieres\/developpement-et-gestion-de-projet-par-nos-societes\/lua-office-du-land-pour-la-protection-de-l-environnement-et-du-travail\/\" \/>\n<meta property=\"og:site_name\" content=\"SHS | Strukturholding Saar\" \/>\n<meta property=\"article:modified_time\" content=\"2018-03-21T15:18:34+00:00\" \/>\n<meta property=\"og:image\" content=\"https:\/\/www.strukturholding.de\/wp-content\/uploads\/2016\/10\/og_image_strukturholding.jpg\" \/>\n\t<meta property=\"og:image:width\" content=\"1200\" \/>\n\t<meta property=\"og:image:height\" content=\"630\" \/>\n\t<meta property=\"og:image:type\" content=\"image\/jpeg\" \/>\n<meta name=\"twitter:label1\" content=\"Dur\u00e9e de lecture estim\u00e9e\" \/>\n\t<meta name=\"twitter:data1\" content=\"1 minute\" \/>\n<script type=\"application\/ld+json\" class=\"yoast-schema-graph\">{\"@context\":\"https:\\\/\\\/schema.org\",\"@graph\":[{\"@type\":\"WebPage\",\"@id\":\"https:\\\/\\\/www.strukturholding.de\\\/fr\\\/sujets\\\/surfaces-et-immobilieres\\\/developpement-et-gestion-de-projet-par-nos-societes\\\/lua-office-du-land-pour-la-protection-de-l-environnement-et-du-travail\\\/\",\"url\":\"https:\\\/\\\/www.strukturholding.de\\\/fr\\\/sujets\\\/surfaces-et-immobilieres\\\/developpement-et-gestion-de-projet-par-nos-societes\\\/lua-office-du-land-pour-la-protection-de-l-environnement-et-du-travail\\\/\",\"name\":\"LUA \u2013 Office du Land pour la protection de l'environnement et du travail - SHS | Strukturholding Saar\",\"isPartOf\":{\"@id\":\"https:\\\/\\\/www.strukturholding.de\\\/#website\"},\"datePublished\":\"2016-03-01T16:46:32+00:00\",\"dateModified\":\"2018-03-21T15:18:34+00:00\",\"breadcrumb\":{\"@id\":\"https:\\\/\\\/www.strukturholding.de\\\/fr\\\/sujets\\\/surfaces-et-immobilieres\\\/developpement-et-gestion-de-projet-par-nos-societes\\\/lua-office-du-land-pour-la-protection-de-l-environnement-et-du-travail\\\/#breadcrumb\"},\"inLanguage\":\"fr-FR\",\"potentialAction\":[{\"@type\":\"ReadAction\",\"target\":[\"https:\\\/\\\/www.strukturholding.de\\\/fr\\\/sujets\\\/surfaces-et-immobilieres\\\/developpement-et-gestion-de-projet-par-nos-societes\\\/lua-office-du-land-pour-la-protection-de-l-environnement-et-du-travail\\\/\"]}]},{\"@type\":\"BreadcrumbList\",\"@id\":\"https:\\\/\\\/www.strukturholding.de\\\/fr\\\/sujets\\\/surfaces-et-immobilieres\\\/developpement-et-gestion-de-projet-par-nos-societes\\\/lua-office-du-land-pour-la-protection-de-l-environnement-et-du-travail\\\/#breadcrumb\",\"itemListElement\":[{\"@type\":\"ListItem\",\"position\":1,\"name\":\"Startseite\",\"item\":\"https:\\\/\\\/www.strukturholding.de\\\/fr\\\/\"},{\"@type\":\"ListItem\",\"position\":2,\"name\":\"Sujets\",\"item\":\"https:\\\/\\\/www.strukturholding.de\\\/fr\\\/sujets\\\/\"},{\"@type\":\"ListItem\",\"position\":3,\"name\":\"Surfaces et immobili\u00e8res\",\"item\":\"https:\\\/\\\/www.strukturholding.de\\\/fr\\\/sujets\\\/surfaces-et-immobilieres\\\/\"},{\"@type\":\"ListItem\",\"position\":4,\"name\":\"D\u00e9veloppement et gestion de projet par nos soci\u00e9t\u00e9s\",\"item\":\"https:\\\/\\\/www.strukturholding.de\\\/fr\\\/sujets\\\/surfaces-et-immobilieres\\\/developpement-et-gestion-de-projet-par-nos-societes\\\/\"},{\"@type\":\"ListItem\",\"position\":5,\"name\":\"LUA \u2013 Office du Land pour la protection de l&#8217;environnement et du travail\"}]},{\"@type\":\"WebSite\",\"@id\":\"https:\\\/\\\/www.strukturholding.de\\\/#website\",\"url\":\"https:\\\/\\\/www.strukturholding.de\\\/\",\"name\":\"SHS | Strukturholding Saar\",\"description\":\"\",\"potentialAction\":[{\"@type\":\"SearchAction\",\"target\":{\"@type\":\"EntryPoint\",\"urlTemplate\":\"https:\\\/\\\/www.strukturholding.de\\\/?s={search_term_string}\"},\"query-input\":{\"@type\":\"PropertyValueSpecification\",\"valueRequired\":true,\"valueName\":\"search_term_string\"}}],\"inLanguage\":\"fr-FR\"}]}<\/script>\n<!-- \/ Yoast SEO plugin. -->","yoast_head_json":{"title":"LUA \u2013 Office du Land pour la protection de l'environnement et du travail - SHS | Strukturholding Saar","robots":{"index":"index","follow":"follow","max-snippet":"max-snippet:-1","max-image-preview":"max-image-preview:large","max-video-preview":"max-video-preview:-1"},"canonical":"https:\/\/www.strukturholding.de\/fr\/sujets\/surfaces-et-immobilieres\/developpement-et-gestion-de-projet-par-nos-societes\/lua-office-du-land-pour-la-protection-de-l-environnement-et-du-travail\/","og_locale":"fr_FR","og_type":"article","og_title":"LUA \u2013 Office du Land pour la protection de l'environnement et du travail - SHS | Strukturholding Saar","og_description":"LUA \u2013 Office du Land pour la protection de l&rsquo;environnement et du travail Projet de","og_url":"https:\/\/www.strukturholding.de\/fr\/sujets\/surfaces-et-immobilieres\/developpement-et-gestion-de-projet-par-nos-societes\/lua-office-du-land-pour-la-protection-de-l-environnement-et-du-travail\/","og_site_name":"SHS | Strukturholding Saar","article_modified_time":"2018-03-21T15:18:34+00:00","og_image":[{"width":1200,"height":630,"url":"https:\/\/www.strukturholding.de\/wp-content\/uploads\/2016\/10\/og_image_strukturholding.jpg","type":"image\/jpeg"}],"twitter_misc":{"Dur\u00e9e de lecture estim\u00e9e":"1 minute"},"schema":{"@context":"https:\/\/schema.org","@graph":[{"@type":"WebPage","@id":"https:\/\/www.strukturholding.de\/fr\/sujets\/surfaces-et-immobilieres\/developpement-et-gestion-de-projet-par-nos-societes\/lua-office-du-land-pour-la-protection-de-l-environnement-et-du-travail\/","url":"https:\/\/www.strukturholding.de\/fr\/sujets\/surfaces-et-immobilieres\/developpement-et-gestion-de-projet-par-nos-societes\/lua-office-du-land-pour-la-protection-de-l-environnement-et-du-travail\/","name":"LUA \u2013 Office du Land pour la protection de l'environnement et du travail - SHS | Strukturholding Saar","isPartOf":{"@id":"https:\/\/www.strukturholding.de\/#website"},"datePublished":"2016-03-01T16:46:32+00:00","dateModified":"2018-03-21T15:18:34+00:00","breadcrumb":{"@id":"https:\/\/www.strukturholding.de\/fr\/sujets\/surfaces-et-immobilieres\/developpement-et-gestion-de-projet-par-nos-societes\/lua-office-du-land-pour-la-protection-de-l-environnement-et-du-travail\/#breadcrumb"},"inLanguage":"fr-FR","potentialAction":[{"@type":"ReadAction","target":["https:\/\/www.strukturholding.de\/fr\/sujets\/surfaces-et-immobilieres\/developpement-et-gestion-de-projet-par-nos-societes\/lua-office-du-land-pour-la-protection-de-l-environnement-et-du-travail\/"]}]},{"@type":"BreadcrumbList","@id":"https:\/\/www.strukturholding.de\/fr\/sujets\/surfaces-et-immobilieres\/developpement-et-gestion-de-projet-par-nos-societes\/lua-office-du-land-pour-la-protection-de-l-environnement-et-du-travail\/#breadcrumb","itemListElement":[{"@type":"ListItem","position":1,"name":"Startseite","item":"https:\/\/www.strukturholding.de\/fr\/"},{"@type":"ListItem","position":2,"name":"Sujets","item":"https:\/\/www.strukturholding.de\/fr\/sujets\/"},{"@type":"ListItem","position":3,"name":"Surfaces et immobili\u00e8res","item":"https:\/\/www.strukturholding.de\/fr\/sujets\/surfaces-et-immobilieres\/"},{"@type":"ListItem","position":4,"name":"D\u00e9veloppement et gestion de projet par nos soci\u00e9t\u00e9s","item":"https:\/\/www.strukturholding.de\/fr\/sujets\/surfaces-et-immobilieres\/developpement-et-gestion-de-projet-par-nos-societes\/"},{"@type":"ListItem","position":5,"name":"LUA \u2013 Office du Land pour la protection de l&#8217;environnement et du travail"}]},{"@type":"WebSite","@id":"https:\/\/www.strukturholding.de\/#website","url":"https:\/\/www.strukturholding.de\/","name":"SHS | Strukturholding Saar","description":"","potentialAction":[{"@type":"SearchAction","target":{"@type":"EntryPoint","urlTemplate":"https:\/\/www.strukturholding.de\/?s={search_term_string}"},"query-input":{"@type":"PropertyValueSpecification","valueRequired":true,"valueName":"search_term_string"}}],"inLanguage":"fr-FR"}]}},"_links":{"self":[{"href":"https:\/\/www.strukturholding.de\/fr\/wp-json\/wp\/v2\/pages\/6602","targetHints":{"allow":["GET"]}}],"collection":[{"href":"https:\/\/www.strukturholding.de\/fr\/wp-json\/wp\/v2\/pages"}],"about":[{"href":"https:\/\/www.strukturholding.de\/fr\/wp-json\/wp\/v2\/types\/page"}],"author":[{"embeddable":true,"href":"https:\/\/www.strukturholding.de\/fr\/wp-json\/wp\/v2\/users\/2"}],"replies":[{"embeddable":true,"href":"https:\/\/www.strukturholding.de\/fr\/wp-json\/wp\/v2\/comments?post=6602"}],"version-history":[{"count":0,"href":"https:\/\/www.strukturholding.de\/fr\/wp-json\/wp\/v2\/pages\/6602\/revisions"}],"up":[{"embeddable":true,"href":"https:\/\/www.strukturholding.de\/fr\/wp-json\/wp\/v2\/pages\/6580"}],"wp:attachment":[{"href":"https:\/\/www.strukturholding.de\/fr\/wp-json\/wp\/v2\/media?parent=6602"}],"curies":[{"name":"wp","href":"https:\/\/api.w.org\/{rel}","templated":true}]}}