{"id":6594,"date":"2016-06-01T13:24:36","date_gmt":"2016-06-01T11:24:36","guid":{"rendered":"https:\/\/www.strukturholding.de\/fr\/flaechen-immobilien\/projektentwicklung-und-management-unserer-gesellschaften\/flughafen-saarbruecken\/"},"modified":"2018-03-21T16:13:28","modified_gmt":"2018-03-21T15:13:28","slug":"aeroport-de-sarrebruck","status":"publish","type":"page","link":"https:\/\/www.strukturholding.de\/fr\/sujets\/surfaces-et-immobilieres\/developpement-et-gestion-de-projet-par-nos-societes\/aeroport-de-sarrebruck\/","title":{"rendered":"A\u00e9roport de Sarrebruck"},"content":{"rendered":"<h1>A\u00e9roport de Sarrebruck<\/h1>\n<table width=\"573\">\n<tbody>\n<tr>\n<td width=\"130\">Projet de construction<\/td>\n<td>Nouvelle construction d&rsquo;un terminal pour les loueurs de v\u00e9hicules,<br \/>\nextension de l&rsquo;a\u00e9roport au moyen d&rsquo;une nouvelle halle d&rsquo;enregistrement et modification de la zone des d\u00e9parts<\/td>\n<\/tr>\n<tr>\n<td>R\u00e9alisation<\/td>\n<td>1998 \u2013 2000<\/td>\n<\/tr>\n<tr>\n<td>Investissement<\/td>\n<td>12,5 millions d&rsquo;euros<\/td>\n<\/tr>\n<tr>\n<td>Surface<\/td>\n<td>env. 11\u00a0500 m\u00b2 au total<\/td>\n<\/tr>\n<tr>\n<td>Donneur d&rsquo;ordre<\/td>\n<td>Flughafen Saarbr\u00fccken GmbH<\/td>\n<\/tr>\n<tr>\n<td>&nbsp;<\/p>\n<p>Service<\/td>\n<td>&nbsp;<\/p>\n<p>Pilotage projet LEG Saar<\/td>\n<\/tr>\n<\/tbody>\n<\/table>\n<p>&nbsp;<\/p>\n<h3>ABC Aiport Business Center<\/h3>\n<table width=\"573\">\n<tbody>\n<tr>\n<td width=\"130\">Projet de construction<\/td>\n<td>B\u00e2timent de bureaux de cinq \u00e9tages complets<\/td>\n<\/tr>\n<tr>\n<td>R\u00e9alisation<\/td>\n<td>2003<\/td>\n<\/tr>\n<tr>\n<td>Investissement<\/td>\n<td>3,8 millions d&rsquo;euros<\/td>\n<\/tr>\n<tr>\n<td>Surface<\/td>\n<td>env. 4\u00a0200 m\u00b2<\/td>\n<\/tr>\n<tr>\n<td>Donneur d&rsquo;ordre<\/td>\n<td>Flughafen Saarbr\u00fccken GmbH<\/td>\n<\/tr>\n<tr>\n<td>&nbsp;<\/p>\n<p>Service<\/td>\n<td>&nbsp;<\/p>\n<p>Pilotage projet LEG Saar<\/td>\n<\/tr>\n<\/tbody>\n<\/table>\n<p>&nbsp;<\/p>\n<p>L&rsquo;a\u00e9roport international de Sarrebruck est un facteur capital faisant de la r\u00e9gion un site d&rsquo;activit\u00e9s \u00e9conomiques. Un nouveau terminal a \u00e9t\u00e9 construit entre 1998 et 2000 sur environ 30\u00a0000 m\u00b2 de surface nouvellement construite. En outre, un \u00e9l\u00e9ment de liaison au b\u00e2timent existant et r\u00e9nov\u00e9 a \u00e9t\u00e9 ajout\u00e9. La nouvelle construction se caract\u00e9rise par de nombreuses surfaces vitr\u00e9es et un toit en forme d&rsquo;aile. En outre, un terminal pour les loueurs de v\u00e9hicules a \u00e9t\u00e9 construit \u00e0 proximit\u00e9. Dans le cadre de ce projet et de la construction de l&rsquo;Airport Business Center, le pilotage du projet a \u00e9t\u00e9 confi\u00e9 \u00e0 la LEG Saar.<\/p>\n","protected":false},"excerpt":{"rendered":"<p>A\u00e9roport de Sarrebruck Projet de construction Nouvelle construction d&rsquo;un terminal pour les loueurs de v\u00e9hicules,<\/p>\n","protected":false},"author":2,"featured_media":0,"parent":6580,"menu_order":0,"comment_status":"closed","ping_status":"closed","template":"","meta":{"_acf_changed":false,"footnotes":""},"class_list":["post-6594","page","type-page","status-publish","hentry"],"acf":[],"yoast_head":"<!-- This site is optimized with the Yoast SEO plugin v27.4 - https:\/\/yoast.com\/product\/yoast-seo-wordpress\/ -->\n<title>A\u00e9roport de Sarrebruck - SHS | Strukturholding Saar<\/title>\n<meta name=\"robots\" content=\"index, follow, max-snippet:-1, max-image-preview:large, max-video-preview:-1\" \/>\n<link rel=\"canonical\" href=\"https:\/\/www.strukturholding.de\/fr\/sujets\/surfaces-et-immobilieres\/developpement-et-gestion-de-projet-par-nos-societes\/aeroport-de-sarrebruck\/\" \/>\n<meta property=\"og:locale\" content=\"fr_FR\" \/>\n<meta property=\"og:type\" content=\"article\" \/>\n<meta property=\"og:title\" content=\"A\u00e9roport de Sarrebruck - SHS | Strukturholding Saar\" \/>\n<meta property=\"og:description\" content=\"A\u00e9roport de Sarrebruck Projet de construction Nouvelle construction d&rsquo;un terminal pour les loueurs de v\u00e9hicules,\" \/>\n<meta property=\"og:url\" content=\"https:\/\/www.strukturholding.de\/fr\/sujets\/surfaces-et-immobilieres\/developpement-et-gestion-de-projet-par-nos-societes\/aeroport-de-sarrebruck\/\" \/>\n<meta property=\"og:site_name\" content=\"SHS | Strukturholding Saar\" \/>\n<meta property=\"article:modified_time\" content=\"2018-03-21T15:13:28+00:00\" \/>\n<meta property=\"og:image\" content=\"https:\/\/www.strukturholding.de\/wp-content\/uploads\/2016\/10\/og_image_strukturholding.jpg\" \/>\n\t<meta property=\"og:image:width\" content=\"1200\" \/>\n\t<meta property=\"og:image:height\" content=\"630\" \/>\n\t<meta property=\"og:image:type\" content=\"image\/jpeg\" \/>\n<meta name=\"twitter:label1\" content=\"Dur\u00e9e de lecture estim\u00e9e\" \/>\n\t<meta name=\"twitter:data1\" content=\"1 minute\" \/>\n<script type=\"application\/ld+json\" class=\"yoast-schema-graph\">{\"@context\":\"https:\\\/\\\/schema.org\",\"@graph\":[{\"@type\":\"WebPage\",\"@id\":\"https:\\\/\\\/www.strukturholding.de\\\/fr\\\/sujets\\\/surfaces-et-immobilieres\\\/developpement-et-gestion-de-projet-par-nos-societes\\\/aeroport-de-sarrebruck\\\/\",\"url\":\"https:\\\/\\\/www.strukturholding.de\\\/fr\\\/sujets\\\/surfaces-et-immobilieres\\\/developpement-et-gestion-de-projet-par-nos-societes\\\/aeroport-de-sarrebruck\\\/\",\"name\":\"A\u00e9roport de Sarrebruck - SHS | Strukturholding Saar\",\"isPartOf\":{\"@id\":\"https:\\\/\\\/www.strukturholding.de\\\/#website\"},\"datePublished\":\"2016-06-01T11:24:36+00:00\",\"dateModified\":\"2018-03-21T15:13:28+00:00\",\"breadcrumb\":{\"@id\":\"https:\\\/\\\/www.strukturholding.de\\\/fr\\\/sujets\\\/surfaces-et-immobilieres\\\/developpement-et-gestion-de-projet-par-nos-societes\\\/aeroport-de-sarrebruck\\\/#breadcrumb\"},\"inLanguage\":\"fr-FR\",\"potentialAction\":[{\"@type\":\"ReadAction\",\"target\":[\"https:\\\/\\\/www.strukturholding.de\\\/fr\\\/sujets\\\/surfaces-et-immobilieres\\\/developpement-et-gestion-de-projet-par-nos-societes\\\/aeroport-de-sarrebruck\\\/\"]}]},{\"@type\":\"BreadcrumbList\",\"@id\":\"https:\\\/\\\/www.strukturholding.de\\\/fr\\\/sujets\\\/surfaces-et-immobilieres\\\/developpement-et-gestion-de-projet-par-nos-societes\\\/aeroport-de-sarrebruck\\\/#breadcrumb\",\"itemListElement\":[{\"@type\":\"ListItem\",\"position\":1,\"name\":\"Startseite\",\"item\":\"https:\\\/\\\/www.strukturholding.de\\\/fr\\\/\"},{\"@type\":\"ListItem\",\"position\":2,\"name\":\"Sujets\",\"item\":\"https:\\\/\\\/www.strukturholding.de\\\/fr\\\/sujets\\\/\"},{\"@type\":\"ListItem\",\"position\":3,\"name\":\"Surfaces et immobili\u00e8res\",\"item\":\"https:\\\/\\\/www.strukturholding.de\\\/fr\\\/sujets\\\/surfaces-et-immobilieres\\\/\"},{\"@type\":\"ListItem\",\"position\":4,\"name\":\"D\u00e9veloppement et gestion de projet par nos soci\u00e9t\u00e9s\",\"item\":\"https:\\\/\\\/www.strukturholding.de\\\/fr\\\/sujets\\\/surfaces-et-immobilieres\\\/developpement-et-gestion-de-projet-par-nos-societes\\\/\"},{\"@type\":\"ListItem\",\"position\":5,\"name\":\"A\u00e9roport de Sarrebruck\"}]},{\"@type\":\"WebSite\",\"@id\":\"https:\\\/\\\/www.strukturholding.de\\\/#website\",\"url\":\"https:\\\/\\\/www.strukturholding.de\\\/\",\"name\":\"SHS | Strukturholding Saar\",\"description\":\"\",\"potentialAction\":[{\"@type\":\"SearchAction\",\"target\":{\"@type\":\"EntryPoint\",\"urlTemplate\":\"https:\\\/\\\/www.strukturholding.de\\\/?s={search_term_string}\"},\"query-input\":{\"@type\":\"PropertyValueSpecification\",\"valueRequired\":true,\"valueName\":\"search_term_string\"}}],\"inLanguage\":\"fr-FR\"}]}<\/script>\n<!-- \/ Yoast SEO plugin. -->","yoast_head_json":{"title":"A\u00e9roport de Sarrebruck - SHS | Strukturholding Saar","robots":{"index":"index","follow":"follow","max-snippet":"max-snippet:-1","max-image-preview":"max-image-preview:large","max-video-preview":"max-video-preview:-1"},"canonical":"https:\/\/www.strukturholding.de\/fr\/sujets\/surfaces-et-immobilieres\/developpement-et-gestion-de-projet-par-nos-societes\/aeroport-de-sarrebruck\/","og_locale":"fr_FR","og_type":"article","og_title":"A\u00e9roport de Sarrebruck - SHS | Strukturholding Saar","og_description":"A\u00e9roport de Sarrebruck Projet de construction Nouvelle construction d&rsquo;un terminal pour les loueurs de v\u00e9hicules,","og_url":"https:\/\/www.strukturholding.de\/fr\/sujets\/surfaces-et-immobilieres\/developpement-et-gestion-de-projet-par-nos-societes\/aeroport-de-sarrebruck\/","og_site_name":"SHS | Strukturholding Saar","article_modified_time":"2018-03-21T15:13:28+00:00","og_image":[{"width":1200,"height":630,"url":"https:\/\/www.strukturholding.de\/wp-content\/uploads\/2016\/10\/og_image_strukturholding.jpg","type":"image\/jpeg"}],"twitter_misc":{"Dur\u00e9e de lecture estim\u00e9e":"1 minute"},"schema":{"@context":"https:\/\/schema.org","@graph":[{"@type":"WebPage","@id":"https:\/\/www.strukturholding.de\/fr\/sujets\/surfaces-et-immobilieres\/developpement-et-gestion-de-projet-par-nos-societes\/aeroport-de-sarrebruck\/","url":"https:\/\/www.strukturholding.de\/fr\/sujets\/surfaces-et-immobilieres\/developpement-et-gestion-de-projet-par-nos-societes\/aeroport-de-sarrebruck\/","name":"A\u00e9roport de Sarrebruck - SHS | Strukturholding Saar","isPartOf":{"@id":"https:\/\/www.strukturholding.de\/#website"},"datePublished":"2016-06-01T11:24:36+00:00","dateModified":"2018-03-21T15:13:28+00:00","breadcrumb":{"@id":"https:\/\/www.strukturholding.de\/fr\/sujets\/surfaces-et-immobilieres\/developpement-et-gestion-de-projet-par-nos-societes\/aeroport-de-sarrebruck\/#breadcrumb"},"inLanguage":"fr-FR","potentialAction":[{"@type":"ReadAction","target":["https:\/\/www.strukturholding.de\/fr\/sujets\/surfaces-et-immobilieres\/developpement-et-gestion-de-projet-par-nos-societes\/aeroport-de-sarrebruck\/"]}]},{"@type":"BreadcrumbList","@id":"https:\/\/www.strukturholding.de\/fr\/sujets\/surfaces-et-immobilieres\/developpement-et-gestion-de-projet-par-nos-societes\/aeroport-de-sarrebruck\/#breadcrumb","itemListElement":[{"@type":"ListItem","position":1,"name":"Startseite","item":"https:\/\/www.strukturholding.de\/fr\/"},{"@type":"ListItem","position":2,"name":"Sujets","item":"https:\/\/www.strukturholding.de\/fr\/sujets\/"},{"@type":"ListItem","position":3,"name":"Surfaces et immobili\u00e8res","item":"https:\/\/www.strukturholding.de\/fr\/sujets\/surfaces-et-immobilieres\/"},{"@type":"ListItem","position":4,"name":"D\u00e9veloppement et gestion de projet par nos soci\u00e9t\u00e9s","item":"https:\/\/www.strukturholding.de\/fr\/sujets\/surfaces-et-immobilieres\/developpement-et-gestion-de-projet-par-nos-societes\/"},{"@type":"ListItem","position":5,"name":"A\u00e9roport de Sarrebruck"}]},{"@type":"WebSite","@id":"https:\/\/www.strukturholding.de\/#website","url":"https:\/\/www.strukturholding.de\/","name":"SHS | Strukturholding Saar","description":"","potentialAction":[{"@type":"SearchAction","target":{"@type":"EntryPoint","urlTemplate":"https:\/\/www.strukturholding.de\/?s={search_term_string}"},"query-input":{"@type":"PropertyValueSpecification","valueRequired":true,"valueName":"search_term_string"}}],"inLanguage":"fr-FR"}]}},"_links":{"self":[{"href":"https:\/\/www.strukturholding.de\/fr\/wp-json\/wp\/v2\/pages\/6594","targetHints":{"allow":["GET"]}}],"collection":[{"href":"https:\/\/www.strukturholding.de\/fr\/wp-json\/wp\/v2\/pages"}],"about":[{"href":"https:\/\/www.strukturholding.de\/fr\/wp-json\/wp\/v2\/types\/page"}],"author":[{"embeddable":true,"href":"https:\/\/www.strukturholding.de\/fr\/wp-json\/wp\/v2\/users\/2"}],"replies":[{"embeddable":true,"href":"https:\/\/www.strukturholding.de\/fr\/wp-json\/wp\/v2\/comments?post=6594"}],"version-history":[{"count":0,"href":"https:\/\/www.strukturholding.de\/fr\/wp-json\/wp\/v2\/pages\/6594\/revisions"}],"up":[{"embeddable":true,"href":"https:\/\/www.strukturholding.de\/fr\/wp-json\/wp\/v2\/pages\/6580"}],"wp:attachment":[{"href":"https:\/\/www.strukturholding.de\/fr\/wp-json\/wp\/v2\/media?parent=6594"}],"curies":[{"name":"wp","href":"https:\/\/api.w.org\/{rel}","templated":true}]}}