{"id":6592,"date":"2016-05-30T18:05:38","date_gmt":"2016-05-30T16:05:38","guid":{"rendered":"https:\/\/www.strukturholding.de\/fr\/flaechen-immobilien\/projektentwicklung-und-management-unserer-gesellschaften\/fisp-ford-industrial-supplier-park-saarlouis\/"},"modified":"2018-03-21T16:12:23","modified_gmt":"2018-03-21T15:12:23","slug":"fisp-ford-industrial-supplier-park-saarlouis","status":"publish","type":"page","link":"https:\/\/www.strukturholding.de\/fr\/sujets\/surfaces-et-immobilieres\/developpement-et-gestion-de-projet-par-nos-societes\/fisp-ford-industrial-supplier-park-saarlouis\/","title":{"rendered":"FISP \u2013 Ford Industrial Supplier Park Saarlouis"},"content":{"rendered":"<h1>FISP \u2013 Ford Industrial Supplier Park<\/h1>\n<table width=\"600\">\n<tbody>\n<tr>\n<td>Projet de construction<\/td>\n<td>Planification, Construction<\/td>\n<\/tr>\n<tr>\n<td>R\u00e9alisation<\/td>\n<td>1998 \u2013 2000<\/td>\n<\/tr>\n<tr>\n<td>Investissement<\/td>\n<td>100 millions d&rsquo;euros<\/td>\n<\/tr>\n<tr>\n<td>Surface<\/td>\n<td>202\u00a0000\u00a0m\u00b2<br \/>\nSurface utile\u00a0: 97\u00a0000\u00a0m\u00b2<\/td>\n<\/tr>\n<tr>\n<td>Donneur d&rsquo;ordre<\/td>\n<td>SBB<\/td>\n<\/tr>\n<tr>\n<td>&nbsp;<\/p>\n<p>Service<\/td>\n<td>&nbsp;<\/p>\n<p>Planification, construction,\u00a0pilotage projet<br \/>\nLEG Saar\/SBB<\/td>\n<\/tr>\n<\/tbody>\n<\/table>\n<p>&nbsp;<\/p>\n<h3>FISP &#8211; Magasin \u00e0 hauts rayonnages<\/h3>\n<table width=\"563\">\n<tbody>\n<tr>\n<td>Projet de construction<\/td>\n<td>B\u00e2timent neuf<\/td>\n<\/tr>\n<tr>\n<td>R\u00e9alisation<\/td>\n<td>2016<\/td>\n<\/tr>\n<tr>\n<td>Investissement<\/td>\n<td>6,5 millions d&rsquo;euros<\/td>\n<\/tr>\n<tr>\n<td>Surface<\/td>\n<td>Surface utile\u00a0: 2\u00a0600\u00a0m\u00b2<\/td>\n<\/tr>\n<tr>\n<td>Donneur d&rsquo;ordre<\/td>\n<td>SBB<\/td>\n<\/tr>\n<tr>\n<td>&nbsp;<\/p>\n<p>Service<\/td>\n<td>&nbsp;<\/p>\n<p>Planification, construction,<br \/>\npilotage projet SBB<br \/>\nCoordination s\u00e9curit\u00e9 et sant\u00e9 LEG Service<\/td>\n<\/tr>\n<\/tbody>\n<\/table>\n<p>&nbsp;<\/p>\n<p>Ce projet a cr\u00e9\u00e9 de nouveaux crit\u00e8res de r\u00e9f\u00e9rence et repr\u00e9sente une v\u00e9ritable enseigne pour la \u00ab\u00a0Sarre, pays de l&rsquo;automobile\u00a0\u00bb en raison de son caract\u00e8re unique.<\/p>\n<p>Le Ford Industrial Supplier Park, d&rsquo;un investissement de 100\u00a0millions d&rsquo;euros, a \u00e9t\u00e9 planifi\u00e9 et r\u00e9alis\u00e9 par la SBB Saarland Bau und Boden Projektgesellschaft.<\/p>\n","protected":false},"excerpt":{"rendered":"<p>FISP \u2013 Ford Industrial Supplier Park Projet de construction Planification, Construction R\u00e9alisation 1998 \u2013 2000<\/p>\n","protected":false},"author":2,"featured_media":0,"parent":6580,"menu_order":0,"comment_status":"closed","ping_status":"closed","template":"","meta":{"_acf_changed":false,"footnotes":""},"class_list":["post-6592","page","type-page","status-publish","hentry"],"acf":[],"yoast_head":"<!-- This site is optimized with the Yoast SEO plugin v27.4 - https:\/\/yoast.com\/product\/yoast-seo-wordpress\/ -->\n<title>FISP \u2013 Ford Industrial Supplier Park Saarlouis - SHS | Strukturholding Saar<\/title>\n<meta name=\"robots\" content=\"index, follow, max-snippet:-1, max-image-preview:large, max-video-preview:-1\" \/>\n<link rel=\"canonical\" href=\"https:\/\/www.strukturholding.de\/fr\/sujets\/surfaces-et-immobilieres\/developpement-et-gestion-de-projet-par-nos-societes\/fisp-ford-industrial-supplier-park-saarlouis\/\" \/>\n<meta property=\"og:locale\" content=\"fr_FR\" \/>\n<meta property=\"og:type\" content=\"article\" \/>\n<meta property=\"og:title\" content=\"FISP \u2013 Ford Industrial Supplier Park Saarlouis - SHS | Strukturholding Saar\" \/>\n<meta property=\"og:description\" content=\"FISP \u2013 Ford Industrial Supplier Park Projet de construction Planification, Construction R\u00e9alisation 1998 \u2013 2000\" \/>\n<meta property=\"og:url\" content=\"https:\/\/www.strukturholding.de\/fr\/sujets\/surfaces-et-immobilieres\/developpement-et-gestion-de-projet-par-nos-societes\/fisp-ford-industrial-supplier-park-saarlouis\/\" \/>\n<meta property=\"og:site_name\" content=\"SHS | Strukturholding Saar\" \/>\n<meta property=\"article:modified_time\" content=\"2018-03-21T15:12:23+00:00\" \/>\n<meta property=\"og:image\" content=\"https:\/\/www.strukturholding.de\/wp-content\/uploads\/2016\/10\/og_image_strukturholding.jpg\" \/>\n\t<meta property=\"og:image:width\" content=\"1200\" \/>\n\t<meta property=\"og:image:height\" content=\"630\" \/>\n\t<meta property=\"og:image:type\" content=\"image\/jpeg\" \/>\n<meta name=\"twitter:label1\" content=\"Dur\u00e9e de lecture estim\u00e9e\" \/>\n\t<meta name=\"twitter:data1\" content=\"1 minute\" \/>\n<script type=\"application\/ld+json\" class=\"yoast-schema-graph\">{\"@context\":\"https:\\\/\\\/schema.org\",\"@graph\":[{\"@type\":\"WebPage\",\"@id\":\"https:\\\/\\\/www.strukturholding.de\\\/fr\\\/sujets\\\/surfaces-et-immobilieres\\\/developpement-et-gestion-de-projet-par-nos-societes\\\/fisp-ford-industrial-supplier-park-saarlouis\\\/\",\"url\":\"https:\\\/\\\/www.strukturholding.de\\\/fr\\\/sujets\\\/surfaces-et-immobilieres\\\/developpement-et-gestion-de-projet-par-nos-societes\\\/fisp-ford-industrial-supplier-park-saarlouis\\\/\",\"name\":\"FISP \u2013 Ford Industrial Supplier Park Saarlouis - SHS | Strukturholding Saar\",\"isPartOf\":{\"@id\":\"https:\\\/\\\/www.strukturholding.de\\\/#website\"},\"datePublished\":\"2016-05-30T16:05:38+00:00\",\"dateModified\":\"2018-03-21T15:12:23+00:00\",\"breadcrumb\":{\"@id\":\"https:\\\/\\\/www.strukturholding.de\\\/fr\\\/sujets\\\/surfaces-et-immobilieres\\\/developpement-et-gestion-de-projet-par-nos-societes\\\/fisp-ford-industrial-supplier-park-saarlouis\\\/#breadcrumb\"},\"inLanguage\":\"fr-FR\",\"potentialAction\":[{\"@type\":\"ReadAction\",\"target\":[\"https:\\\/\\\/www.strukturholding.de\\\/fr\\\/sujets\\\/surfaces-et-immobilieres\\\/developpement-et-gestion-de-projet-par-nos-societes\\\/fisp-ford-industrial-supplier-park-saarlouis\\\/\"]}]},{\"@type\":\"BreadcrumbList\",\"@id\":\"https:\\\/\\\/www.strukturholding.de\\\/fr\\\/sujets\\\/surfaces-et-immobilieres\\\/developpement-et-gestion-de-projet-par-nos-societes\\\/fisp-ford-industrial-supplier-park-saarlouis\\\/#breadcrumb\",\"itemListElement\":[{\"@type\":\"ListItem\",\"position\":1,\"name\":\"Startseite\",\"item\":\"https:\\\/\\\/www.strukturholding.de\\\/fr\\\/\"},{\"@type\":\"ListItem\",\"position\":2,\"name\":\"Sujets\",\"item\":\"https:\\\/\\\/www.strukturholding.de\\\/fr\\\/sujets\\\/\"},{\"@type\":\"ListItem\",\"position\":3,\"name\":\"Surfaces et immobili\u00e8res\",\"item\":\"https:\\\/\\\/www.strukturholding.de\\\/fr\\\/sujets\\\/surfaces-et-immobilieres\\\/\"},{\"@type\":\"ListItem\",\"position\":4,\"name\":\"D\u00e9veloppement et gestion de projet par nos soci\u00e9t\u00e9s\",\"item\":\"https:\\\/\\\/www.strukturholding.de\\\/fr\\\/sujets\\\/surfaces-et-immobilieres\\\/developpement-et-gestion-de-projet-par-nos-societes\\\/\"},{\"@type\":\"ListItem\",\"position\":5,\"name\":\"FISP \u2013 Ford Industrial Supplier Park Saarlouis\"}]},{\"@type\":\"WebSite\",\"@id\":\"https:\\\/\\\/www.strukturholding.de\\\/#website\",\"url\":\"https:\\\/\\\/www.strukturholding.de\\\/\",\"name\":\"SHS | Strukturholding Saar\",\"description\":\"\",\"potentialAction\":[{\"@type\":\"SearchAction\",\"target\":{\"@type\":\"EntryPoint\",\"urlTemplate\":\"https:\\\/\\\/www.strukturholding.de\\\/?s={search_term_string}\"},\"query-input\":{\"@type\":\"PropertyValueSpecification\",\"valueRequired\":true,\"valueName\":\"search_term_string\"}}],\"inLanguage\":\"fr-FR\"}]}<\/script>\n<!-- \/ Yoast SEO plugin. -->","yoast_head_json":{"title":"FISP \u2013 Ford Industrial Supplier Park Saarlouis - SHS | Strukturholding Saar","robots":{"index":"index","follow":"follow","max-snippet":"max-snippet:-1","max-image-preview":"max-image-preview:large","max-video-preview":"max-video-preview:-1"},"canonical":"https:\/\/www.strukturholding.de\/fr\/sujets\/surfaces-et-immobilieres\/developpement-et-gestion-de-projet-par-nos-societes\/fisp-ford-industrial-supplier-park-saarlouis\/","og_locale":"fr_FR","og_type":"article","og_title":"FISP \u2013 Ford Industrial Supplier Park Saarlouis - SHS | Strukturholding Saar","og_description":"FISP \u2013 Ford Industrial Supplier Park Projet de construction Planification, Construction R\u00e9alisation 1998 \u2013 2000","og_url":"https:\/\/www.strukturholding.de\/fr\/sujets\/surfaces-et-immobilieres\/developpement-et-gestion-de-projet-par-nos-societes\/fisp-ford-industrial-supplier-park-saarlouis\/","og_site_name":"SHS | Strukturholding Saar","article_modified_time":"2018-03-21T15:12:23+00:00","og_image":[{"width":1200,"height":630,"url":"https:\/\/www.strukturholding.de\/wp-content\/uploads\/2016\/10\/og_image_strukturholding.jpg","type":"image\/jpeg"}],"twitter_misc":{"Dur\u00e9e de lecture estim\u00e9e":"1 minute"},"schema":{"@context":"https:\/\/schema.org","@graph":[{"@type":"WebPage","@id":"https:\/\/www.strukturholding.de\/fr\/sujets\/surfaces-et-immobilieres\/developpement-et-gestion-de-projet-par-nos-societes\/fisp-ford-industrial-supplier-park-saarlouis\/","url":"https:\/\/www.strukturholding.de\/fr\/sujets\/surfaces-et-immobilieres\/developpement-et-gestion-de-projet-par-nos-societes\/fisp-ford-industrial-supplier-park-saarlouis\/","name":"FISP \u2013 Ford Industrial Supplier Park Saarlouis - SHS | Strukturholding Saar","isPartOf":{"@id":"https:\/\/www.strukturholding.de\/#website"},"datePublished":"2016-05-30T16:05:38+00:00","dateModified":"2018-03-21T15:12:23+00:00","breadcrumb":{"@id":"https:\/\/www.strukturholding.de\/fr\/sujets\/surfaces-et-immobilieres\/developpement-et-gestion-de-projet-par-nos-societes\/fisp-ford-industrial-supplier-park-saarlouis\/#breadcrumb"},"inLanguage":"fr-FR","potentialAction":[{"@type":"ReadAction","target":["https:\/\/www.strukturholding.de\/fr\/sujets\/surfaces-et-immobilieres\/developpement-et-gestion-de-projet-par-nos-societes\/fisp-ford-industrial-supplier-park-saarlouis\/"]}]},{"@type":"BreadcrumbList","@id":"https:\/\/www.strukturholding.de\/fr\/sujets\/surfaces-et-immobilieres\/developpement-et-gestion-de-projet-par-nos-societes\/fisp-ford-industrial-supplier-park-saarlouis\/#breadcrumb","itemListElement":[{"@type":"ListItem","position":1,"name":"Startseite","item":"https:\/\/www.strukturholding.de\/fr\/"},{"@type":"ListItem","position":2,"name":"Sujets","item":"https:\/\/www.strukturholding.de\/fr\/sujets\/"},{"@type":"ListItem","position":3,"name":"Surfaces et immobili\u00e8res","item":"https:\/\/www.strukturholding.de\/fr\/sujets\/surfaces-et-immobilieres\/"},{"@type":"ListItem","position":4,"name":"D\u00e9veloppement et gestion de projet par nos soci\u00e9t\u00e9s","item":"https:\/\/www.strukturholding.de\/fr\/sujets\/surfaces-et-immobilieres\/developpement-et-gestion-de-projet-par-nos-societes\/"},{"@type":"ListItem","position":5,"name":"FISP \u2013 Ford Industrial Supplier Park Saarlouis"}]},{"@type":"WebSite","@id":"https:\/\/www.strukturholding.de\/#website","url":"https:\/\/www.strukturholding.de\/","name":"SHS | Strukturholding Saar","description":"","potentialAction":[{"@type":"SearchAction","target":{"@type":"EntryPoint","urlTemplate":"https:\/\/www.strukturholding.de\/?s={search_term_string}"},"query-input":{"@type":"PropertyValueSpecification","valueRequired":true,"valueName":"search_term_string"}}],"inLanguage":"fr-FR"}]}},"_links":{"self":[{"href":"https:\/\/www.strukturholding.de\/fr\/wp-json\/wp\/v2\/pages\/6592","targetHints":{"allow":["GET"]}}],"collection":[{"href":"https:\/\/www.strukturholding.de\/fr\/wp-json\/wp\/v2\/pages"}],"about":[{"href":"https:\/\/www.strukturholding.de\/fr\/wp-json\/wp\/v2\/types\/page"}],"author":[{"embeddable":true,"href":"https:\/\/www.strukturholding.de\/fr\/wp-json\/wp\/v2\/users\/2"}],"replies":[{"embeddable":true,"href":"https:\/\/www.strukturholding.de\/fr\/wp-json\/wp\/v2\/comments?post=6592"}],"version-history":[{"count":0,"href":"https:\/\/www.strukturholding.de\/fr\/wp-json\/wp\/v2\/pages\/6592\/revisions"}],"up":[{"embeddable":true,"href":"https:\/\/www.strukturholding.de\/fr\/wp-json\/wp\/v2\/pages\/6580"}],"wp:attachment":[{"href":"https:\/\/www.strukturholding.de\/fr\/wp-json\/wp\/v2\/media?parent=6592"}],"curies":[{"name":"wp","href":"https:\/\/api.w.org\/{rel}","templated":true}]}}