{"id":6589,"date":"2016-03-01T14:57:49","date_gmt":"2016-03-01T13:57:49","guid":{"rendered":"https:\/\/www.strukturholding.de\/fr\/flaechen-immobilien\/projektentwicklung-und-management-unserer-gesellschaften\/cispa\/"},"modified":"2018-03-21T16:09:57","modified_gmt":"2018-03-21T15:09:57","slug":"cispa","status":"publish","type":"page","link":"https:\/\/www.strukturholding.de\/fr\/sujets\/surfaces-et-immobilieres\/developpement-et-gestion-de-projet-par-nos-societes\/cispa\/","title":{"rendered":"CISPA \u2013 Center for IT Security, Privacy and Accountability Universit\u00e4tscampus Saarbru\u0308cken"},"content":{"rendered":"<h1>CISPA \u2013\u00a0Center for IT Security, Privacy and Accountability, Campus universitaire de Sarrebruck<\/h1>\n<table width=\"607\">\n<tbody>\n<tr>\n<td>Projet de construction<\/td>\n<td>B\u00e2timent neuf<\/td>\n<\/tr>\n<tr>\n<td>R\u00e9alisation<\/td>\n<td>2015<\/td>\n<\/tr>\n<tr>\n<td>Investissement<\/td>\n<td>12 millions d&rsquo;euros<\/td>\n<\/tr>\n<tr>\n<td>Surface<\/td>\n<td>env. 5\u00a0200 m\u00b2<\/td>\n<\/tr>\n<tr>\n<td>Donneur d&rsquo;ordre<\/td>\n<td>Universit\u00e9 de la Sarre<\/td>\n<\/tr>\n<tr>\n<td>&nbsp;<\/p>\n<p>Service<\/td>\n<td>&nbsp;<\/p>\n<p>Pilotage projet LEG Service<\/td>\n<\/tr>\n<\/tbody>\n<\/table>\n<p>&nbsp;<\/p>\n<p>Un nouveau b\u00e2timent pour la cyber-s\u00e9curit\u00e9 de la Sarre\u00a0: la nouvelle construction pour le CISPA (Centre pour la s\u00e9curit\u00e9, la confidentialit\u00e9 et la responsabilit\u00e9 informatique) a \u00e9t\u00e9 r\u00e9alis\u00e9e \u00e0 l&rsquo;entr\u00e9e est de l&rsquo;Universit\u00e9 de Sarrebruck. Pour ce projet, le pilotage avait \u00e9t\u00e9 confi\u00e9 \u00e0 la LEG Service.<\/p>\n","protected":false},"excerpt":{"rendered":"<p>CISPA \u2013\u00a0Center for IT Security, Privacy and Accountability, Campus universitaire de Sarrebruck Projet de construction<\/p>\n","protected":false},"author":2,"featured_media":0,"parent":6580,"menu_order":0,"comment_status":"closed","ping_status":"closed","template":"","meta":{"_acf_changed":false,"footnotes":""},"class_list":["post-6589","page","type-page","status-publish","hentry"],"acf":[],"yoast_head":"<!-- This site is optimized with the Yoast SEO plugin v27.5 - https:\/\/yoast.com\/product\/yoast-seo-wordpress\/ -->\n<title>CISPA \u2013 Center for IT Security, Privacy and Accountability Universit\u00e4tscampus Saarbru\u0308cken - SHS | Strukturholding Saar<\/title>\n<meta name=\"robots\" content=\"index, follow, max-snippet:-1, max-image-preview:large, max-video-preview:-1\" \/>\n<link rel=\"canonical\" href=\"https:\/\/www.strukturholding.de\/fr\/sujets\/surfaces-et-immobilieres\/developpement-et-gestion-de-projet-par-nos-societes\/cispa\/\" \/>\n<meta property=\"og:locale\" content=\"fr_FR\" \/>\n<meta property=\"og:type\" content=\"article\" \/>\n<meta property=\"og:title\" content=\"CISPA \u2013 Center for IT Security, Privacy and Accountability Universit\u00e4tscampus Saarbru\u0308cken - SHS | Strukturholding Saar\" \/>\n<meta property=\"og:description\" content=\"CISPA \u2013\u00a0Center for IT Security, Privacy and Accountability, Campus universitaire de Sarrebruck Projet de construction\" \/>\n<meta property=\"og:url\" content=\"https:\/\/www.strukturholding.de\/fr\/sujets\/surfaces-et-immobilieres\/developpement-et-gestion-de-projet-par-nos-societes\/cispa\/\" \/>\n<meta property=\"og:site_name\" content=\"SHS | Strukturholding Saar\" \/>\n<meta property=\"article:modified_time\" content=\"2018-03-21T15:09:57+00:00\" \/>\n<meta property=\"og:image\" content=\"https:\/\/www.strukturholding.de\/wp-content\/uploads\/2016\/10\/og_image_strukturholding.jpg\" \/>\n\t<meta property=\"og:image:width\" content=\"1200\" \/>\n\t<meta property=\"og:image:height\" content=\"630\" \/>\n\t<meta property=\"og:image:type\" content=\"image\/jpeg\" \/>\n<script type=\"application\/ld+json\" class=\"yoast-schema-graph\">{\"@context\":\"https:\\\/\\\/schema.org\",\"@graph\":[{\"@type\":\"WebPage\",\"@id\":\"https:\\\/\\\/www.strukturholding.de\\\/fr\\\/sujets\\\/surfaces-et-immobilieres\\\/developpement-et-gestion-de-projet-par-nos-societes\\\/cispa\\\/\",\"url\":\"https:\\\/\\\/www.strukturholding.de\\\/fr\\\/sujets\\\/surfaces-et-immobilieres\\\/developpement-et-gestion-de-projet-par-nos-societes\\\/cispa\\\/\",\"name\":\"CISPA \u2013 Center for IT Security, Privacy and Accountability Universit\u00e4tscampus Saarbru\u0308cken - SHS | Strukturholding Saar\",\"isPartOf\":{\"@id\":\"https:\\\/\\\/www.strukturholding.de\\\/#website\"},\"datePublished\":\"2016-03-01T13:57:49+00:00\",\"dateModified\":\"2018-03-21T15:09:57+00:00\",\"breadcrumb\":{\"@id\":\"https:\\\/\\\/www.strukturholding.de\\\/fr\\\/sujets\\\/surfaces-et-immobilieres\\\/developpement-et-gestion-de-projet-par-nos-societes\\\/cispa\\\/#breadcrumb\"},\"inLanguage\":\"fr-FR\",\"potentialAction\":[{\"@type\":\"ReadAction\",\"target\":[\"https:\\\/\\\/www.strukturholding.de\\\/fr\\\/sujets\\\/surfaces-et-immobilieres\\\/developpement-et-gestion-de-projet-par-nos-societes\\\/cispa\\\/\"]}]},{\"@type\":\"BreadcrumbList\",\"@id\":\"https:\\\/\\\/www.strukturholding.de\\\/fr\\\/sujets\\\/surfaces-et-immobilieres\\\/developpement-et-gestion-de-projet-par-nos-societes\\\/cispa\\\/#breadcrumb\",\"itemListElement\":[{\"@type\":\"ListItem\",\"position\":1,\"name\":\"Startseite\",\"item\":\"https:\\\/\\\/www.strukturholding.de\\\/fr\\\/\"},{\"@type\":\"ListItem\",\"position\":2,\"name\":\"Sujets\",\"item\":\"https:\\\/\\\/www.strukturholding.de\\\/fr\\\/sujets\\\/\"},{\"@type\":\"ListItem\",\"position\":3,\"name\":\"Surfaces et immobili\u00e8res\",\"item\":\"https:\\\/\\\/www.strukturholding.de\\\/fr\\\/sujets\\\/surfaces-et-immobilieres\\\/\"},{\"@type\":\"ListItem\",\"position\":4,\"name\":\"D\u00e9veloppement et gestion de projet par nos soci\u00e9t\u00e9s\",\"item\":\"https:\\\/\\\/www.strukturholding.de\\\/fr\\\/sujets\\\/surfaces-et-immobilieres\\\/developpement-et-gestion-de-projet-par-nos-societes\\\/\"},{\"@type\":\"ListItem\",\"position\":5,\"name\":\"CISPA \u2013 Center for IT Security, Privacy and Accountability Universit\u00e4tscampus Saarbru\u0308cken\"}]},{\"@type\":\"WebSite\",\"@id\":\"https:\\\/\\\/www.strukturholding.de\\\/#website\",\"url\":\"https:\\\/\\\/www.strukturholding.de\\\/\",\"name\":\"SHS | Strukturholding Saar\",\"description\":\"\",\"potentialAction\":[{\"@type\":\"SearchAction\",\"target\":{\"@type\":\"EntryPoint\",\"urlTemplate\":\"https:\\\/\\\/www.strukturholding.de\\\/?s={search_term_string}\"},\"query-input\":{\"@type\":\"PropertyValueSpecification\",\"valueRequired\":true,\"valueName\":\"search_term_string\"}}],\"inLanguage\":\"fr-FR\"}]}<\/script>\n<!-- \/ Yoast SEO plugin. -->","yoast_head_json":{"title":"CISPA \u2013 Center for IT Security, Privacy and Accountability Universit\u00e4tscampus Saarbru\u0308cken - SHS | Strukturholding Saar","robots":{"index":"index","follow":"follow","max-snippet":"max-snippet:-1","max-image-preview":"max-image-preview:large","max-video-preview":"max-video-preview:-1"},"canonical":"https:\/\/www.strukturholding.de\/fr\/sujets\/surfaces-et-immobilieres\/developpement-et-gestion-de-projet-par-nos-societes\/cispa\/","og_locale":"fr_FR","og_type":"article","og_title":"CISPA \u2013 Center for IT Security, Privacy and Accountability Universit\u00e4tscampus Saarbru\u0308cken - SHS | Strukturholding Saar","og_description":"CISPA \u2013\u00a0Center for IT Security, Privacy and Accountability, Campus universitaire de Sarrebruck Projet de construction","og_url":"https:\/\/www.strukturholding.de\/fr\/sujets\/surfaces-et-immobilieres\/developpement-et-gestion-de-projet-par-nos-societes\/cispa\/","og_site_name":"SHS | Strukturholding Saar","article_modified_time":"2018-03-21T15:09:57+00:00","og_image":[{"width":1200,"height":630,"url":"https:\/\/www.strukturholding.de\/wp-content\/uploads\/2016\/10\/og_image_strukturholding.jpg","type":"image\/jpeg"}],"schema":{"@context":"https:\/\/schema.org","@graph":[{"@type":"WebPage","@id":"https:\/\/www.strukturholding.de\/fr\/sujets\/surfaces-et-immobilieres\/developpement-et-gestion-de-projet-par-nos-societes\/cispa\/","url":"https:\/\/www.strukturholding.de\/fr\/sujets\/surfaces-et-immobilieres\/developpement-et-gestion-de-projet-par-nos-societes\/cispa\/","name":"CISPA \u2013 Center for IT Security, Privacy and Accountability Universit\u00e4tscampus Saarbru\u0308cken - SHS | Strukturholding Saar","isPartOf":{"@id":"https:\/\/www.strukturholding.de\/#website"},"datePublished":"2016-03-01T13:57:49+00:00","dateModified":"2018-03-21T15:09:57+00:00","breadcrumb":{"@id":"https:\/\/www.strukturholding.de\/fr\/sujets\/surfaces-et-immobilieres\/developpement-et-gestion-de-projet-par-nos-societes\/cispa\/#breadcrumb"},"inLanguage":"fr-FR","potentialAction":[{"@type":"ReadAction","target":["https:\/\/www.strukturholding.de\/fr\/sujets\/surfaces-et-immobilieres\/developpement-et-gestion-de-projet-par-nos-societes\/cispa\/"]}]},{"@type":"BreadcrumbList","@id":"https:\/\/www.strukturholding.de\/fr\/sujets\/surfaces-et-immobilieres\/developpement-et-gestion-de-projet-par-nos-societes\/cispa\/#breadcrumb","itemListElement":[{"@type":"ListItem","position":1,"name":"Startseite","item":"https:\/\/www.strukturholding.de\/fr\/"},{"@type":"ListItem","position":2,"name":"Sujets","item":"https:\/\/www.strukturholding.de\/fr\/sujets\/"},{"@type":"ListItem","position":3,"name":"Surfaces et immobili\u00e8res","item":"https:\/\/www.strukturholding.de\/fr\/sujets\/surfaces-et-immobilieres\/"},{"@type":"ListItem","position":4,"name":"D\u00e9veloppement et gestion de projet par nos soci\u00e9t\u00e9s","item":"https:\/\/www.strukturholding.de\/fr\/sujets\/surfaces-et-immobilieres\/developpement-et-gestion-de-projet-par-nos-societes\/"},{"@type":"ListItem","position":5,"name":"CISPA \u2013 Center for IT Security, Privacy and Accountability Universit\u00e4tscampus Saarbru\u0308cken"}]},{"@type":"WebSite","@id":"https:\/\/www.strukturholding.de\/#website","url":"https:\/\/www.strukturholding.de\/","name":"SHS | Strukturholding Saar","description":"","potentialAction":[{"@type":"SearchAction","target":{"@type":"EntryPoint","urlTemplate":"https:\/\/www.strukturholding.de\/?s={search_term_string}"},"query-input":{"@type":"PropertyValueSpecification","valueRequired":true,"valueName":"search_term_string"}}],"inLanguage":"fr-FR"}]}},"_links":{"self":[{"href":"https:\/\/www.strukturholding.de\/fr\/wp-json\/wp\/v2\/pages\/6589","targetHints":{"allow":["GET"]}}],"collection":[{"href":"https:\/\/www.strukturholding.de\/fr\/wp-json\/wp\/v2\/pages"}],"about":[{"href":"https:\/\/www.strukturholding.de\/fr\/wp-json\/wp\/v2\/types\/page"}],"author":[{"embeddable":true,"href":"https:\/\/www.strukturholding.de\/fr\/wp-json\/wp\/v2\/users\/2"}],"replies":[{"embeddable":true,"href":"https:\/\/www.strukturholding.de\/fr\/wp-json\/wp\/v2\/comments?post=6589"}],"version-history":[{"count":0,"href":"https:\/\/www.strukturholding.de\/fr\/wp-json\/wp\/v2\/pages\/6589\/revisions"}],"up":[{"embeddable":true,"href":"https:\/\/www.strukturholding.de\/fr\/wp-json\/wp\/v2\/pages\/6580"}],"wp:attachment":[{"href":"https:\/\/www.strukturholding.de\/fr\/wp-json\/wp\/v2\/media?parent=6589"}],"curies":[{"name":"wp","href":"https:\/\/api.w.org\/{rel}","templated":true}]}}