{"id":6452,"date":"2015-09-02T10:43:15","date_gmt":"2015-09-02T08:43:15","guid":{"rendered":"https:\/\/www.strukturholding.de\/fr\/utah-trade-representative\/"},"modified":"2016-08-24T14:18:06","modified_gmt":"2016-08-24T12:18:06","slug":"utah-trade-representative","status":"publish","type":"page","link":"https:\/\/www.strukturholding.de\/fr\/sujets\/investir-en-sarre\/representation-commerciale-de-l-utah-en-europe\/utah-trade-representative\/","title":{"rendered":"Utah Trade Representative"},"content":{"rendered":"<div class=\"BorlabsCookie _brlbs-cb-youtube\">\n<div class=\"_brlbs-content-blocker\">\n<div class=\"_brlbs-embed _brlbs-video-youtube\"> <img decoding=\"async\" class=\"_brlbs-thumbnail\" src=\"https:\/\/www.strukturholding.de\/wp-content\/plugins\/borlabs-cookie\/assets\/images\/cb-no-thumbnail.png\" alt=\"YouTube\"> <\/p>\n<div class=\"_brlbs-caption\">\n<p>En chargeant la vid\u00e9o, vous acceptez la politique de confidentialit\u00e9 de YouTube.<br \/><a href=\"https:\/\/policies.google.com\/privacy\" target=\"_blank\" rel=\"nofollow noopener noreferrer\">En savoir plus<\/a><\/p>\n<p><a class=\"_brlbs-btn _brlbs-icon-play-white\" href=\"#\" data-borlabs-cookie-unblock role=\"button\">Charger la vid\u00e9o<\/a><\/p>\n<p><label><input type=\"checkbox\" name=\"unblockAll\" value=\"1\" checked> <small>Toujours d\u00e9verrouiller YouTube<\/small><\/label><\/p>\n<\/p><\/div>\n<\/p><\/div>\n<\/p><\/div>\n<div class=\"borlabs-hide\" data-borlabs-cookie-type=\"content-blocker\" data-borlabs-cookie-id=\"youtube\"><script type=\"text\/template\">PGlmcmFtZSB0aXRsZT0iQW5qYSBQZXRzY2hhdWVyIC0gVXRhaCBHbG9iYWwgRm9ydW0gMjAxNCIgd2lkdGg9IjUwMCIgaGVpZ2h0PSIyODEiIHNyYz0iaHR0cHM6Ly93d3cueW91dHViZS1ub2Nvb2tpZS5jb20vZW1iZWQvUHo1Z09qSmhrTTA\/ZmVhdHVyZT1vZW1iZWQiIGZyYW1lYm9yZGVyPSIwIiBhbGxvdz0iYWNjZWxlcm9tZXRlcjsgYXV0b3BsYXk7IGNsaXBib2FyZC13cml0ZTsgZW5jcnlwdGVkLW1lZGlhOyBneXJvc2NvcGU7IHBpY3R1cmUtaW4tcGljdHVyZTsgd2ViLXNoYXJlIiByZWZlcnJlcnBvbGljeT0ic3RyaWN0LW9yaWdpbi13aGVuLWNyb3NzLW9yaWdpbiIgYWxsb3dmdWxsc2NyZWVuPjwvaWZyYW1lPg==<\/script><\/div>\n<\/div>\n<p>En octobre 2014, Anja Petschauer est intervenue lors du Utah Global Forum 2014. Cliquez ci-dessus pour \u00e9couter son discours sur le march\u00e9 europ\u00e9en et les nombreuses informations et faits qu&rsquo;elle donne.<\/p>\n<hr \/>\n<h1>La Sarre, charg\u00e9e de repr\u00e9sentation commerciale par l&rsquo;Utah<\/h1>\n<p><a href=\"https:\/\/www.strukturholding.de\/wp-content\/uploads\/2015\/09\/pinning_ceremony_web.jpg\"><img loading=\"lazy\" decoding=\"async\" class=\"alignnone size-gallery-thumb wp-image-2480\" src=\"https:\/\/www.strukturholding.de\/wp-content\/uploads\/2015\/09\/pinning_ceremony_web-600x320.jpg\" alt=\"pinning_ceremony_web\" width=\"600\" height=\"320\" \/><\/a><\/p>\n<p>La gwSaar, la soci\u00e9t\u00e9 de promotion \u00e9conomique de la Sarre, est le partenaire d\u00e9sign\u00e9 pour la gestion active des nouvelles implantations et la promotion du commerce ext\u00e9rieur. Mais son portefeuille de services s&rsquo;est encore \u00e9tendu : en juin 2014, la gwSaar a \u00e9t\u00e9 nomm\u00e9e repr\u00e9sentante officielle de l&rsquo;Utah pour l&rsquo;Union europ\u00e9enne. La photo de droite \u00e0 \u00e9t\u00e9 prise lors de la c\u00e9r\u00e9monie organis\u00e9e \u00e0 l&rsquo;occasion de cette reconnaissance prestigieuse.<\/p>\n<p>L&rsquo;Utah est un site attractif mettant l&rsquo;accent sur la logistique, les entreprises high tech et les entreprises industrielles de r\u00e9ussite. Pour la cinqui\u00e8me ann\u00e9e cons\u00e9cutive, l&rsquo;Utah a \u00e9t\u00e9 nomm\u00e9 parmi les 3 meilleurs sites par le magazine Forbes dans la cat\u00e9gorie \u00ab Meilleur \u00c9tat pour les affaires et la carri\u00e8re \u00bb. Cet \u00c9tat am\u00e9ricain offre un grand potentiel d&rsquo;opportunit\u00e9s dans le cadre de partenariats et de coop\u00e9rations avec de nombreuses entreprises de r\u00e9ussite, notamment dans les domaines de l&rsquo;informatique, des sciences de la vie et de l&rsquo;a\u00e9ronautique et de l&rsquo;a\u00e9rospatiale.<\/p>\n<p>Dans le cadre de l&rsquo;internationalisation de leurs activit\u00e9s, ces entreprises peuvent b\u00e9n\u00e9ficier du r\u00e9seau fort de la Sarre qui rassemble des entreprises, des institutions, des clusters et le monde politique. La gwSaar s&rsquo;offre en tant qu&rsquo;interlocuteur pour les entreprises et les soutient \u00e0 prendre pied au sein de la plus grande \u00e9conomie au monde.<\/p>\n<hr \/>\n<h2>La Sarre met en place le Help Desk de l&rsquo;Utah \u00e0 Berlin<\/h2>\n<p>Un interlocuteur suffit pour entrer sur le march\u00e9 am\u00e9ricain. Le nouveau Help Desk de l&rsquo;Utah aide les entreprises d&rsquo;Europe qui souhaite \u00e9tendre leurs activit\u00e9s 24 heures sur 24, 7 jours sur 7. L&rsquo;Utah a \u00e9t\u00e9 de nouveau r\u00e9compens\u00e9 en tant que meilleur \u00c9tat am\u00e9ricain pour le d\u00e9veloppement des entreprises. Alors pourquoi ne pas conqu\u00e9rir un march\u00e9 am\u00e9ricain o\u00f9 des entreprises de r\u00e9ussite mondiales sont \u00e9galement implant\u00e9es ?<\/p>\n<p><a href=\"https:\/\/www.strukturholding.de\/wp-content\/uploads\/2015\/09\/anna_derschang_web.jpg\"><img loading=\"lazy\" decoding=\"async\" class=\"alignnone wp-image-2483 size-gallery-thumb\" src=\"https:\/\/www.strukturholding.de\/wp-content\/uploads\/2015\/09\/anna_derschang_web-600x320.jpg\" alt=\"anna_derschang_web\" width=\"600\" height=\"320\" \/><\/a><\/p>\n<p>Anna Derschang, gestionnaire de projets au bureau de Berlin, r\u00e9sume  les prestations propos\u00e9es : \u00ab Le Governor\u2019s Office of Economic Development de l\u2019Utah (Office pour le d\u00e9veloppement \u00e9conomique) fournit tout d&rsquo;abord, conjointement avec la gwSaar, un aper\u00e7u de votre secteur dans l&rsquo;Utah et aux \u00c9tats-Unis. Au cours du projet, notre \u00e9quipe professionnelle peut vous aider dans votre recherche de sites appropri\u00e9s et de partenaires de confiance, par ex. pour les questions logistiques, financi\u00e8res et juridiques ou en mati\u00e8re de recrutement. Les prescriptions aux \u00c9tats-Unis sont diff\u00e9rentes sous bien des aspects par rapport \u00e0 celles de l&rsquo;UE. La cr\u00e9ation de votre entreprise, les demandes de permis et les questions r\u00e9glementaires sont autant d&rsquo;obstacles faciles \u00e0 surmonter gr\u00e2ce \u00e0 des partenaires comp\u00e9tents. \u00bb<\/p>\n<p><a href=\"https:\/\/www.strukturholding.de\/wp-content\/uploads\/2015\/09\/marlon_berett.jpg\"><img loading=\"lazy\" decoding=\"async\" class=\"alignnone wp-image-4791 size-gallery-thumb\" src=\"https:\/\/www.strukturholding.de\/wp-content\/uploads\/2015\/09\/marlon_berett-600x320.jpg\" alt=\"marlon_berett\" width=\"600\" height=\"320\" \/><\/a><\/p>\n<p>L&rsquo;\u00e9quipe de Berlin est soutenue par Marlon Berrett, un partenaire de longue date de la gwSaar et repr\u00e9sentant de l&rsquo;Utah pour l&rsquo;UE : \u00ab Nous avons voulu rendre la proc\u00e9dure int\u00e9grale aussi confortable que possible pour les entreprises. Gr\u00e2ce \u00e0 notre bureau dans l&rsquo;Utah, le d\u00e9calage horaire ne pose aucun probl\u00e8me. Et \u00e9tant donn\u00e9 que nous avons \u00e9galement des activit\u00e9s dans l&rsquo;Utah, nous savons ce qu&rsquo;il faut pour r\u00e9ussir dans l&rsquo;Utah et \u00c9tats-Unis. \u00bb<\/p>\n<p>Pour plus d&rsquo;informations, contactez Marlon Berrett \u00e0 <a href=\"mailto:to.mrberrett@gmail.com\">\u00bb to.mrberrett@gmail.com<\/a> ou au 001 801 699 0765.<\/p>\n<hr \/>\n<h2>Interview du g\u00e9rant de la Soci\u00e9t\u00e9 de promotion \u00e9conomique de la Sarre concernant le nouveau contrat avec l&rsquo;Utah<\/h2>\n<p><a href=\"https:\/\/www.strukturholding.de\/wp-content\/uploads\/2015\/09\/thomas_schuck_web.jpg\"><img loading=\"lazy\" decoding=\"async\" class=\"alignnone size-gallery-thumb wp-image-2489\" src=\"https:\/\/www.strukturholding.de\/wp-content\/uploads\/2015\/09\/thomas_schuck_web-600x320.jpg\" alt=\"thomas_schuck_web\" width=\"600\" height=\"320\" \/><\/a><\/p>\n<p>La Soci\u00e9t\u00e9 de promotion \u00e9conomique de la Sarre (gwSaar) s&rsquo;est vue r\u00e9cemment confier la r\u00e9pr\u00e9sentation commerciale de l&rsquo;Utah. Afin de mieux comprendre ce que cela signifie, le g\u00e9rant de la gwSaar, Thomas Schuck, nous a r\u00e9pondu dans le cadre d&rsquo;une interview.<\/p>\n<p><b>La gwSaar a \u00e9t\u00e9 s\u00e9lectionn\u00e9e dans le cadre d&rsquo;un appel d&rsquo;offres europ\u00e9en pour repr\u00e9senter commercialement l&rsquo;Utah sur le march\u00e9 europ\u00e9en. Comment pouvez-vous d\u00e9crire cette nouvelle t\u00e2che ?<\/b><br \/>\nEn tant que repr\u00e9sentation commerciale de l&rsquo;Utah, nous avons deux fonctions principales. D&rsquo;une part, soutenir les entreprises de l&rsquo;Utah qui veulent conqu\u00e9rir le march\u00e9 europ\u00e9en. Cela va de la recherche d&rsquo;un site d&rsquo;implantation au matchmaking pour toutes les questions de cr\u00e9ation d&rsquo;entreprise en Europe. D&rsquo;autre part, nous soutenons les entreprises europ\u00e9ennes qui souhaitent entrer sur le march\u00e9 am\u00e9ricain, en particulier sur le march\u00e9 de l&rsquo;Utah, l&rsquo;un des \u00c9tats am\u00e9ricains les plus dynamiques.<\/p>\n<p><b>Pourquoi la gwSaar est-elle qualifi\u00e9e pour cette t\u00e2che ?<\/b><br \/>\nLa gwSaar travaille d\u00e9j\u00e0 depuis des ann\u00e9es avec le Governor\u2019s Office of Economic Development (GOED) et les entreprises et les acteurs de toutes les branches principales dans l&rsquo;Utah. Gr\u00e2ce \u00e0 ce r\u00e9seau, les entreprises b\u00e9n\u00e9ficient le suivi intensif et efficace dont elles ont besoin pour \u00e9tendre leur entreprise \u00e0 l&rsquo;\u00e9tranger. Elles trouvent ainsi rapidement et simplement une r\u00e9ponse \u00e0 toutes leurs questions allant des informations sur le site aux possibilit\u00e9s de financement. Parall\u00e8lement, la gwSaar dispose d&rsquo;un \u00e9troit r\u00e9seau en Europe qui facilite l&rsquo;acc\u00e8s au march\u00e9 europ\u00e9en et fournit des informations aux entreprises pour leur r\u00e9ussite en Europe.<\/p>\n<p><b>Vers qui les entreprises peuvent-elles se tourner ?<\/b><br \/>\nNous avons cr\u00e9\u00e9 un \u00ab Utah Help Desk \u00bb au sein de notre bureau de Berlin. Gr\u00e2ce \u00e0 la repr\u00e9sentation du Land de Sarre et \u00e0 la proximit\u00e9 de l&rsquo;Ambassade am\u00e9ricaine, toutes les questions y sont re\u00e7ues et trait\u00e9es par le biais de notre \u00e9quipe du service clients.<\/p>\n<p><b>Ce service est-il gratuit ?<\/b><br \/>\nGr\u00e2ce au soutien du GOED, ce service de la gwSaar est gratuit pour les entreprises. Si, par la suite, elles souhaitent poursuivre leur conqu\u00eate d&rsquo;un nouveau march\u00e9, cela fait partie du cours normal des affaires et est discut\u00e9 par les diff\u00e9rents partenaires.<\/p>\n<hr \/>\n<h2>Commentaire du Directeur de l&rsquo;International Trade &amp; Diplomacy Office<\/h2>\n<p>\u00ab Gr\u00e2ce \u00e0 la gwSaar, nous disposons d&rsquo;un partenaire exceptionnel auquel revient le r\u00f4le-cl\u00e9 de faire mieux conna\u00eetre l&rsquo;Utah en tant que site d&rsquo;affaires mondial \u00bb, explique Brett Heimburger, Directeur de l&rsquo;International Trade and Diplomacy Office (Office pour le commerce et la diplomatie internationaux). \u00ab Gr\u00e2ce \u00e0 cette r\u00e9organisation, le GOED peut mieux utiliser les investissements \u00e9trangers directs et nous pouvons mieux r\u00e9pondre aux besoins des diff\u00e9rentes entreprises internationales dans l&rsquo;Utah. \u00bb<\/p>\n<p><b>Brett Heimburger<br \/>\nDirecteur, International Trade and Diplomacy Office<\/b><\/p>\n<hr \/>\n<h3>Coordonn\u00e9es<\/h3>\n<p>Si vous souhaitez en savoir plus sur nos services concernant la p\u00e9n\u00e9tration du march\u00e9 am\u00e9ricain ou europ\u00e9en, veuillez vous adresser \u00e0 :<\/p>\n<p><b>Europe<\/b><br \/>\nAnna Derschang<br \/>\n<a href=\"mailto:Business-utah@gwsaar.com\">\u00bb Business-utah@gwsaar.com<\/a><\/p>\n<p><b>U.S.<\/b><br \/>\nMarlon Berrett<br \/>\n<a href=\"mailto:to.mrberrett@gmail.com\">\u00bb to.mrberrett@gmail.com<\/a><\/p>\n<p>&nbsp;<\/p>\n<p>Suivez-nous sur Facebook ! <a href=\"https:\/\/www.facebook.com\/saarland.invest\" target=\"_blank\">\u00bb Cliquez ici<\/a>.<\/p>\n","protected":false},"excerpt":{"rendered":"<p>En chargeant la vid\u00e9o, vous acceptez la politique de confidentialit\u00e9 de YouTube.En savoir plus Charger<\/p>\n","protected":false},"author":2,"featured_media":0,"parent":6460,"menu_order":0,"comment_status":"closed","ping_status":"open","template":"","meta":{"_acf_changed":false,"footnotes":""},"class_list":["post-6452","page","type-page","status-publish","hentry"],"acf":[],"yoast_head":"<!-- This site is optimized with the Yoast SEO plugin v27.4 - https:\/\/yoast.com\/product\/yoast-seo-wordpress\/ -->\n<title>Utah Trade Representative - SHS | Strukturholding Saar<\/title>\n<meta name=\"robots\" content=\"index, follow, max-snippet:-1, max-image-preview:large, max-video-preview:-1\" \/>\n<link rel=\"canonical\" href=\"https:\/\/www.strukturholding.de\/fr\/sujets\/investir-en-sarre\/representation-commerciale-de-l-utah-en-europe\/utah-trade-representative\/\" \/>\n<meta property=\"og:locale\" content=\"fr_FR\" \/>\n<meta property=\"og:type\" content=\"article\" \/>\n<meta property=\"og:title\" content=\"Utah Trade Representative - SHS | Strukturholding Saar\" \/>\n<meta property=\"og:description\" content=\"En chargeant la vid\u00e9o, vous acceptez la politique de confidentialit\u00e9 de YouTube.En savoir plus Charger\" \/>\n<meta property=\"og:url\" content=\"https:\/\/www.strukturholding.de\/fr\/sujets\/investir-en-sarre\/representation-commerciale-de-l-utah-en-europe\/utah-trade-representative\/\" \/>\n<meta property=\"og:site_name\" content=\"SHS | Strukturholding Saar\" \/>\n<meta property=\"article:modified_time\" content=\"2016-08-24T12:18:06+00:00\" \/>\n<meta property=\"og:image\" content=\"https:\/\/www.strukturholding.de\/wp-content\/uploads\/2015\/09\/pinning_ceremony_web-600x320.jpg\" \/>\n<meta name=\"twitter:label1\" content=\"Dur\u00e9e de lecture estim\u00e9e\" \/>\n\t<meta name=\"twitter:data1\" content=\"6 minutes\" \/>\n<script type=\"application\/ld+json\" class=\"yoast-schema-graph\">{\"@context\":\"https:\\\/\\\/schema.org\",\"@graph\":[{\"@type\":\"WebPage\",\"@id\":\"https:\\\/\\\/www.strukturholding.de\\\/fr\\\/sujets\\\/investir-en-sarre\\\/representation-commerciale-de-l-utah-en-europe\\\/utah-trade-representative\\\/\",\"url\":\"https:\\\/\\\/www.strukturholding.de\\\/fr\\\/sujets\\\/investir-en-sarre\\\/representation-commerciale-de-l-utah-en-europe\\\/utah-trade-representative\\\/\",\"name\":\"Utah Trade Representative - SHS | Strukturholding Saar\",\"isPartOf\":{\"@id\":\"https:\\\/\\\/www.strukturholding.de\\\/#website\"},\"primaryImageOfPage\":{\"@id\":\"https:\\\/\\\/www.strukturholding.de\\\/fr\\\/sujets\\\/investir-en-sarre\\\/representation-commerciale-de-l-utah-en-europe\\\/utah-trade-representative\\\/#primaryimage\"},\"image\":{\"@id\":\"https:\\\/\\\/www.strukturholding.de\\\/fr\\\/sujets\\\/investir-en-sarre\\\/representation-commerciale-de-l-utah-en-europe\\\/utah-trade-representative\\\/#primaryimage\"},\"thumbnailUrl\":\"https:\\\/\\\/www.strukturholding.de\\\/wp-content\\\/uploads\\\/2015\\\/09\\\/pinning_ceremony_web-600x320.jpg\",\"datePublished\":\"2015-09-02T08:43:15+00:00\",\"dateModified\":\"2016-08-24T12:18:06+00:00\",\"breadcrumb\":{\"@id\":\"https:\\\/\\\/www.strukturholding.de\\\/fr\\\/sujets\\\/investir-en-sarre\\\/representation-commerciale-de-l-utah-en-europe\\\/utah-trade-representative\\\/#breadcrumb\"},\"inLanguage\":\"fr-FR\",\"potentialAction\":[{\"@type\":\"ReadAction\",\"target\":[\"https:\\\/\\\/www.strukturholding.de\\\/fr\\\/sujets\\\/investir-en-sarre\\\/representation-commerciale-de-l-utah-en-europe\\\/utah-trade-representative\\\/\"]}]},{\"@type\":\"ImageObject\",\"inLanguage\":\"fr-FR\",\"@id\":\"https:\\\/\\\/www.strukturholding.de\\\/fr\\\/sujets\\\/investir-en-sarre\\\/representation-commerciale-de-l-utah-en-europe\\\/utah-trade-representative\\\/#primaryimage\",\"url\":\"https:\\\/\\\/www.strukturholding.de\\\/wp-content\\\/uploads\\\/2015\\\/09\\\/pinning_ceremony_web-600x320.jpg\",\"contentUrl\":\"https:\\\/\\\/www.strukturholding.de\\\/wp-content\\\/uploads\\\/2015\\\/09\\\/pinning_ceremony_web-600x320.jpg\"},{\"@type\":\"BreadcrumbList\",\"@id\":\"https:\\\/\\\/www.strukturholding.de\\\/fr\\\/sujets\\\/investir-en-sarre\\\/representation-commerciale-de-l-utah-en-europe\\\/utah-trade-representative\\\/#breadcrumb\",\"itemListElement\":[{\"@type\":\"ListItem\",\"position\":1,\"name\":\"Startseite\",\"item\":\"https:\\\/\\\/www.strukturholding.de\\\/fr\\\/\"},{\"@type\":\"ListItem\",\"position\":2,\"name\":\"Sujets\",\"item\":\"https:\\\/\\\/www.strukturholding.de\\\/fr\\\/sujets\\\/\"},{\"@type\":\"ListItem\",\"position\":3,\"name\":\"Investir en Sarre\",\"item\":\"https:\\\/\\\/www.strukturholding.de\\\/fr\\\/sujets\\\/investir-en-sarre\\\/\"},{\"@type\":\"ListItem\",\"position\":4,\"name\":\"Repr\u00e9sentation commerciale de l&rsquo;Utah en Europe\",\"item\":\"https:\\\/\\\/www.strukturholding.de\\\/fr\\\/?page_id=6460\"},{\"@type\":\"ListItem\",\"position\":5,\"name\":\"Utah Trade Representative\"}]},{\"@type\":\"WebSite\",\"@id\":\"https:\\\/\\\/www.strukturholding.de\\\/#website\",\"url\":\"https:\\\/\\\/www.strukturholding.de\\\/\",\"name\":\"SHS | Strukturholding Saar\",\"description\":\"\",\"potentialAction\":[{\"@type\":\"SearchAction\",\"target\":{\"@type\":\"EntryPoint\",\"urlTemplate\":\"https:\\\/\\\/www.strukturholding.de\\\/?s={search_term_string}\"},\"query-input\":{\"@type\":\"PropertyValueSpecification\",\"valueRequired\":true,\"valueName\":\"search_term_string\"}}],\"inLanguage\":\"fr-FR\"}]}<\/script>\n<!-- \/ Yoast SEO plugin. -->","yoast_head_json":{"title":"Utah Trade Representative - SHS | Strukturholding Saar","robots":{"index":"index","follow":"follow","max-snippet":"max-snippet:-1","max-image-preview":"max-image-preview:large","max-video-preview":"max-video-preview:-1"},"canonical":"https:\/\/www.strukturholding.de\/fr\/sujets\/investir-en-sarre\/representation-commerciale-de-l-utah-en-europe\/utah-trade-representative\/","og_locale":"fr_FR","og_type":"article","og_title":"Utah Trade Representative - SHS | Strukturholding Saar","og_description":"En chargeant la vid\u00e9o, vous acceptez la politique de confidentialit\u00e9 de YouTube.En savoir plus Charger","og_url":"https:\/\/www.strukturholding.de\/fr\/sujets\/investir-en-sarre\/representation-commerciale-de-l-utah-en-europe\/utah-trade-representative\/","og_site_name":"SHS | Strukturholding Saar","article_modified_time":"2016-08-24T12:18:06+00:00","og_image":[{"url":"https:\/\/www.strukturholding.de\/wp-content\/uploads\/2015\/09\/pinning_ceremony_web-600x320.jpg","type":"","width":"","height":""}],"twitter_misc":{"Dur\u00e9e de lecture estim\u00e9e":"6 minutes"},"schema":{"@context":"https:\/\/schema.org","@graph":[{"@type":"WebPage","@id":"https:\/\/www.strukturholding.de\/fr\/sujets\/investir-en-sarre\/representation-commerciale-de-l-utah-en-europe\/utah-trade-representative\/","url":"https:\/\/www.strukturholding.de\/fr\/sujets\/investir-en-sarre\/representation-commerciale-de-l-utah-en-europe\/utah-trade-representative\/","name":"Utah Trade Representative - SHS | Strukturholding Saar","isPartOf":{"@id":"https:\/\/www.strukturholding.de\/#website"},"primaryImageOfPage":{"@id":"https:\/\/www.strukturholding.de\/fr\/sujets\/investir-en-sarre\/representation-commerciale-de-l-utah-en-europe\/utah-trade-representative\/#primaryimage"},"image":{"@id":"https:\/\/www.strukturholding.de\/fr\/sujets\/investir-en-sarre\/representation-commerciale-de-l-utah-en-europe\/utah-trade-representative\/#primaryimage"},"thumbnailUrl":"https:\/\/www.strukturholding.de\/wp-content\/uploads\/2015\/09\/pinning_ceremony_web-600x320.jpg","datePublished":"2015-09-02T08:43:15+00:00","dateModified":"2016-08-24T12:18:06+00:00","breadcrumb":{"@id":"https:\/\/www.strukturholding.de\/fr\/sujets\/investir-en-sarre\/representation-commerciale-de-l-utah-en-europe\/utah-trade-representative\/#breadcrumb"},"inLanguage":"fr-FR","potentialAction":[{"@type":"ReadAction","target":["https:\/\/www.strukturholding.de\/fr\/sujets\/investir-en-sarre\/representation-commerciale-de-l-utah-en-europe\/utah-trade-representative\/"]}]},{"@type":"ImageObject","inLanguage":"fr-FR","@id":"https:\/\/www.strukturholding.de\/fr\/sujets\/investir-en-sarre\/representation-commerciale-de-l-utah-en-europe\/utah-trade-representative\/#primaryimage","url":"https:\/\/www.strukturholding.de\/wp-content\/uploads\/2015\/09\/pinning_ceremony_web-600x320.jpg","contentUrl":"https:\/\/www.strukturholding.de\/wp-content\/uploads\/2015\/09\/pinning_ceremony_web-600x320.jpg"},{"@type":"BreadcrumbList","@id":"https:\/\/www.strukturholding.de\/fr\/sujets\/investir-en-sarre\/representation-commerciale-de-l-utah-en-europe\/utah-trade-representative\/#breadcrumb","itemListElement":[{"@type":"ListItem","position":1,"name":"Startseite","item":"https:\/\/www.strukturholding.de\/fr\/"},{"@type":"ListItem","position":2,"name":"Sujets","item":"https:\/\/www.strukturholding.de\/fr\/sujets\/"},{"@type":"ListItem","position":3,"name":"Investir en Sarre","item":"https:\/\/www.strukturholding.de\/fr\/sujets\/investir-en-sarre\/"},{"@type":"ListItem","position":4,"name":"Repr\u00e9sentation commerciale de l&rsquo;Utah en Europe","item":"https:\/\/www.strukturholding.de\/fr\/?page_id=6460"},{"@type":"ListItem","position":5,"name":"Utah Trade Representative"}]},{"@type":"WebSite","@id":"https:\/\/www.strukturholding.de\/#website","url":"https:\/\/www.strukturholding.de\/","name":"SHS | Strukturholding Saar","description":"","potentialAction":[{"@type":"SearchAction","target":{"@type":"EntryPoint","urlTemplate":"https:\/\/www.strukturholding.de\/?s={search_term_string}"},"query-input":{"@type":"PropertyValueSpecification","valueRequired":true,"valueName":"search_term_string"}}],"inLanguage":"fr-FR"}]}},"_links":{"self":[{"href":"https:\/\/www.strukturholding.de\/fr\/wp-json\/wp\/v2\/pages\/6452","targetHints":{"allow":["GET"]}}],"collection":[{"href":"https:\/\/www.strukturholding.de\/fr\/wp-json\/wp\/v2\/pages"}],"about":[{"href":"https:\/\/www.strukturholding.de\/fr\/wp-json\/wp\/v2\/types\/page"}],"author":[{"embeddable":true,"href":"https:\/\/www.strukturholding.de\/fr\/wp-json\/wp\/v2\/users\/2"}],"replies":[{"embeddable":true,"href":"https:\/\/www.strukturholding.de\/fr\/wp-json\/wp\/v2\/comments?post=6452"}],"version-history":[{"count":0,"href":"https:\/\/www.strukturholding.de\/fr\/wp-json\/wp\/v2\/pages\/6452\/revisions"}],"up":[{"embeddable":true,"href":"https:\/\/www.strukturholding.de\/fr\/wp-json\/wp\/v2\/pages\/6460"}],"wp:attachment":[{"href":"https:\/\/www.strukturholding.de\/fr\/wp-json\/wp\/v2\/media?parent=6452"}],"curies":[{"name":"wp","href":"https:\/\/api.w.org\/{rel}","templated":true}]}}