{"id":6420,"date":"2015-03-06T14:41:34","date_gmt":"2015-03-06T13:41:34","guid":{"rendered":"https:\/\/www.strukturholding.de\/fr\/woge-saar-wohnungsgesellschaft-saarland-mbh\/"},"modified":"2025-02-10T11:05:21","modified_gmt":"2025-02-10T10:05:21","slug":"woge-saar-wohnungsgesellschaft-saarland","status":"publish","type":"page","link":"https:\/\/www.strukturholding.de\/fr\/compagnie\/woge-saar-wohnungsgesellschaft-saarland\/","title":{"rendered":"WOGE Saar Wohnungsgesellschaft Saarland"},"content":{"rendered":"<h1>WOGE Saar<br \/>\nWohnungsgesellschaft Saarland mbH<\/h1>\n<p>La WOGE Saar, Wohnungsgesellschaft Saarland, rassemble au sein de la soci\u00e9t\u00e9 holding toutes les activit\u00e9s ayant trait au logement.<\/p>\n<p>Les employ\u00e9s de la WOGE Saar encadrent aujourd&rsquo;hui environ 5 200\u00a0logements et pr\u00e8s de 12 000 locataires, en milieu rural et urbain, en Sarre et dans le Land voisin de Rh\u00e9nanie-Palatinat.\u00a0En ce qui concerne son immobilier propre, la WOGE Saar mise sur un large \u00e9ventail d&rsquo;offres allant de studios pour c\u00e9libataires et \u00e9tudiants aux objets adapt\u00e9s aux seniors en passant par des appartements spacieux pour les familles.<\/p>\n<p>A cet \u00e9gard, la WOGE Saar a mis au point un concept de services bien pens\u00e9, une organisation l\u00e9g\u00e8re et une strat\u00e9gie de proximit\u00e9. Chaque locataire conna\u00eet son interlocuteur personnellement et peut compter sur sa r\u00e9activit\u00e9 en cas de question ou de probl\u00e8me.\u00a0D&rsquo;autres domaines d&rsquo;activit\u00e9 de la WOGE Saar sont le commerce d&rsquo;immobilier et la r\u00e9alisation de projets immobiliers allant de la conception \u00e0 la location et \u00e0 la commercialisation.<\/p>\n","protected":false},"excerpt":{"rendered":"<p>WOGE Saar Wohnungsgesellschaft Saarland mbH La WOGE Saar, Wohnungsgesellschaft Saarland, rassemble au sein de la<\/p>\n","protected":false},"author":2,"featured_media":0,"parent":6652,"menu_order":7,"comment_status":"open","ping_status":"open","template":"","meta":{"_acf_changed":false,"footnotes":""},"class_list":["post-6420","page","type-page","status-publish","hentry"],"acf":[],"yoast_head":"<!-- This site is optimized with the Yoast SEO plugin v27.4 - https:\/\/yoast.com\/product\/yoast-seo-wordpress\/ -->\n<title>WOGE Saar Wohnungsgesellschaft Saarland - SHS | Strukturholding Saar<\/title>\n<meta name=\"robots\" content=\"index, follow, max-snippet:-1, max-image-preview:large, max-video-preview:-1\" \/>\n<link rel=\"canonical\" href=\"https:\/\/www.strukturholding.de\/fr\/compagnie\/woge-saar-wohnungsgesellschaft-saarland\/\" \/>\n<meta property=\"og:locale\" content=\"fr_FR\" \/>\n<meta property=\"og:type\" content=\"article\" \/>\n<meta property=\"og:title\" content=\"WOGE Saar Wohnungsgesellschaft Saarland - SHS | Strukturholding Saar\" \/>\n<meta property=\"og:description\" content=\"WOGE Saar Wohnungsgesellschaft Saarland mbH La WOGE Saar, Wohnungsgesellschaft Saarland, rassemble au sein de la\" \/>\n<meta property=\"og:url\" content=\"https:\/\/www.strukturholding.de\/fr\/compagnie\/woge-saar-wohnungsgesellschaft-saarland\/\" \/>\n<meta property=\"og:site_name\" content=\"SHS | Strukturholding Saar\" \/>\n<meta property=\"article:modified_time\" content=\"2025-02-10T10:05:21+00:00\" \/>\n<meta property=\"og:image\" content=\"https:\/\/www.strukturholding.de\/wp-content\/uploads\/2016\/10\/og_image_strukturholding.jpg\" \/>\n\t<meta property=\"og:image:width\" content=\"1200\" \/>\n\t<meta property=\"og:image:height\" content=\"630\" \/>\n\t<meta property=\"og:image:type\" content=\"image\/jpeg\" \/>\n<meta name=\"twitter:label1\" content=\"Dur\u00e9e de lecture estim\u00e9e\" \/>\n\t<meta name=\"twitter:data1\" content=\"1 minute\" \/>\n<script type=\"application\/ld+json\" class=\"yoast-schema-graph\">{\"@context\":\"https:\\\/\\\/schema.org\",\"@graph\":[{\"@type\":\"WebPage\",\"@id\":\"https:\\\/\\\/www.strukturholding.de\\\/fr\\\/compagnie\\\/woge-saar-wohnungsgesellschaft-saarland\\\/\",\"url\":\"https:\\\/\\\/www.strukturholding.de\\\/fr\\\/compagnie\\\/woge-saar-wohnungsgesellschaft-saarland\\\/\",\"name\":\"WOGE Saar Wohnungsgesellschaft Saarland - SHS | Strukturholding Saar\",\"isPartOf\":{\"@id\":\"https:\\\/\\\/www.strukturholding.de\\\/#website\"},\"datePublished\":\"2015-03-06T13:41:34+00:00\",\"dateModified\":\"2025-02-10T10:05:21+00:00\",\"breadcrumb\":{\"@id\":\"https:\\\/\\\/www.strukturholding.de\\\/fr\\\/compagnie\\\/woge-saar-wohnungsgesellschaft-saarland\\\/#breadcrumb\"},\"inLanguage\":\"fr-FR\",\"potentialAction\":[{\"@type\":\"ReadAction\",\"target\":[\"https:\\\/\\\/www.strukturholding.de\\\/fr\\\/compagnie\\\/woge-saar-wohnungsgesellschaft-saarland\\\/\"]}]},{\"@type\":\"BreadcrumbList\",\"@id\":\"https:\\\/\\\/www.strukturholding.de\\\/fr\\\/compagnie\\\/woge-saar-wohnungsgesellschaft-saarland\\\/#breadcrumb\",\"itemListElement\":[{\"@type\":\"ListItem\",\"position\":1,\"name\":\"Startseite\",\"item\":\"https:\\\/\\\/www.strukturholding.de\\\/fr\\\/\"},{\"@type\":\"ListItem\",\"position\":2,\"name\":\"Compagnie\",\"item\":\"https:\\\/\\\/www.strukturholding.de\\\/fr\\\/compagnie\\\/\"},{\"@type\":\"ListItem\",\"position\":3,\"name\":\"WOGE Saar Wohnungsgesellschaft Saarland\"}]},{\"@type\":\"WebSite\",\"@id\":\"https:\\\/\\\/www.strukturholding.de\\\/#website\",\"url\":\"https:\\\/\\\/www.strukturholding.de\\\/\",\"name\":\"SHS | Strukturholding Saar\",\"description\":\"\",\"potentialAction\":[{\"@type\":\"SearchAction\",\"target\":{\"@type\":\"EntryPoint\",\"urlTemplate\":\"https:\\\/\\\/www.strukturholding.de\\\/?s={search_term_string}\"},\"query-input\":{\"@type\":\"PropertyValueSpecification\",\"valueRequired\":true,\"valueName\":\"search_term_string\"}}],\"inLanguage\":\"fr-FR\"}]}<\/script>\n<!-- \/ Yoast SEO plugin. -->","yoast_head_json":{"title":"WOGE Saar Wohnungsgesellschaft Saarland - SHS | Strukturholding Saar","robots":{"index":"index","follow":"follow","max-snippet":"max-snippet:-1","max-image-preview":"max-image-preview:large","max-video-preview":"max-video-preview:-1"},"canonical":"https:\/\/www.strukturholding.de\/fr\/compagnie\/woge-saar-wohnungsgesellschaft-saarland\/","og_locale":"fr_FR","og_type":"article","og_title":"WOGE Saar Wohnungsgesellschaft Saarland - SHS | Strukturholding Saar","og_description":"WOGE Saar Wohnungsgesellschaft Saarland mbH La WOGE Saar, Wohnungsgesellschaft Saarland, rassemble au sein de la","og_url":"https:\/\/www.strukturholding.de\/fr\/compagnie\/woge-saar-wohnungsgesellschaft-saarland\/","og_site_name":"SHS | Strukturholding Saar","article_modified_time":"2025-02-10T10:05:21+00:00","og_image":[{"width":1200,"height":630,"url":"https:\/\/www.strukturholding.de\/wp-content\/uploads\/2016\/10\/og_image_strukturholding.jpg","type":"image\/jpeg"}],"twitter_misc":{"Dur\u00e9e de lecture estim\u00e9e":"1 minute"},"schema":{"@context":"https:\/\/schema.org","@graph":[{"@type":"WebPage","@id":"https:\/\/www.strukturholding.de\/fr\/compagnie\/woge-saar-wohnungsgesellschaft-saarland\/","url":"https:\/\/www.strukturholding.de\/fr\/compagnie\/woge-saar-wohnungsgesellschaft-saarland\/","name":"WOGE Saar Wohnungsgesellschaft Saarland - SHS | Strukturholding Saar","isPartOf":{"@id":"https:\/\/www.strukturholding.de\/#website"},"datePublished":"2015-03-06T13:41:34+00:00","dateModified":"2025-02-10T10:05:21+00:00","breadcrumb":{"@id":"https:\/\/www.strukturholding.de\/fr\/compagnie\/woge-saar-wohnungsgesellschaft-saarland\/#breadcrumb"},"inLanguage":"fr-FR","potentialAction":[{"@type":"ReadAction","target":["https:\/\/www.strukturholding.de\/fr\/compagnie\/woge-saar-wohnungsgesellschaft-saarland\/"]}]},{"@type":"BreadcrumbList","@id":"https:\/\/www.strukturholding.de\/fr\/compagnie\/woge-saar-wohnungsgesellschaft-saarland\/#breadcrumb","itemListElement":[{"@type":"ListItem","position":1,"name":"Startseite","item":"https:\/\/www.strukturholding.de\/fr\/"},{"@type":"ListItem","position":2,"name":"Compagnie","item":"https:\/\/www.strukturholding.de\/fr\/compagnie\/"},{"@type":"ListItem","position":3,"name":"WOGE Saar Wohnungsgesellschaft Saarland"}]},{"@type":"WebSite","@id":"https:\/\/www.strukturholding.de\/#website","url":"https:\/\/www.strukturholding.de\/","name":"SHS | Strukturholding Saar","description":"","potentialAction":[{"@type":"SearchAction","target":{"@type":"EntryPoint","urlTemplate":"https:\/\/www.strukturholding.de\/?s={search_term_string}"},"query-input":{"@type":"PropertyValueSpecification","valueRequired":true,"valueName":"search_term_string"}}],"inLanguage":"fr-FR"}]}},"_links":{"self":[{"href":"https:\/\/www.strukturholding.de\/fr\/wp-json\/wp\/v2\/pages\/6420","targetHints":{"allow":["GET"]}}],"collection":[{"href":"https:\/\/www.strukturholding.de\/fr\/wp-json\/wp\/v2\/pages"}],"about":[{"href":"https:\/\/www.strukturholding.de\/fr\/wp-json\/wp\/v2\/types\/page"}],"author":[{"embeddable":true,"href":"https:\/\/www.strukturholding.de\/fr\/wp-json\/wp\/v2\/users\/2"}],"replies":[{"embeddable":true,"href":"https:\/\/www.strukturholding.de\/fr\/wp-json\/wp\/v2\/comments?post=6420"}],"version-history":[{"count":2,"href":"https:\/\/www.strukturholding.de\/fr\/wp-json\/wp\/v2\/pages\/6420\/revisions"}],"predecessor-version":[{"id":25545,"href":"https:\/\/www.strukturholding.de\/fr\/wp-json\/wp\/v2\/pages\/6420\/revisions\/25545"}],"up":[{"embeddable":true,"href":"https:\/\/www.strukturholding.de\/fr\/wp-json\/wp\/v2\/pages\/6652"}],"wp:attachment":[{"href":"https:\/\/www.strukturholding.de\/fr\/wp-json\/wp\/v2\/media?parent=6420"}],"curies":[{"name":"wp","href":"https:\/\/api.w.org\/{rel}","templated":true}]}}