{"id":6417,"date":"2015-03-06T14:39:20","date_gmt":"2015-03-06T13:39:20","guid":{"rendered":"https:\/\/www.strukturholding.de\/fr\/sbb-saarland-bau-und-boden-projektgesellschaft-mbh\/"},"modified":"2025-02-11T10:23:51","modified_gmt":"2025-02-11T09:23:51","slug":"sbb-saarland-bau-und-boden-projektgesellschaft","status":"publish","type":"page","link":"https:\/\/www.strukturholding.de\/fr\/compagnie\/sbb-saarland-bau-und-boden-projektgesellschaft\/","title":{"rendered":"SBB Saarland Bau und Boden Projektgesellschaft"},"content":{"rendered":"<h1>SBB\u00a0Saarland Bau und Boden Projektgesellschaft mbH<\/h1>\n<p>La gestion des surfaces commerciales et la promotion immobili\u00e8re commerciale sont les activit\u00e9s-cl\u00e9s de la SBB, la Soci\u00e9t\u00e9 sarroise pour la construction et le terrain.\u2028 Pour les entreprises aussi bien allemandes qu&rsquo;\u00e9trang\u00e8res et les communes, la SBB d\u00e9veloppe et commercialise des sites d&rsquo;activit\u00e9 \u00e9conomique comprenant toutes les infrastructures n\u00e9cessaires et des b\u00e2timents adapt\u00e9s. Les projets SBB tels que le <a href=\"\/?page_id=518\">Ford Industrial Supplier Park<\/a> sont devenus des r\u00e9f\u00e9rences internationales.<\/p>\n","protected":false},"excerpt":{"rendered":"<p>SBB\u00a0Saarland Bau und Boden Projektgesellschaft mbH La gestion des surfaces commerciales et la promotion immobili\u00e8re<\/p>\n","protected":false},"author":2,"featured_media":0,"parent":6652,"menu_order":6,"comment_status":"open","ping_status":"open","template":"","meta":{"_acf_changed":false,"footnotes":""},"class_list":["post-6417","page","type-page","status-publish","hentry"],"acf":[],"yoast_head":"<!-- This site is optimized with the Yoast SEO plugin v27.3 - https:\/\/yoast.com\/product\/yoast-seo-wordpress\/ -->\n<title>SBB Saarland Bau und Boden Projektgesellschaft - SHS | Strukturholding Saar<\/title>\n<meta name=\"robots\" content=\"index, follow, max-snippet:-1, max-image-preview:large, max-video-preview:-1\" \/>\n<link rel=\"canonical\" href=\"https:\/\/www.strukturholding.de\/fr\/compagnie\/sbb-saarland-bau-und-boden-projektgesellschaft\/\" \/>\n<meta property=\"og:locale\" content=\"fr_FR\" \/>\n<meta property=\"og:type\" content=\"article\" \/>\n<meta property=\"og:title\" content=\"SBB Saarland Bau und Boden Projektgesellschaft - SHS | Strukturholding Saar\" \/>\n<meta property=\"og:description\" content=\"SBB\u00a0Saarland Bau und Boden Projektgesellschaft mbH La gestion des surfaces commerciales et la promotion immobili\u00e8re\" \/>\n<meta property=\"og:url\" content=\"https:\/\/www.strukturholding.de\/fr\/compagnie\/sbb-saarland-bau-und-boden-projektgesellschaft\/\" \/>\n<meta property=\"og:site_name\" content=\"SHS | Strukturholding Saar\" \/>\n<meta property=\"article:modified_time\" content=\"2025-02-11T09:23:51+00:00\" \/>\n<meta property=\"og:image\" content=\"https:\/\/www.strukturholding.de\/wp-content\/uploads\/2016\/10\/og_image_strukturholding.jpg\" \/>\n\t<meta property=\"og:image:width\" content=\"1200\" \/>\n\t<meta property=\"og:image:height\" content=\"630\" \/>\n\t<meta property=\"og:image:type\" content=\"image\/jpeg\" \/>\n<meta name=\"twitter:label1\" content=\"Dur\u00e9e de lecture estim\u00e9e\" \/>\n\t<meta name=\"twitter:data1\" content=\"1 minute\" \/>\n<script type=\"application\/ld+json\" class=\"yoast-schema-graph\">{\"@context\":\"https:\\\/\\\/schema.org\",\"@graph\":[{\"@type\":\"WebPage\",\"@id\":\"https:\\\/\\\/www.strukturholding.de\\\/fr\\\/compagnie\\\/sbb-saarland-bau-und-boden-projektgesellschaft\\\/\",\"url\":\"https:\\\/\\\/www.strukturholding.de\\\/fr\\\/compagnie\\\/sbb-saarland-bau-und-boden-projektgesellschaft\\\/\",\"name\":\"SBB Saarland Bau und Boden Projektgesellschaft - SHS | Strukturholding Saar\",\"isPartOf\":{\"@id\":\"https:\\\/\\\/www.strukturholding.de\\\/#website\"},\"datePublished\":\"2015-03-06T13:39:20+00:00\",\"dateModified\":\"2025-02-11T09:23:51+00:00\",\"breadcrumb\":{\"@id\":\"https:\\\/\\\/www.strukturholding.de\\\/fr\\\/compagnie\\\/sbb-saarland-bau-und-boden-projektgesellschaft\\\/#breadcrumb\"},\"inLanguage\":\"fr-FR\",\"potentialAction\":[{\"@type\":\"ReadAction\",\"target\":[\"https:\\\/\\\/www.strukturholding.de\\\/fr\\\/compagnie\\\/sbb-saarland-bau-und-boden-projektgesellschaft\\\/\"]}]},{\"@type\":\"BreadcrumbList\",\"@id\":\"https:\\\/\\\/www.strukturholding.de\\\/fr\\\/compagnie\\\/sbb-saarland-bau-und-boden-projektgesellschaft\\\/#breadcrumb\",\"itemListElement\":[{\"@type\":\"ListItem\",\"position\":1,\"name\":\"Startseite\",\"item\":\"https:\\\/\\\/www.strukturholding.de\\\/fr\\\/\"},{\"@type\":\"ListItem\",\"position\":2,\"name\":\"Compagnie\",\"item\":\"https:\\\/\\\/www.strukturholding.de\\\/fr\\\/compagnie\\\/\"},{\"@type\":\"ListItem\",\"position\":3,\"name\":\"SBB Saarland Bau und Boden Projektgesellschaft\"}]},{\"@type\":\"WebSite\",\"@id\":\"https:\\\/\\\/www.strukturholding.de\\\/#website\",\"url\":\"https:\\\/\\\/www.strukturholding.de\\\/\",\"name\":\"SHS | Strukturholding Saar\",\"description\":\"\",\"potentialAction\":[{\"@type\":\"SearchAction\",\"target\":{\"@type\":\"EntryPoint\",\"urlTemplate\":\"https:\\\/\\\/www.strukturholding.de\\\/?s={search_term_string}\"},\"query-input\":{\"@type\":\"PropertyValueSpecification\",\"valueRequired\":true,\"valueName\":\"search_term_string\"}}],\"inLanguage\":\"fr-FR\"}]}<\/script>\n<!-- \/ Yoast SEO plugin. -->","yoast_head_json":{"title":"SBB Saarland Bau und Boden Projektgesellschaft - SHS | Strukturholding Saar","robots":{"index":"index","follow":"follow","max-snippet":"max-snippet:-1","max-image-preview":"max-image-preview:large","max-video-preview":"max-video-preview:-1"},"canonical":"https:\/\/www.strukturholding.de\/fr\/compagnie\/sbb-saarland-bau-und-boden-projektgesellschaft\/","og_locale":"fr_FR","og_type":"article","og_title":"SBB Saarland Bau und Boden Projektgesellschaft - SHS | Strukturholding Saar","og_description":"SBB\u00a0Saarland Bau und Boden Projektgesellschaft mbH La gestion des surfaces commerciales et la promotion immobili\u00e8re","og_url":"https:\/\/www.strukturholding.de\/fr\/compagnie\/sbb-saarland-bau-und-boden-projektgesellschaft\/","og_site_name":"SHS | Strukturholding Saar","article_modified_time":"2025-02-11T09:23:51+00:00","og_image":[{"width":1200,"height":630,"url":"https:\/\/www.strukturholding.de\/wp-content\/uploads\/2016\/10\/og_image_strukturholding.jpg","type":"image\/jpeg"}],"twitter_misc":{"Dur\u00e9e de lecture estim\u00e9e":"1 minute"},"schema":{"@context":"https:\/\/schema.org","@graph":[{"@type":"WebPage","@id":"https:\/\/www.strukturholding.de\/fr\/compagnie\/sbb-saarland-bau-und-boden-projektgesellschaft\/","url":"https:\/\/www.strukturholding.de\/fr\/compagnie\/sbb-saarland-bau-und-boden-projektgesellschaft\/","name":"SBB Saarland Bau und Boden Projektgesellschaft - SHS | Strukturholding Saar","isPartOf":{"@id":"https:\/\/www.strukturholding.de\/#website"},"datePublished":"2015-03-06T13:39:20+00:00","dateModified":"2025-02-11T09:23:51+00:00","breadcrumb":{"@id":"https:\/\/www.strukturholding.de\/fr\/compagnie\/sbb-saarland-bau-und-boden-projektgesellschaft\/#breadcrumb"},"inLanguage":"fr-FR","potentialAction":[{"@type":"ReadAction","target":["https:\/\/www.strukturholding.de\/fr\/compagnie\/sbb-saarland-bau-und-boden-projektgesellschaft\/"]}]},{"@type":"BreadcrumbList","@id":"https:\/\/www.strukturholding.de\/fr\/compagnie\/sbb-saarland-bau-und-boden-projektgesellschaft\/#breadcrumb","itemListElement":[{"@type":"ListItem","position":1,"name":"Startseite","item":"https:\/\/www.strukturholding.de\/fr\/"},{"@type":"ListItem","position":2,"name":"Compagnie","item":"https:\/\/www.strukturholding.de\/fr\/compagnie\/"},{"@type":"ListItem","position":3,"name":"SBB Saarland Bau und Boden Projektgesellschaft"}]},{"@type":"WebSite","@id":"https:\/\/www.strukturholding.de\/#website","url":"https:\/\/www.strukturholding.de\/","name":"SHS | Strukturholding Saar","description":"","potentialAction":[{"@type":"SearchAction","target":{"@type":"EntryPoint","urlTemplate":"https:\/\/www.strukturholding.de\/?s={search_term_string}"},"query-input":{"@type":"PropertyValueSpecification","valueRequired":true,"valueName":"search_term_string"}}],"inLanguage":"fr-FR"}]}},"_links":{"self":[{"href":"https:\/\/www.strukturholding.de\/fr\/wp-json\/wp\/v2\/pages\/6417","targetHints":{"allow":["GET"]}}],"collection":[{"href":"https:\/\/www.strukturholding.de\/fr\/wp-json\/wp\/v2\/pages"}],"about":[{"href":"https:\/\/www.strukturholding.de\/fr\/wp-json\/wp\/v2\/types\/page"}],"author":[{"embeddable":true,"href":"https:\/\/www.strukturholding.de\/fr\/wp-json\/wp\/v2\/users\/2"}],"replies":[{"embeddable":true,"href":"https:\/\/www.strukturholding.de\/fr\/wp-json\/wp\/v2\/comments?post=6417"}],"version-history":[{"count":2,"href":"https:\/\/www.strukturholding.de\/fr\/wp-json\/wp\/v2\/pages\/6417\/revisions"}],"predecessor-version":[{"id":25567,"href":"https:\/\/www.strukturholding.de\/fr\/wp-json\/wp\/v2\/pages\/6417\/revisions\/25567"}],"up":[{"embeddable":true,"href":"https:\/\/www.strukturholding.de\/fr\/wp-json\/wp\/v2\/pages\/6652"}],"wp:attachment":[{"href":"https:\/\/www.strukturholding.de\/fr\/wp-json\/wp\/v2\/media?parent=6417"}],"curies":[{"name":"wp","href":"https:\/\/api.w.org\/{rel}","templated":true}]}}