{"id":6415,"date":"2015-03-06T14:39:10","date_gmt":"2015-03-06T13:39:10","guid":{"rendered":"https:\/\/www.strukturholding.de\/fr\/leg-service-gmbh\/"},"modified":"2025-02-11T10:14:35","modified_gmt":"2025-02-11T09:14:35","slug":"leg-service","status":"publish","type":"page","link":"https:\/\/www.strukturholding.de\/fr\/compagnie\/leg-service\/","title":{"rendered":"LEG Service"},"content":{"rendered":"<h1>LEG Service GmbH<\/h1>\n<p>Que vous soyez un promoteur \u00e9conomique classique, un d\u00e9veloppeur de grands projets ou un gestionnaire d&rsquo;immobilier, la SHS Strukturholding Saar est \u00e0 la fois un partenaire et une porte d&rsquo;acc\u00e8s au march\u00e9 sarrois pour s&rsquo;y installer et s&rsquo;y d\u00e9velopper.<\/p>\n<p>A cet \u00e9gard, nos domaines-cl\u00e9s sont l&rsquo;immobilier, la promotion \u00e9conomique et les transports. Cette soci\u00e9t\u00e9 holding d\u00e9tenue par le Land r\u00e9unit avec la gwSaar, la SBB, la LEG Saar, la LEG Service et la WOGE Saar cinq filiales sous un m\u00eame toit.\u00a0Avec pr\u00e8s de 200\u00a0employ\u00e9s, le groupe SHS dispose d&rsquo;un chiffre d&rsquo;affaires annuel de 60\u00a0millions d&rsquo;euros.<\/p>\n<p>La Sarre n&rsquo;est pas grande. C&rsquo;est ce qui nous permet de nous concentrer sur l&rsquo;essentiel. Et gr\u00e2ce \u00e0 la proximit\u00e9 des fronti\u00e8res, la porte vers les march\u00e9s europ\u00e9ens voisins s&rsquo;ouvre tout simplement un peu plus vite. Ce dont vous profitez \u00e9galement en tant que client. Vous souhaitez rendre votre soci\u00e9t\u00e9 performante, nous vous offrons la sc\u00e8ne ad\u00e9quate.<\/p>\n<p>&nbsp;<\/p>\n","protected":false},"excerpt":{"rendered":"<p>LEG Service GmbH Que vous soyez un promoteur \u00e9conomique classique, un d\u00e9veloppeur de grands projets<\/p>\n","protected":false},"author":2,"featured_media":0,"parent":6652,"menu_order":4,"comment_status":"open","ping_status":"open","template":"","meta":{"_acf_changed":false,"footnotes":""},"class_list":["post-6415","page","type-page","status-publish","hentry"],"acf":[],"yoast_head":"<!-- This site is optimized with the Yoast SEO plugin v27.4 - https:\/\/yoast.com\/product\/yoast-seo-wordpress\/ -->\n<title>LEG Service - SHS | Strukturholding Saar<\/title>\n<meta name=\"robots\" content=\"index, follow, max-snippet:-1, max-image-preview:large, max-video-preview:-1\" \/>\n<link rel=\"canonical\" href=\"https:\/\/www.strukturholding.de\/fr\/compagnie\/leg-service\/\" \/>\n<meta property=\"og:locale\" content=\"fr_FR\" \/>\n<meta property=\"og:type\" content=\"article\" \/>\n<meta property=\"og:title\" content=\"LEG Service - SHS | Strukturholding Saar\" \/>\n<meta property=\"og:description\" content=\"LEG Service GmbH Que vous soyez un promoteur \u00e9conomique classique, un d\u00e9veloppeur de grands projets\" \/>\n<meta property=\"og:url\" content=\"https:\/\/www.strukturholding.de\/fr\/compagnie\/leg-service\/\" \/>\n<meta property=\"og:site_name\" content=\"SHS | Strukturholding Saar\" \/>\n<meta property=\"article:modified_time\" content=\"2025-02-11T09:14:35+00:00\" \/>\n<meta property=\"og:image\" content=\"https:\/\/www.strukturholding.de\/wp-content\/uploads\/2016\/10\/og_image_strukturholding.jpg\" \/>\n\t<meta property=\"og:image:width\" content=\"1200\" \/>\n\t<meta property=\"og:image:height\" content=\"630\" \/>\n\t<meta property=\"og:image:type\" content=\"image\/jpeg\" \/>\n<meta name=\"twitter:label1\" content=\"Dur\u00e9e de lecture estim\u00e9e\" \/>\n\t<meta name=\"twitter:data1\" content=\"1 minute\" \/>\n<script type=\"application\/ld+json\" class=\"yoast-schema-graph\">{\"@context\":\"https:\\\/\\\/schema.org\",\"@graph\":[{\"@type\":\"WebPage\",\"@id\":\"https:\\\/\\\/www.strukturholding.de\\\/fr\\\/compagnie\\\/leg-service\\\/\",\"url\":\"https:\\\/\\\/www.strukturholding.de\\\/fr\\\/compagnie\\\/leg-service\\\/\",\"name\":\"LEG Service - SHS | Strukturholding Saar\",\"isPartOf\":{\"@id\":\"https:\\\/\\\/www.strukturholding.de\\\/#website\"},\"datePublished\":\"2015-03-06T13:39:10+00:00\",\"dateModified\":\"2025-02-11T09:14:35+00:00\",\"breadcrumb\":{\"@id\":\"https:\\\/\\\/www.strukturholding.de\\\/fr\\\/compagnie\\\/leg-service\\\/#breadcrumb\"},\"inLanguage\":\"fr-FR\",\"potentialAction\":[{\"@type\":\"ReadAction\",\"target\":[\"https:\\\/\\\/www.strukturholding.de\\\/fr\\\/compagnie\\\/leg-service\\\/\"]}]},{\"@type\":\"BreadcrumbList\",\"@id\":\"https:\\\/\\\/www.strukturholding.de\\\/fr\\\/compagnie\\\/leg-service\\\/#breadcrumb\",\"itemListElement\":[{\"@type\":\"ListItem\",\"position\":1,\"name\":\"Startseite\",\"item\":\"https:\\\/\\\/www.strukturholding.de\\\/fr\\\/\"},{\"@type\":\"ListItem\",\"position\":2,\"name\":\"Compagnie\",\"item\":\"https:\\\/\\\/www.strukturholding.de\\\/fr\\\/compagnie\\\/\"},{\"@type\":\"ListItem\",\"position\":3,\"name\":\"LEG Service\"}]},{\"@type\":\"WebSite\",\"@id\":\"https:\\\/\\\/www.strukturholding.de\\\/#website\",\"url\":\"https:\\\/\\\/www.strukturholding.de\\\/\",\"name\":\"SHS | Strukturholding Saar\",\"description\":\"\",\"potentialAction\":[{\"@type\":\"SearchAction\",\"target\":{\"@type\":\"EntryPoint\",\"urlTemplate\":\"https:\\\/\\\/www.strukturholding.de\\\/?s={search_term_string}\"},\"query-input\":{\"@type\":\"PropertyValueSpecification\",\"valueRequired\":true,\"valueName\":\"search_term_string\"}}],\"inLanguage\":\"fr-FR\"}]}<\/script>\n<!-- \/ Yoast SEO plugin. -->","yoast_head_json":{"title":"LEG Service - SHS | Strukturholding Saar","robots":{"index":"index","follow":"follow","max-snippet":"max-snippet:-1","max-image-preview":"max-image-preview:large","max-video-preview":"max-video-preview:-1"},"canonical":"https:\/\/www.strukturholding.de\/fr\/compagnie\/leg-service\/","og_locale":"fr_FR","og_type":"article","og_title":"LEG Service - SHS | Strukturholding Saar","og_description":"LEG Service GmbH Que vous soyez un promoteur \u00e9conomique classique, un d\u00e9veloppeur de grands projets","og_url":"https:\/\/www.strukturholding.de\/fr\/compagnie\/leg-service\/","og_site_name":"SHS | Strukturholding Saar","article_modified_time":"2025-02-11T09:14:35+00:00","og_image":[{"width":1200,"height":630,"url":"https:\/\/www.strukturholding.de\/wp-content\/uploads\/2016\/10\/og_image_strukturholding.jpg","type":"image\/jpeg"}],"twitter_misc":{"Dur\u00e9e de lecture estim\u00e9e":"1 minute"},"schema":{"@context":"https:\/\/schema.org","@graph":[{"@type":"WebPage","@id":"https:\/\/www.strukturholding.de\/fr\/compagnie\/leg-service\/","url":"https:\/\/www.strukturholding.de\/fr\/compagnie\/leg-service\/","name":"LEG Service - SHS | Strukturholding Saar","isPartOf":{"@id":"https:\/\/www.strukturholding.de\/#website"},"datePublished":"2015-03-06T13:39:10+00:00","dateModified":"2025-02-11T09:14:35+00:00","breadcrumb":{"@id":"https:\/\/www.strukturholding.de\/fr\/compagnie\/leg-service\/#breadcrumb"},"inLanguage":"fr-FR","potentialAction":[{"@type":"ReadAction","target":["https:\/\/www.strukturholding.de\/fr\/compagnie\/leg-service\/"]}]},{"@type":"BreadcrumbList","@id":"https:\/\/www.strukturholding.de\/fr\/compagnie\/leg-service\/#breadcrumb","itemListElement":[{"@type":"ListItem","position":1,"name":"Startseite","item":"https:\/\/www.strukturholding.de\/fr\/"},{"@type":"ListItem","position":2,"name":"Compagnie","item":"https:\/\/www.strukturholding.de\/fr\/compagnie\/"},{"@type":"ListItem","position":3,"name":"LEG Service"}]},{"@type":"WebSite","@id":"https:\/\/www.strukturholding.de\/#website","url":"https:\/\/www.strukturholding.de\/","name":"SHS | Strukturholding Saar","description":"","potentialAction":[{"@type":"SearchAction","target":{"@type":"EntryPoint","urlTemplate":"https:\/\/www.strukturholding.de\/?s={search_term_string}"},"query-input":{"@type":"PropertyValueSpecification","valueRequired":true,"valueName":"search_term_string"}}],"inLanguage":"fr-FR"}]}},"_links":{"self":[{"href":"https:\/\/www.strukturholding.de\/fr\/wp-json\/wp\/v2\/pages\/6415","targetHints":{"allow":["GET"]}}],"collection":[{"href":"https:\/\/www.strukturholding.de\/fr\/wp-json\/wp\/v2\/pages"}],"about":[{"href":"https:\/\/www.strukturholding.de\/fr\/wp-json\/wp\/v2\/types\/page"}],"author":[{"embeddable":true,"href":"https:\/\/www.strukturholding.de\/fr\/wp-json\/wp\/v2\/users\/2"}],"replies":[{"embeddable":true,"href":"https:\/\/www.strukturholding.de\/fr\/wp-json\/wp\/v2\/comments?post=6415"}],"version-history":[{"count":2,"href":"https:\/\/www.strukturholding.de\/fr\/wp-json\/wp\/v2\/pages\/6415\/revisions"}],"predecessor-version":[{"id":25565,"href":"https:\/\/www.strukturholding.de\/fr\/wp-json\/wp\/v2\/pages\/6415\/revisions\/25565"}],"up":[{"embeddable":true,"href":"https:\/\/www.strukturholding.de\/fr\/wp-json\/wp\/v2\/pages\/6652"}],"wp:attachment":[{"href":"https:\/\/www.strukturholding.de\/fr\/wp-json\/wp\/v2\/media?parent=6415"}],"curies":[{"name":"wp","href":"https:\/\/api.w.org\/{rel}","templated":true}]}}