{"id":6412,"date":"2015-03-06T14:37:25","date_gmt":"2015-03-06T13:37:25","guid":{"rendered":"https:\/\/www.strukturholding.de\/fr\/gwsaar-gesellschaft-fuer-wirtschaftsfoerderung-saar\/"},"modified":"2025-02-10T10:36:26","modified_gmt":"2025-02-10T09:36:26","slug":"gwsaar-gesellschaft-fuer-wirtschaftsfoerderung-saar","status":"publish","type":"page","link":"https:\/\/www.strukturholding.de\/fr\/compagnie\/gwsaar-gesellschaft-fuer-wirtschaftsfoerderung-saar\/","title":{"rendered":"gwSaar Gesellschaft f\u00fcr Wirtschaftsf\u00f6rderung Saar"},"content":{"rendered":"<h1>gwSaar le soutien de la promotion \u00e9conomique de la sarre<\/h1>\n<p>La gwSaar le soutien de la promotion \u00e9conomique de la sarre est un partenaire fiable pour les projets d&rsquo;investissement et propose tous les services d&rsquo;un seul tenant : du conseil \u00e0 l&rsquo;achat, en passant par le d\u00e9veloppement d&rsquo;un bien immobilier cl\u00e9 en main et de l&rsquo;int\u00e9gration dans son solide r\u00e9seau international multisectoriel. Qu&rsquo;il s&rsquo;agisse d&rsquo;implantation ou d&rsquo;extension d&rsquo;entreprise, de promotion ou de possibilit\u00e9s de financement, de recrutement de personnel qualifi\u00e9 ou de d\u00e9veloppement des collaborateurs, de cr\u00e9ation de r\u00e9seaux ou d&rsquo;aide \u00e0 l&rsquo;entr\u00e9e sur le march\u00e9, la gwSaar est le partenaire id\u00e9al.<\/p>\n<p>Nous cr\u00e9ons ainsi les conditions optimales pour la r\u00e9ussite de votre projet : de la vision aux solutions sur mesure pour l&rsquo;ensemble du projet &#8211; vous pouvez compter sur nous.<\/p>\n<p>Vous trouverez la gwSaar sur <a href=\"http:\/\/www.germanys.saarland\">&gt;&gt; www.germanys.saarland<\/a><\/p>\n<p>&nbsp;<\/p>\n<p>Nous vous soutenons volontiers. N&rsquo;h\u00e9sitez pas \u00e0 nous contacter :<\/p>\n<p>invest@germanys.saarland<\/p>\n<p>T\u00e9l\u00e9phone : +49 (0)6893 9899 800<\/p>\n<p><a href=\"http:\/\/www.germanys.saarland\"><strong>www.germanys.saarland<\/strong><\/a><\/p>\n","protected":false},"excerpt":{"rendered":"<p>gwSaar le soutien de la promotion \u00e9conomique de la sarre La gwSaar le soutien de<\/p>\n","protected":false},"author":2,"featured_media":0,"parent":6652,"menu_order":2,"comment_status":"open","ping_status":"open","template":"","meta":{"_acf_changed":false,"footnotes":""},"class_list":["post-6412","page","type-page","status-publish","hentry"],"acf":[],"yoast_head":"<!-- This site is optimized with the Yoast SEO plugin v27.5 - https:\/\/yoast.com\/product\/yoast-seo-wordpress\/ -->\n<title>gwSaar Gesellschaft f\u00fcr Wirtschaftsf\u00f6rderung Saar - SHS | Strukturholding Saar<\/title>\n<meta name=\"robots\" content=\"index, follow, max-snippet:-1, max-image-preview:large, max-video-preview:-1\" \/>\n<link rel=\"canonical\" href=\"https:\/\/www.strukturholding.de\/fr\/compagnie\/gwsaar-gesellschaft-fuer-wirtschaftsfoerderung-saar\/\" \/>\n<meta property=\"og:locale\" content=\"fr_FR\" \/>\n<meta property=\"og:type\" content=\"article\" \/>\n<meta property=\"og:title\" content=\"gwSaar Gesellschaft f\u00fcr Wirtschaftsf\u00f6rderung Saar - SHS | Strukturholding Saar\" \/>\n<meta property=\"og:description\" content=\"gwSaar le soutien de la promotion \u00e9conomique de la sarre La gwSaar le soutien de\" \/>\n<meta property=\"og:url\" content=\"https:\/\/www.strukturholding.de\/fr\/compagnie\/gwsaar-gesellschaft-fuer-wirtschaftsfoerderung-saar\/\" \/>\n<meta property=\"og:site_name\" content=\"SHS | Strukturholding Saar\" \/>\n<meta property=\"article:modified_time\" content=\"2025-02-10T09:36:26+00:00\" \/>\n<meta property=\"og:image\" content=\"https:\/\/www.strukturholding.de\/wp-content\/uploads\/2016\/10\/og_image_strukturholding.jpg\" \/>\n\t<meta property=\"og:image:width\" content=\"1200\" \/>\n\t<meta property=\"og:image:height\" content=\"630\" \/>\n\t<meta property=\"og:image:type\" content=\"image\/jpeg\" \/>\n<meta name=\"twitter:label1\" content=\"Dur\u00e9e de lecture estim\u00e9e\" \/>\n\t<meta name=\"twitter:data1\" content=\"1 minute\" \/>\n<script type=\"application\/ld+json\" class=\"yoast-schema-graph\">{\"@context\":\"https:\\\/\\\/schema.org\",\"@graph\":[{\"@type\":\"WebPage\",\"@id\":\"https:\\\/\\\/www.strukturholding.de\\\/fr\\\/compagnie\\\/gwsaar-gesellschaft-fuer-wirtschaftsfoerderung-saar\\\/\",\"url\":\"https:\\\/\\\/www.strukturholding.de\\\/fr\\\/compagnie\\\/gwsaar-gesellschaft-fuer-wirtschaftsfoerderung-saar\\\/\",\"name\":\"gwSaar Gesellschaft f\u00fcr Wirtschaftsf\u00f6rderung Saar - SHS | Strukturholding Saar\",\"isPartOf\":{\"@id\":\"https:\\\/\\\/www.strukturholding.de\\\/#website\"},\"datePublished\":\"2015-03-06T13:37:25+00:00\",\"dateModified\":\"2025-02-10T09:36:26+00:00\",\"breadcrumb\":{\"@id\":\"https:\\\/\\\/www.strukturholding.de\\\/fr\\\/compagnie\\\/gwsaar-gesellschaft-fuer-wirtschaftsfoerderung-saar\\\/#breadcrumb\"},\"inLanguage\":\"fr-FR\",\"potentialAction\":[{\"@type\":\"ReadAction\",\"target\":[\"https:\\\/\\\/www.strukturholding.de\\\/fr\\\/compagnie\\\/gwsaar-gesellschaft-fuer-wirtschaftsfoerderung-saar\\\/\"]}]},{\"@type\":\"BreadcrumbList\",\"@id\":\"https:\\\/\\\/www.strukturholding.de\\\/fr\\\/compagnie\\\/gwsaar-gesellschaft-fuer-wirtschaftsfoerderung-saar\\\/#breadcrumb\",\"itemListElement\":[{\"@type\":\"ListItem\",\"position\":1,\"name\":\"Startseite\",\"item\":\"https:\\\/\\\/www.strukturholding.de\\\/fr\\\/\"},{\"@type\":\"ListItem\",\"position\":2,\"name\":\"Compagnie\",\"item\":\"https:\\\/\\\/www.strukturholding.de\\\/fr\\\/compagnie\\\/\"},{\"@type\":\"ListItem\",\"position\":3,\"name\":\"gwSaar Gesellschaft f\u00fcr Wirtschaftsf\u00f6rderung Saar\"}]},{\"@type\":\"WebSite\",\"@id\":\"https:\\\/\\\/www.strukturholding.de\\\/#website\",\"url\":\"https:\\\/\\\/www.strukturholding.de\\\/\",\"name\":\"SHS | Strukturholding Saar\",\"description\":\"\",\"potentialAction\":[{\"@type\":\"SearchAction\",\"target\":{\"@type\":\"EntryPoint\",\"urlTemplate\":\"https:\\\/\\\/www.strukturholding.de\\\/?s={search_term_string}\"},\"query-input\":{\"@type\":\"PropertyValueSpecification\",\"valueRequired\":true,\"valueName\":\"search_term_string\"}}],\"inLanguage\":\"fr-FR\"}]}<\/script>\n<!-- \/ Yoast SEO plugin. -->","yoast_head_json":{"title":"gwSaar Gesellschaft f\u00fcr Wirtschaftsf\u00f6rderung Saar - SHS | Strukturholding Saar","robots":{"index":"index","follow":"follow","max-snippet":"max-snippet:-1","max-image-preview":"max-image-preview:large","max-video-preview":"max-video-preview:-1"},"canonical":"https:\/\/www.strukturholding.de\/fr\/compagnie\/gwsaar-gesellschaft-fuer-wirtschaftsfoerderung-saar\/","og_locale":"fr_FR","og_type":"article","og_title":"gwSaar Gesellschaft f\u00fcr Wirtschaftsf\u00f6rderung Saar - SHS | Strukturholding Saar","og_description":"gwSaar le soutien de la promotion \u00e9conomique de la sarre La gwSaar le soutien de","og_url":"https:\/\/www.strukturholding.de\/fr\/compagnie\/gwsaar-gesellschaft-fuer-wirtschaftsfoerderung-saar\/","og_site_name":"SHS | Strukturholding Saar","article_modified_time":"2025-02-10T09:36:26+00:00","og_image":[{"width":1200,"height":630,"url":"https:\/\/www.strukturholding.de\/wp-content\/uploads\/2016\/10\/og_image_strukturholding.jpg","type":"image\/jpeg"}],"twitter_misc":{"Dur\u00e9e de lecture estim\u00e9e":"1 minute"},"schema":{"@context":"https:\/\/schema.org","@graph":[{"@type":"WebPage","@id":"https:\/\/www.strukturholding.de\/fr\/compagnie\/gwsaar-gesellschaft-fuer-wirtschaftsfoerderung-saar\/","url":"https:\/\/www.strukturholding.de\/fr\/compagnie\/gwsaar-gesellschaft-fuer-wirtschaftsfoerderung-saar\/","name":"gwSaar Gesellschaft f\u00fcr Wirtschaftsf\u00f6rderung Saar - SHS | Strukturholding Saar","isPartOf":{"@id":"https:\/\/www.strukturholding.de\/#website"},"datePublished":"2015-03-06T13:37:25+00:00","dateModified":"2025-02-10T09:36:26+00:00","breadcrumb":{"@id":"https:\/\/www.strukturholding.de\/fr\/compagnie\/gwsaar-gesellschaft-fuer-wirtschaftsfoerderung-saar\/#breadcrumb"},"inLanguage":"fr-FR","potentialAction":[{"@type":"ReadAction","target":["https:\/\/www.strukturholding.de\/fr\/compagnie\/gwsaar-gesellschaft-fuer-wirtschaftsfoerderung-saar\/"]}]},{"@type":"BreadcrumbList","@id":"https:\/\/www.strukturholding.de\/fr\/compagnie\/gwsaar-gesellschaft-fuer-wirtschaftsfoerderung-saar\/#breadcrumb","itemListElement":[{"@type":"ListItem","position":1,"name":"Startseite","item":"https:\/\/www.strukturholding.de\/fr\/"},{"@type":"ListItem","position":2,"name":"Compagnie","item":"https:\/\/www.strukturholding.de\/fr\/compagnie\/"},{"@type":"ListItem","position":3,"name":"gwSaar Gesellschaft f\u00fcr Wirtschaftsf\u00f6rderung Saar"}]},{"@type":"WebSite","@id":"https:\/\/www.strukturholding.de\/#website","url":"https:\/\/www.strukturholding.de\/","name":"SHS | Strukturholding Saar","description":"","potentialAction":[{"@type":"SearchAction","target":{"@type":"EntryPoint","urlTemplate":"https:\/\/www.strukturholding.de\/?s={search_term_string}"},"query-input":{"@type":"PropertyValueSpecification","valueRequired":true,"valueName":"search_term_string"}}],"inLanguage":"fr-FR"}]}},"_links":{"self":[{"href":"https:\/\/www.strukturholding.de\/fr\/wp-json\/wp\/v2\/pages\/6412","targetHints":{"allow":["GET"]}}],"collection":[{"href":"https:\/\/www.strukturholding.de\/fr\/wp-json\/wp\/v2\/pages"}],"about":[{"href":"https:\/\/www.strukturholding.de\/fr\/wp-json\/wp\/v2\/types\/page"}],"author":[{"embeddable":true,"href":"https:\/\/www.strukturholding.de\/fr\/wp-json\/wp\/v2\/users\/2"}],"replies":[{"embeddable":true,"href":"https:\/\/www.strukturholding.de\/fr\/wp-json\/wp\/v2\/comments?post=6412"}],"version-history":[{"count":7,"href":"https:\/\/www.strukturholding.de\/fr\/wp-json\/wp\/v2\/pages\/6412\/revisions"}],"predecessor-version":[{"id":25503,"href":"https:\/\/www.strukturholding.de\/fr\/wp-json\/wp\/v2\/pages\/6412\/revisions\/25503"}],"up":[{"embeddable":true,"href":"https:\/\/www.strukturholding.de\/fr\/wp-json\/wp\/v2\/pages\/6652"}],"wp:attachment":[{"href":"https:\/\/www.strukturholding.de\/fr\/wp-json\/wp\/v2\/media?parent=6412"}],"curies":[{"name":"wp","href":"https:\/\/api.w.org\/{rel}","templated":true}]}}