{"id":6402,"date":"2015-10-20T09:22:22","date_gmt":"2015-10-20T07:22:22","guid":{"rendered":"https:\/\/www.strukturholding.de\/fr\/fhsaar\/"},"modified":"2025-02-11T10:28:59","modified_gmt":"2025-02-11T09:28:59","slug":"fhsaar-flug-hafen-saar","status":"publish","type":"page","link":"https:\/\/www.strukturholding.de\/fr\/compagnie\/fhsaar-flug-hafen-saar\/","title":{"rendered":"fhSaar Flug-Hafen-Saarland"},"content":{"rendered":"<h1>fhSaar<\/h1>\n<p>La fhSaar Flug-Hafen-Saarland GmbH g\u00e8re au sein de la Strukturholding Saar le port sarrois de Saarlouis\/Dillingen sous la marque SaarPort et sous la marque SCN Airport Saarbr\u00fccken, l&rsquo;a\u00e9roport international de Sarrebruck.<\/p>\n<p>L&rsquo;a\u00e9roport de Sarrebruck est l&rsquo;a\u00e9roport civil international de la capitale du Land et propose une offre compl\u00e8te de vols de ligne et charters r\u00e9guliers vers des destinations en Allemagne et en Europe.<\/p>\n<p>Pour le port sarrois de Saarlouis\/Dillingen, la fhSaar met \u00e0 disposition l&rsquo;int\u00e9gralit\u00e9 des infrastructures pour le transbordement de marchandises, des bassins portuaires et des quais aux surfaces industrielles en passant par les dispositifs d&rsquo;avitaillement.<\/p>\n","protected":false},"excerpt":{"rendered":"<p>fhSaar La fhSaar Flug-Hafen-Saarland GmbH g\u00e8re au sein de la Strukturholding Saar le port sarrois<\/p>\n","protected":false},"author":2,"featured_media":0,"parent":6652,"menu_order":10,"comment_status":"closed","ping_status":"open","template":"","meta":{"_acf_changed":false,"footnotes":""},"class_list":["post-6402","page","type-page","status-publish","hentry"],"acf":[],"yoast_head":"<!-- This site is optimized with the Yoast SEO plugin v27.4 - https:\/\/yoast.com\/product\/yoast-seo-wordpress\/ -->\n<title>fhSaar Flug-Hafen-Saarland - SHS | Strukturholding Saar<\/title>\n<meta name=\"robots\" content=\"index, follow, max-snippet:-1, max-image-preview:large, max-video-preview:-1\" \/>\n<link rel=\"canonical\" href=\"https:\/\/www.strukturholding.de\/fr\/compagnie\/fhsaar-flug-hafen-saar\/\" \/>\n<meta property=\"og:locale\" content=\"fr_FR\" \/>\n<meta property=\"og:type\" content=\"article\" \/>\n<meta property=\"og:title\" content=\"fhSaar Flug-Hafen-Saarland - SHS | Strukturholding Saar\" \/>\n<meta property=\"og:description\" content=\"fhSaar La fhSaar Flug-Hafen-Saarland GmbH g\u00e8re au sein de la Strukturholding Saar le port sarrois\" \/>\n<meta property=\"og:url\" content=\"https:\/\/www.strukturholding.de\/fr\/compagnie\/fhsaar-flug-hafen-saar\/\" \/>\n<meta property=\"og:site_name\" content=\"SHS | Strukturholding Saar\" \/>\n<meta property=\"article:modified_time\" content=\"2025-02-11T09:28:59+00:00\" \/>\n<meta property=\"og:image\" content=\"https:\/\/www.strukturholding.de\/wp-content\/uploads\/2016\/10\/og_image_strukturholding.jpg\" \/>\n\t<meta property=\"og:image:width\" content=\"1200\" \/>\n\t<meta property=\"og:image:height\" content=\"630\" \/>\n\t<meta property=\"og:image:type\" content=\"image\/jpeg\" \/>\n<meta name=\"twitter:label1\" content=\"Dur\u00e9e de lecture estim\u00e9e\" \/>\n\t<meta name=\"twitter:data1\" content=\"1 minute\" \/>\n<script type=\"application\/ld+json\" class=\"yoast-schema-graph\">{\"@context\":\"https:\\\/\\\/schema.org\",\"@graph\":[{\"@type\":\"WebPage\",\"@id\":\"https:\\\/\\\/www.strukturholding.de\\\/fr\\\/compagnie\\\/fhsaar-flug-hafen-saar\\\/\",\"url\":\"https:\\\/\\\/www.strukturholding.de\\\/fr\\\/compagnie\\\/fhsaar-flug-hafen-saar\\\/\",\"name\":\"fhSaar Flug-Hafen-Saarland - SHS | Strukturholding Saar\",\"isPartOf\":{\"@id\":\"https:\\\/\\\/www.strukturholding.de\\\/#website\"},\"datePublished\":\"2015-10-20T07:22:22+00:00\",\"dateModified\":\"2025-02-11T09:28:59+00:00\",\"breadcrumb\":{\"@id\":\"https:\\\/\\\/www.strukturholding.de\\\/fr\\\/compagnie\\\/fhsaar-flug-hafen-saar\\\/#breadcrumb\"},\"inLanguage\":\"fr-FR\",\"potentialAction\":[{\"@type\":\"ReadAction\",\"target\":[\"https:\\\/\\\/www.strukturholding.de\\\/fr\\\/compagnie\\\/fhsaar-flug-hafen-saar\\\/\"]}]},{\"@type\":\"BreadcrumbList\",\"@id\":\"https:\\\/\\\/www.strukturholding.de\\\/fr\\\/compagnie\\\/fhsaar-flug-hafen-saar\\\/#breadcrumb\",\"itemListElement\":[{\"@type\":\"ListItem\",\"position\":1,\"name\":\"Startseite\",\"item\":\"https:\\\/\\\/www.strukturholding.de\\\/fr\\\/\"},{\"@type\":\"ListItem\",\"position\":2,\"name\":\"Compagnie\",\"item\":\"https:\\\/\\\/www.strukturholding.de\\\/fr\\\/compagnie\\\/\"},{\"@type\":\"ListItem\",\"position\":3,\"name\":\"fhSaar Flug-Hafen-Saarland\"}]},{\"@type\":\"WebSite\",\"@id\":\"https:\\\/\\\/www.strukturholding.de\\\/#website\",\"url\":\"https:\\\/\\\/www.strukturholding.de\\\/\",\"name\":\"SHS | Strukturholding Saar\",\"description\":\"\",\"potentialAction\":[{\"@type\":\"SearchAction\",\"target\":{\"@type\":\"EntryPoint\",\"urlTemplate\":\"https:\\\/\\\/www.strukturholding.de\\\/?s={search_term_string}\"},\"query-input\":{\"@type\":\"PropertyValueSpecification\",\"valueRequired\":true,\"valueName\":\"search_term_string\"}}],\"inLanguage\":\"fr-FR\"}]}<\/script>\n<!-- \/ Yoast SEO plugin. -->","yoast_head_json":{"title":"fhSaar Flug-Hafen-Saarland - SHS | Strukturholding Saar","robots":{"index":"index","follow":"follow","max-snippet":"max-snippet:-1","max-image-preview":"max-image-preview:large","max-video-preview":"max-video-preview:-1"},"canonical":"https:\/\/www.strukturholding.de\/fr\/compagnie\/fhsaar-flug-hafen-saar\/","og_locale":"fr_FR","og_type":"article","og_title":"fhSaar Flug-Hafen-Saarland - SHS | Strukturholding Saar","og_description":"fhSaar La fhSaar Flug-Hafen-Saarland GmbH g\u00e8re au sein de la Strukturholding Saar le port sarrois","og_url":"https:\/\/www.strukturholding.de\/fr\/compagnie\/fhsaar-flug-hafen-saar\/","og_site_name":"SHS | Strukturholding Saar","article_modified_time":"2025-02-11T09:28:59+00:00","og_image":[{"width":1200,"height":630,"url":"https:\/\/www.strukturholding.de\/wp-content\/uploads\/2016\/10\/og_image_strukturholding.jpg","type":"image\/jpeg"}],"twitter_misc":{"Dur\u00e9e de lecture estim\u00e9e":"1 minute"},"schema":{"@context":"https:\/\/schema.org","@graph":[{"@type":"WebPage","@id":"https:\/\/www.strukturholding.de\/fr\/compagnie\/fhsaar-flug-hafen-saar\/","url":"https:\/\/www.strukturholding.de\/fr\/compagnie\/fhsaar-flug-hafen-saar\/","name":"fhSaar Flug-Hafen-Saarland - SHS | Strukturholding Saar","isPartOf":{"@id":"https:\/\/www.strukturholding.de\/#website"},"datePublished":"2015-10-20T07:22:22+00:00","dateModified":"2025-02-11T09:28:59+00:00","breadcrumb":{"@id":"https:\/\/www.strukturholding.de\/fr\/compagnie\/fhsaar-flug-hafen-saar\/#breadcrumb"},"inLanguage":"fr-FR","potentialAction":[{"@type":"ReadAction","target":["https:\/\/www.strukturholding.de\/fr\/compagnie\/fhsaar-flug-hafen-saar\/"]}]},{"@type":"BreadcrumbList","@id":"https:\/\/www.strukturholding.de\/fr\/compagnie\/fhsaar-flug-hafen-saar\/#breadcrumb","itemListElement":[{"@type":"ListItem","position":1,"name":"Startseite","item":"https:\/\/www.strukturholding.de\/fr\/"},{"@type":"ListItem","position":2,"name":"Compagnie","item":"https:\/\/www.strukturholding.de\/fr\/compagnie\/"},{"@type":"ListItem","position":3,"name":"fhSaar Flug-Hafen-Saarland"}]},{"@type":"WebSite","@id":"https:\/\/www.strukturholding.de\/#website","url":"https:\/\/www.strukturholding.de\/","name":"SHS | Strukturholding Saar","description":"","potentialAction":[{"@type":"SearchAction","target":{"@type":"EntryPoint","urlTemplate":"https:\/\/www.strukturholding.de\/?s={search_term_string}"},"query-input":{"@type":"PropertyValueSpecification","valueRequired":true,"valueName":"search_term_string"}}],"inLanguage":"fr-FR"}]}},"_links":{"self":[{"href":"https:\/\/www.strukturholding.de\/fr\/wp-json\/wp\/v2\/pages\/6402","targetHints":{"allow":["GET"]}}],"collection":[{"href":"https:\/\/www.strukturholding.de\/fr\/wp-json\/wp\/v2\/pages"}],"about":[{"href":"https:\/\/www.strukturholding.de\/fr\/wp-json\/wp\/v2\/types\/page"}],"author":[{"embeddable":true,"href":"https:\/\/www.strukturholding.de\/fr\/wp-json\/wp\/v2\/users\/2"}],"replies":[{"embeddable":true,"href":"https:\/\/www.strukturholding.de\/fr\/wp-json\/wp\/v2\/comments?post=6402"}],"version-history":[{"count":3,"href":"https:\/\/www.strukturholding.de\/fr\/wp-json\/wp\/v2\/pages\/6402\/revisions"}],"predecessor-version":[{"id":25569,"href":"https:\/\/www.strukturholding.de\/fr\/wp-json\/wp\/v2\/pages\/6402\/revisions\/25569"}],"up":[{"embeddable":true,"href":"https:\/\/www.strukturholding.de\/fr\/wp-json\/wp\/v2\/pages\/6652"}],"wp:attachment":[{"href":"https:\/\/www.strukturholding.de\/fr\/wp-json\/wp\/v2\/media?parent=6402"}],"curies":[{"name":"wp","href":"https:\/\/api.w.org\/{rel}","templated":true}]}}