{"id":6326,"date":"2016-08-23T13:25:49","date_gmt":"2016-08-23T11:25:49","guid":{"rendered":"https:\/\/www.strukturholding.de\/en\/?page_id=6326"},"modified":"2025-02-10T10:40:33","modified_gmt":"2025-02-10T09:40:33","slug":"leg-saar-landesentwicklungsgesellschaft-saarland","status":"publish","type":"page","link":"https:\/\/www.strukturholding.de\/fr\/compagnie\/leg-saar-landesentwicklungsgesellschaft-saarland\/","title":{"rendered":"LEG Saar Landesentwicklungsgesellschaft Saarland"},"content":{"rendered":"<h1>LEG Saar Landesentwicklungsgesellschaft Saarland mbH<\/h1>\n<p>La Soci\u00e9t\u00e9 pour le d\u00e9veloppement de la Sarre, la LEG, est l&rsquo;interlocuteur comp\u00e9tent des communes, des institutions et des autres pouvoirs publics dans le domaine de l&rsquo;immobilier.<\/p>\n<p>La soci\u00e9t\u00e9 s&rsquo;occupe aujourd&rsquo;hui de la viabilisation, de la promotion des infrastructures et des sites, du pilotage de projets pour les mesures de construction sp\u00e9ciales, de la r\u00e9novation urbaine et rurale et de la protection de l&rsquo;environnement. A cet \u00e9gard, elle s&rsquo;appuie non seulement sur une longue exp\u00e9rience en mati\u00e8re de d\u00e9veloppement de projets mais met en \u0153uvre \u00e9galement des m\u00e9thodes contemporaines de gestion d&rsquo;immobilier et de pilotage de projets.<\/p>\n<p>Elle fournit tous les services de planification et de construction selon un concept de guichet unique\u00a0: du plan d&rsquo;occupation \u00e0 la r\u00e9alisation de constructions cl\u00e9s en main et \u00e0 la commercialisation du projet en passant par l&rsquo;acquisition de terrains, la planification de la construction et les travaux de viabilisation.<\/p>\n","protected":false},"excerpt":{"rendered":"<p>LEG Saar Landesentwicklungsgesellschaft Saarland mbH La Soci\u00e9t\u00e9 pour le d\u00e9veloppement de la Sarre, la LEG,<\/p>\n","protected":false},"author":2,"featured_media":0,"parent":6652,"menu_order":3,"comment_status":"open","ping_status":"open","template":"","meta":{"_acf_changed":false,"footnotes":""},"class_list":["post-6326","page","type-page","status-publish","hentry"],"acf":[],"yoast_head":"<!-- This site is optimized with the Yoast SEO plugin v27.5 - https:\/\/yoast.com\/product\/yoast-seo-wordpress\/ -->\n<title>LEG Saar Landesentwicklungsgesellschaft Saarland - SHS | Strukturholding Saar<\/title>\n<meta name=\"robots\" content=\"index, follow, max-snippet:-1, max-image-preview:large, max-video-preview:-1\" \/>\n<link rel=\"canonical\" href=\"https:\/\/www.strukturholding.de\/fr\/compagnie\/leg-saar-landesentwicklungsgesellschaft-saarland\/\" \/>\n<meta property=\"og:locale\" content=\"fr_FR\" \/>\n<meta property=\"og:type\" content=\"article\" \/>\n<meta property=\"og:title\" content=\"LEG Saar Landesentwicklungsgesellschaft Saarland - SHS | Strukturholding Saar\" \/>\n<meta property=\"og:description\" content=\"LEG Saar Landesentwicklungsgesellschaft Saarland mbH La Soci\u00e9t\u00e9 pour le d\u00e9veloppement de la Sarre, la LEG,\" \/>\n<meta property=\"og:url\" content=\"https:\/\/www.strukturholding.de\/fr\/compagnie\/leg-saar-landesentwicklungsgesellschaft-saarland\/\" \/>\n<meta property=\"og:site_name\" content=\"SHS | Strukturholding Saar\" \/>\n<meta property=\"article:modified_time\" content=\"2025-02-10T09:40:33+00:00\" \/>\n<meta property=\"og:image\" content=\"https:\/\/www.strukturholding.de\/wp-content\/uploads\/2016\/10\/og_image_strukturholding.jpg\" \/>\n\t<meta property=\"og:image:width\" content=\"1200\" \/>\n\t<meta property=\"og:image:height\" content=\"630\" \/>\n\t<meta property=\"og:image:type\" content=\"image\/jpeg\" \/>\n<meta name=\"twitter:label1\" content=\"Dur\u00e9e de lecture estim\u00e9e\" \/>\n\t<meta name=\"twitter:data1\" content=\"1 minute\" \/>\n<script type=\"application\/ld+json\" class=\"yoast-schema-graph\">{\"@context\":\"https:\\\/\\\/schema.org\",\"@graph\":[{\"@type\":\"WebPage\",\"@id\":\"https:\\\/\\\/www.strukturholding.de\\\/fr\\\/compagnie\\\/leg-saar-landesentwicklungsgesellschaft-saarland\\\/\",\"url\":\"https:\\\/\\\/www.strukturholding.de\\\/fr\\\/compagnie\\\/leg-saar-landesentwicklungsgesellschaft-saarland\\\/\",\"name\":\"LEG Saar Landesentwicklungsgesellschaft Saarland - SHS | Strukturholding Saar\",\"isPartOf\":{\"@id\":\"https:\\\/\\\/www.strukturholding.de\\\/#website\"},\"datePublished\":\"2016-08-23T11:25:49+00:00\",\"dateModified\":\"2025-02-10T09:40:33+00:00\",\"breadcrumb\":{\"@id\":\"https:\\\/\\\/www.strukturholding.de\\\/fr\\\/compagnie\\\/leg-saar-landesentwicklungsgesellschaft-saarland\\\/#breadcrumb\"},\"inLanguage\":\"fr-FR\",\"potentialAction\":[{\"@type\":\"ReadAction\",\"target\":[\"https:\\\/\\\/www.strukturholding.de\\\/fr\\\/compagnie\\\/leg-saar-landesentwicklungsgesellschaft-saarland\\\/\"]}]},{\"@type\":\"BreadcrumbList\",\"@id\":\"https:\\\/\\\/www.strukturholding.de\\\/fr\\\/compagnie\\\/leg-saar-landesentwicklungsgesellschaft-saarland\\\/#breadcrumb\",\"itemListElement\":[{\"@type\":\"ListItem\",\"position\":1,\"name\":\"Startseite\",\"item\":\"https:\\\/\\\/www.strukturholding.de\\\/fr\\\/\"},{\"@type\":\"ListItem\",\"position\":2,\"name\":\"Compagnie\",\"item\":\"https:\\\/\\\/www.strukturholding.de\\\/fr\\\/compagnie\\\/\"},{\"@type\":\"ListItem\",\"position\":3,\"name\":\"LEG Saar Landesentwicklungsgesellschaft Saarland\"}]},{\"@type\":\"WebSite\",\"@id\":\"https:\\\/\\\/www.strukturholding.de\\\/#website\",\"url\":\"https:\\\/\\\/www.strukturholding.de\\\/\",\"name\":\"SHS | Strukturholding Saar\",\"description\":\"\",\"potentialAction\":[{\"@type\":\"SearchAction\",\"target\":{\"@type\":\"EntryPoint\",\"urlTemplate\":\"https:\\\/\\\/www.strukturholding.de\\\/?s={search_term_string}\"},\"query-input\":{\"@type\":\"PropertyValueSpecification\",\"valueRequired\":true,\"valueName\":\"search_term_string\"}}],\"inLanguage\":\"fr-FR\"}]}<\/script>\n<!-- \/ Yoast SEO plugin. -->","yoast_head_json":{"title":"LEG Saar Landesentwicklungsgesellschaft Saarland - SHS | Strukturholding Saar","robots":{"index":"index","follow":"follow","max-snippet":"max-snippet:-1","max-image-preview":"max-image-preview:large","max-video-preview":"max-video-preview:-1"},"canonical":"https:\/\/www.strukturholding.de\/fr\/compagnie\/leg-saar-landesentwicklungsgesellschaft-saarland\/","og_locale":"fr_FR","og_type":"article","og_title":"LEG Saar Landesentwicklungsgesellschaft Saarland - SHS | Strukturholding Saar","og_description":"LEG Saar Landesentwicklungsgesellschaft Saarland mbH La Soci\u00e9t\u00e9 pour le d\u00e9veloppement de la Sarre, la LEG,","og_url":"https:\/\/www.strukturholding.de\/fr\/compagnie\/leg-saar-landesentwicklungsgesellschaft-saarland\/","og_site_name":"SHS | Strukturholding Saar","article_modified_time":"2025-02-10T09:40:33+00:00","og_image":[{"width":1200,"height":630,"url":"https:\/\/www.strukturholding.de\/wp-content\/uploads\/2016\/10\/og_image_strukturholding.jpg","type":"image\/jpeg"}],"twitter_misc":{"Dur\u00e9e de lecture estim\u00e9e":"1 minute"},"schema":{"@context":"https:\/\/schema.org","@graph":[{"@type":"WebPage","@id":"https:\/\/www.strukturholding.de\/fr\/compagnie\/leg-saar-landesentwicklungsgesellschaft-saarland\/","url":"https:\/\/www.strukturholding.de\/fr\/compagnie\/leg-saar-landesentwicklungsgesellschaft-saarland\/","name":"LEG Saar Landesentwicklungsgesellschaft Saarland - SHS | Strukturholding Saar","isPartOf":{"@id":"https:\/\/www.strukturholding.de\/#website"},"datePublished":"2016-08-23T11:25:49+00:00","dateModified":"2025-02-10T09:40:33+00:00","breadcrumb":{"@id":"https:\/\/www.strukturholding.de\/fr\/compagnie\/leg-saar-landesentwicklungsgesellschaft-saarland\/#breadcrumb"},"inLanguage":"fr-FR","potentialAction":[{"@type":"ReadAction","target":["https:\/\/www.strukturholding.de\/fr\/compagnie\/leg-saar-landesentwicklungsgesellschaft-saarland\/"]}]},{"@type":"BreadcrumbList","@id":"https:\/\/www.strukturholding.de\/fr\/compagnie\/leg-saar-landesentwicklungsgesellschaft-saarland\/#breadcrumb","itemListElement":[{"@type":"ListItem","position":1,"name":"Startseite","item":"https:\/\/www.strukturholding.de\/fr\/"},{"@type":"ListItem","position":2,"name":"Compagnie","item":"https:\/\/www.strukturholding.de\/fr\/compagnie\/"},{"@type":"ListItem","position":3,"name":"LEG Saar Landesentwicklungsgesellschaft Saarland"}]},{"@type":"WebSite","@id":"https:\/\/www.strukturholding.de\/#website","url":"https:\/\/www.strukturholding.de\/","name":"SHS | Strukturholding Saar","description":"","potentialAction":[{"@type":"SearchAction","target":{"@type":"EntryPoint","urlTemplate":"https:\/\/www.strukturholding.de\/?s={search_term_string}"},"query-input":{"@type":"PropertyValueSpecification","valueRequired":true,"valueName":"search_term_string"}}],"inLanguage":"fr-FR"}]}},"_links":{"self":[{"href":"https:\/\/www.strukturholding.de\/fr\/wp-json\/wp\/v2\/pages\/6326","targetHints":{"allow":["GET"]}}],"collection":[{"href":"https:\/\/www.strukturholding.de\/fr\/wp-json\/wp\/v2\/pages"}],"about":[{"href":"https:\/\/www.strukturholding.de\/fr\/wp-json\/wp\/v2\/types\/page"}],"author":[{"embeddable":true,"href":"https:\/\/www.strukturholding.de\/fr\/wp-json\/wp\/v2\/users\/2"}],"replies":[{"embeddable":true,"href":"https:\/\/www.strukturholding.de\/fr\/wp-json\/wp\/v2\/comments?post=6326"}],"version-history":[{"count":2,"href":"https:\/\/www.strukturholding.de\/fr\/wp-json\/wp\/v2\/pages\/6326\/revisions"}],"predecessor-version":[{"id":25514,"href":"https:\/\/www.strukturholding.de\/fr\/wp-json\/wp\/v2\/pages\/6326\/revisions\/25514"}],"up":[{"embeddable":true,"href":"https:\/\/www.strukturholding.de\/fr\/wp-json\/wp\/v2\/pages\/6652"}],"wp:attachment":[{"href":"https:\/\/www.strukturholding.de\/fr\/wp-json\/wp\/v2\/media?parent=6326"}],"curies":[{"name":"wp","href":"https:\/\/api.w.org\/{rel}","templated":true}]}}