{"id":26552,"date":"2025-09-10T18:52:47","date_gmt":"2025-09-10T16:52:47","guid":{"rendered":"https:\/\/www.strukturholding.de\/?page_id=26552"},"modified":"2025-09-10T18:52:47","modified_gmt":"2025-09-10T16:52:47","slug":"declaration-relative-a-laccessibilite","status":"publish","type":"page","link":"https:\/\/www.strukturholding.de\/fr\/declaration-relative-a-laccessibilite\/","title":{"rendered":"D\u00e9claration relative \u00e0 l\u2019accessibilit\u00e9"},"content":{"rendered":"<h1>D\u00e9claration relative \u00e0 l\u2019accessibilit\u00e9<\/h1>\n<p>La SHS &#8211; Strukturholding Saar GmbH &#8211; s\u2019efforce de rendre son site web<a href=\"https:\/\/www.strukturholding.de\/fr\/\"> https:\/\/www.strukturholding.de<\/a> accessible conform\u00e9ment \u00e0 la norme europ\u00e9enne EN 301 549 ainsi qu\u2019aux prescriptions du \u00a7 12 n\u00b02 de la loi allemande sur l\u2019autod\u00e9termination en mati\u00e8re d\u2019inscription du sexe (Selbstbestimmung in Bezug auf den Geschlechtseintrag &#8211; SBGG) en liaison avec l\u2019ordonnance sur les technologies de l\u2019information sans barri\u00e8res (Barrierefreie-Informationstechnik-Verordnung &#8211; BITV 2.0).<\/p>\n<p><strong>Description de la prestation<\/strong><\/p>\n<p>La SHS &#8211; Strukturholding Saar GmbH &#8211; exploite le site web <a href=\"https:\/\/www.strukturholding.de\/fr\/\">https:\/\/www.strukturholding.de<\/a>.<\/p>\n<p>La SHS y donne des informations concernant ses activit\u00e9s et le travail d\u2019entreprises connect\u00e9es \u00e0 la SHS, et elle permet aux personnes qui consultent cette page d\u2019entrer en contact avec elle, par ex. via un formulaire de contact.<\/p>\n<p>La SHS est une soci\u00e9t\u00e9 allemande \u00e0 responsabilit\u00e9 limit\u00e9e appartenant \u00e0 la Sarre et qui a pour mission d\u2019aider le d\u00e9veloppement de l\u2019\u00e9conomie en Sarre. La Sarre doit devenir forte pour faire face \u00e0 l\u2019avenir.<\/p>\n<p>Dans cet objectif, la SHS s\u2019associe \u00e0 d\u2019autres entreprises et \/ ou leur apporte son soutien. C\u2019est particuli\u00e8rement le cas dans le domaine de la construction de logements et de rues, mais aussi dans le cadre de sujets tels que le d\u00e9veloppement de l\u2019hydrog\u00e8ne, le transport et d\u2019autres projets d\u2019infrastructure communaux ou r\u00e9gionaux.<\/p>\n<h2>\u00c9tat de la compatibilit\u00e9 avec les exigences<\/h2>\n<p>Ce site web r\u00e9pond actuellement en partie aux r\u00e8gles pour l\u2019accessibilit\u00e9 des contenus web (Web Content Accessibility Guidelines &#8211; WCAG) 2.2 A \u2013 AA pr\u00e9vues par la BITV 2.0. Les contenus non accessibles sont \u00e9num\u00e9r\u00e9s ci-dessous. Nous travaillons sans rel\u00e2che \u00e0 am\u00e9liorer l\u2019accessibilit\u00e9 de notre offre num\u00e9rique.<\/p>\n<h2>Contenus non accessibles<\/h2>\n<ul>\n<li>Les contenus \/ fonctions ci-dessous ne sont actuellement pas enti\u00e8rement accessibles :<\/li>\n<li>Les images n\u2019ont pour certaines pas de textes alternatifs (qu\u2019un lecteur pourrait lire \u00e0 haute voix)<\/li>\n<li>La vid\u00e9o a certes des sous-titres, mais pas de description audio<\/li>\n<li>Les relations entre les divers contenus ne sont pas toujours clairement structur\u00e9es, ce qui rend la commande par clavier plus difficile \u00e0 certains endroits. Cela peut \u00e9galement avoir des r\u00e9percussions sur la compr\u00e9hensibilit\u00e9 du contenu \/ sur les rapports entre les contenus.<\/li>\n<li>Les descriptions des boutons ne sont parfois pas encore assez claires.<\/li>\n<li>Certains liens \/ boutons ne sont pas encore assez bien visibles (au niveau de la couleur).<\/li>\n<li>\u00c0 quelques endroits, le contraste entre l\u2019\u00e9criture et le fond n\u2019est pas assez prononc\u00e9.<\/li>\n<li>Lors de zooms \u00e0 400 %, les \u00e9l\u00e9ments ne sont pas correctement repr\u00e9sent\u00e9s (reflow).<\/li>\n<li>La modification de la taille de textes pourrait en partie \u00eatre entrav\u00e9e par un espace trop restreint entre les mots.<\/li>\n<li>Certains \u00e9l\u00e9ments ne peuvent pas \u00eatre atteints \u00e0 l\u2019aide du clavier.<\/li>\n<li>Les d\u00e9filements d\u2019images ne peuvent actuellement pas \u00eatre simplement arr\u00eat\u00e9s. Ce qui peut entraver la perception de leur contenu.<\/li>\n<li>La navigation par clavier \/ par lecteur d\u2019\u00e9cran n\u2019est possible que de fa\u00e7on limit\u00e9e. Il n\u2019est pas toujours possible de sauter des \u00e9l\u00e9ments simplement d\u00e9coratifs. Naviguer vers des contenus pertinents n\u2019est pas toujours possible.<\/li>\n<li>Il n\u2019est pas toujours possible de reconna\u00eetre l\u2019ordre de focalisation \/ sur quel contenu on se concentre.<\/li>\n<li>Les titres des pages ne sont pas toujours reconnus par le lecteur d\u2019\u00e9cran.<\/li>\n<li>Les titres des pages ne sont pas toujours assez bien mis en valeur ou pas assez parlants.<\/li>\n<li>Pas toujours assez de protection contre les erreurs de saisie (par ex. avant l\u2019envoi de formulaires).<\/li>\n<li>Les liens \/ boutons sont parfois trop petits, il peut donc s\u2019av\u00e9rer difficile de les viser pour cliquer dessus.<\/li>\n<li>Quelques changements brutaux de contexte sans pr\u00e9avis, notamment lors du changement de la langue, la page est directement recharg\u00e9e sans nouvelle demande.<\/li>\n<li>Les inscriptions et les messages d\u2019erreur dans le formulaire de contact ne sont pas tous assez clairs.<\/li>\n<li>La prononciation du lecteur d\u2019\u00e9cran lorsqu\u2019il lit des parties en langue \u00e9trang\u00e8re peut ne pas \u00eatre correcte (par ex. texte anglais lu avec une prononciation allemande).<\/li>\n<li>Les contenus ne sont pas tous disponibles en langage simple.<\/li>\n<li>Les fichiers PDF contenus ne sont actuellement pas encore accessibles \u00e0 tous (pour contourner ce probl\u00e8me : sur demande, nous vous enverrons des versions accessibles \u2013 pour cela, veuillez envoyer un e mail \u00e0 l\u2019adresse <a href=\"mailto:barrierefreiheit@strukturholding.de\">barrierefreiheit@strukturholding.de<\/a>)<\/li>\n<\/ul>\n<h2>Mesures pr\u00e9vues :<\/h2>\n<p>Nous retravaillons actuellement de fa\u00e7on active notre page web. Ce qui est pr\u00e9vu, c\u2019est de retravailler encore en 2025 les contenus et fonctions mentionn\u00e9s qui sont actuellement encore non accessibles afin qu\u2019au moins tous les contenus essentiels soient enti\u00e8rement accessibles.<\/p>\n<h2>\u00c9laboration de cette d\u00e9claration<\/h2>\n<p>Cette d\u00e9claration a \u00e9t\u00e9 \u00e9labor\u00e9e le 04\/07\/2025, sa derni\u00e8re date de r\u00e9vision est le 04.07.2025. L\u2019\u00e9valuation qu\u2019elle contient se fonde sur une auto\u00e9valuation interne des contenus.<\/p>\n<h2>Contact et retours<\/h2>\n<p>Vous avez constat\u00e9 des barri\u00e8res sur notre site web ou bien vous souhaitez obtenir des informations concernant l\u2019accessibilit\u00e9 num\u00e9rique ? Alors n\u2019h\u00e9sitez pas \u00e0 nous contacter aux coordonn\u00e9es suivantes :<\/p>\n<p>SHS<br \/>\nStrukturholding Saar GmbH<br \/>\nAbteilung \u00d6ffentlichkeitsarbeit<br \/>\nBalthasar-Goldstein-Stra\u00dfe 31<br \/>\nD-66131 Saarbr\u00fccken<br \/>\nE-mail : <a href=\"mailto:barrierefreiheit@strukturholding.de\">barrierefreiheit@strukturholding.de<\/a><br \/>\nT\u00e9l\u00e9phone : +49 6893\/9899 600<\/p>\n<h2>Proc\u00e9dure de mise en application (en ce qui concerne l\u2019accessibilit\u00e9 selon \u00a7 12 n\u00b02 SBGG en liaison avec BITV 2.0)<\/h2>\n<p>Si vous deviez ne pas obtenir de r\u00e9ponse satisfaisante concernant l\u2019accessibilit\u00e9, il vous est possible de vous adresser \u00e0 l\u2019organisme sarrois charg\u00e9 du contr\u00f4le de l\u2019application :<\/p>\n<p>Ministerium f\u00fcr Arbeit, Soziales, Frauen und Gesundheit \u2013 Durchsetzungsstelle f\u00fcr digitale Barrierefreiheit<br \/>\nFranz-Josef-R\u00f6der-Stra\u00dfe 23<br \/>\nD-66119 Saarbr\u00fccken<br \/>\nE-mail : barrierefreiheit@soziales.saarland.de<br \/>\nInternet : <a href=\"https:\/\/www.saarland.de\/masfg\/DE\/portale\/sozialesleben\/leistungensoziales\/landesfachstelle_barrierefreiheit\" target=\"_blank\" rel=\"noopener\">https:\/\/www.saarland.de\/masfg\/DE\/portale\/sozialesleben\/leistungensoziales\/landesfachstelle_barrierefreiheit<\/a><\/p>\n","protected":false},"excerpt":{"rendered":"<p>D\u00e9claration relative \u00e0 l\u2019accessibilit\u00e9 La SHS &#8211; Strukturholding Saar GmbH &#8211; s\u2019efforce de rendre son<\/p>\n","protected":false},"author":2,"featured_media":0,"parent":0,"menu_order":0,"comment_status":"closed","ping_status":"closed","template":"","meta":{"_acf_changed":false,"footnotes":""},"class_list":["post-26552","page","type-page","status-publish","hentry"],"acf":[],"yoast_head":"<!-- This site is optimized with the Yoast SEO plugin v27.4 - https:\/\/yoast.com\/product\/yoast-seo-wordpress\/ -->\n<title>D\u00e9claration relative \u00e0 l\u2019accessibilit\u00e9 - SHS | Strukturholding Saar<\/title>\n<meta name=\"robots\" content=\"index, follow, max-snippet:-1, max-image-preview:large, max-video-preview:-1\" \/>\n<link rel=\"canonical\" href=\"https:\/\/www.strukturholding.de\/fr\/declaration-relative-a-laccessibilite\/\" \/>\n<meta property=\"og:locale\" content=\"fr_FR\" \/>\n<meta property=\"og:type\" content=\"article\" \/>\n<meta property=\"og:title\" content=\"D\u00e9claration relative \u00e0 l\u2019accessibilit\u00e9 - SHS | Strukturholding Saar\" \/>\n<meta property=\"og:description\" content=\"D\u00e9claration relative \u00e0 l\u2019accessibilit\u00e9 La SHS &#8211; Strukturholding Saar GmbH &#8211; s\u2019efforce de rendre son\" \/>\n<meta property=\"og:url\" content=\"https:\/\/www.strukturholding.de\/fr\/declaration-relative-a-laccessibilite\/\" \/>\n<meta property=\"og:site_name\" content=\"SHS | Strukturholding Saar\" \/>\n<meta property=\"og:image\" content=\"https:\/\/www.strukturholding.de\/wp-content\/uploads\/2016\/10\/og_image_strukturholding.jpg\" \/>\n\t<meta property=\"og:image:width\" content=\"1200\" \/>\n\t<meta property=\"og:image:height\" content=\"630\" \/>\n\t<meta property=\"og:image:type\" content=\"image\/jpeg\" \/>\n<meta name=\"twitter:label1\" content=\"Dur\u00e9e de lecture estim\u00e9e\" \/>\n\t<meta name=\"twitter:data1\" content=\"5 minutes\" \/>\n<script type=\"application\/ld+json\" class=\"yoast-schema-graph\">{\"@context\":\"https:\\\/\\\/schema.org\",\"@graph\":[{\"@type\":\"WebPage\",\"@id\":\"https:\\\/\\\/www.strukturholding.de\\\/fr\\\/declaration-relative-a-laccessibilite\\\/\",\"url\":\"https:\\\/\\\/www.strukturholding.de\\\/fr\\\/declaration-relative-a-laccessibilite\\\/\",\"name\":\"D\u00e9claration relative \u00e0 l\u2019accessibilit\u00e9 - SHS | Strukturholding Saar\",\"isPartOf\":{\"@id\":\"https:\\\/\\\/www.strukturholding.de\\\/#website\"},\"datePublished\":\"2025-09-10T16:52:47+00:00\",\"breadcrumb\":{\"@id\":\"https:\\\/\\\/www.strukturholding.de\\\/fr\\\/declaration-relative-a-laccessibilite\\\/#breadcrumb\"},\"inLanguage\":\"fr-FR\",\"potentialAction\":[{\"@type\":\"ReadAction\",\"target\":[\"https:\\\/\\\/www.strukturholding.de\\\/fr\\\/declaration-relative-a-laccessibilite\\\/\"]}]},{\"@type\":\"BreadcrumbList\",\"@id\":\"https:\\\/\\\/www.strukturholding.de\\\/fr\\\/declaration-relative-a-laccessibilite\\\/#breadcrumb\",\"itemListElement\":[{\"@type\":\"ListItem\",\"position\":1,\"name\":\"Startseite\",\"item\":\"https:\\\/\\\/www.strukturholding.de\\\/fr\\\/\"},{\"@type\":\"ListItem\",\"position\":2,\"name\":\"D\u00e9claration relative \u00e0 l\u2019accessibilit\u00e9\"}]},{\"@type\":\"WebSite\",\"@id\":\"https:\\\/\\\/www.strukturholding.de\\\/#website\",\"url\":\"https:\\\/\\\/www.strukturholding.de\\\/\",\"name\":\"SHS | Strukturholding Saar\",\"description\":\"\",\"potentialAction\":[{\"@type\":\"SearchAction\",\"target\":{\"@type\":\"EntryPoint\",\"urlTemplate\":\"https:\\\/\\\/www.strukturholding.de\\\/?s={search_term_string}\"},\"query-input\":{\"@type\":\"PropertyValueSpecification\",\"valueRequired\":true,\"valueName\":\"search_term_string\"}}],\"inLanguage\":\"fr-FR\"}]}<\/script>\n<!-- \/ Yoast SEO plugin. -->","yoast_head_json":{"title":"D\u00e9claration relative \u00e0 l\u2019accessibilit\u00e9 - SHS | Strukturholding Saar","robots":{"index":"index","follow":"follow","max-snippet":"max-snippet:-1","max-image-preview":"max-image-preview:large","max-video-preview":"max-video-preview:-1"},"canonical":"https:\/\/www.strukturholding.de\/fr\/declaration-relative-a-laccessibilite\/","og_locale":"fr_FR","og_type":"article","og_title":"D\u00e9claration relative \u00e0 l\u2019accessibilit\u00e9 - SHS | Strukturholding Saar","og_description":"D\u00e9claration relative \u00e0 l\u2019accessibilit\u00e9 La SHS &#8211; Strukturholding Saar GmbH &#8211; s\u2019efforce de rendre son","og_url":"https:\/\/www.strukturholding.de\/fr\/declaration-relative-a-laccessibilite\/","og_site_name":"SHS | Strukturholding Saar","og_image":[{"width":1200,"height":630,"url":"https:\/\/www.strukturholding.de\/wp-content\/uploads\/2016\/10\/og_image_strukturholding.jpg","type":"image\/jpeg"}],"twitter_misc":{"Dur\u00e9e de lecture estim\u00e9e":"5 minutes"},"schema":{"@context":"https:\/\/schema.org","@graph":[{"@type":"WebPage","@id":"https:\/\/www.strukturholding.de\/fr\/declaration-relative-a-laccessibilite\/","url":"https:\/\/www.strukturholding.de\/fr\/declaration-relative-a-laccessibilite\/","name":"D\u00e9claration relative \u00e0 l\u2019accessibilit\u00e9 - SHS | Strukturholding Saar","isPartOf":{"@id":"https:\/\/www.strukturholding.de\/#website"},"datePublished":"2025-09-10T16:52:47+00:00","breadcrumb":{"@id":"https:\/\/www.strukturholding.de\/fr\/declaration-relative-a-laccessibilite\/#breadcrumb"},"inLanguage":"fr-FR","potentialAction":[{"@type":"ReadAction","target":["https:\/\/www.strukturholding.de\/fr\/declaration-relative-a-laccessibilite\/"]}]},{"@type":"BreadcrumbList","@id":"https:\/\/www.strukturholding.de\/fr\/declaration-relative-a-laccessibilite\/#breadcrumb","itemListElement":[{"@type":"ListItem","position":1,"name":"Startseite","item":"https:\/\/www.strukturholding.de\/fr\/"},{"@type":"ListItem","position":2,"name":"D\u00e9claration relative \u00e0 l\u2019accessibilit\u00e9"}]},{"@type":"WebSite","@id":"https:\/\/www.strukturholding.de\/#website","url":"https:\/\/www.strukturholding.de\/","name":"SHS | Strukturholding Saar","description":"","potentialAction":[{"@type":"SearchAction","target":{"@type":"EntryPoint","urlTemplate":"https:\/\/www.strukturholding.de\/?s={search_term_string}"},"query-input":{"@type":"PropertyValueSpecification","valueRequired":true,"valueName":"search_term_string"}}],"inLanguage":"fr-FR"}]}},"_links":{"self":[{"href":"https:\/\/www.strukturholding.de\/fr\/wp-json\/wp\/v2\/pages\/26552","targetHints":{"allow":["GET"]}}],"collection":[{"href":"https:\/\/www.strukturholding.de\/fr\/wp-json\/wp\/v2\/pages"}],"about":[{"href":"https:\/\/www.strukturholding.de\/fr\/wp-json\/wp\/v2\/types\/page"}],"author":[{"embeddable":true,"href":"https:\/\/www.strukturholding.de\/fr\/wp-json\/wp\/v2\/users\/2"}],"replies":[{"embeddable":true,"href":"https:\/\/www.strukturholding.de\/fr\/wp-json\/wp\/v2\/comments?post=26552"}],"version-history":[{"count":1,"href":"https:\/\/www.strukturholding.de\/fr\/wp-json\/wp\/v2\/pages\/26552\/revisions"}],"predecessor-version":[{"id":26553,"href":"https:\/\/www.strukturholding.de\/fr\/wp-json\/wp\/v2\/pages\/26552\/revisions\/26553"}],"wp:attachment":[{"href":"https:\/\/www.strukturholding.de\/fr\/wp-json\/wp\/v2\/media?parent=26552"}],"curies":[{"name":"wp","href":"https:\/\/api.w.org\/{rel}","templated":true}]}}